{"id":14138,"date":"2026-02-06T14:30:56","date_gmt":"2026-02-06T13:30:56","guid":{"rendered":"https:\/\/motorrad-erinnerungen.de\/shop\/produkt\/oldtimer-praxis-10-2015-triumph-tr2-harley-duo-glide-puch-250\/"},"modified":"2026-02-06T15:36:18","modified_gmt":"2026-02-06T14:36:18","slug":"oldtimer-praxis-10-2015-triumph-tr2-harley-duo-glide-puch-250","status":"publish","type":"product","link":"https:\/\/motorrad-erinnerungen.de\/shop\/produkt\/oldtimer-praxis-10-2015-triumph-tr2-harley-duo-glide-puch-250\/","title":{"rendered":"Oldtimer Praxis 10\/2015 \u2013 Triumph TR2; Harley Duo-Glide; Puch 250 SGS; Jawa 350"},"content":{"rendered":"<p>Ein St\u00fcck Zeitgeschichte f\u00fcr Fans klassischer Technik: die <strong>Oldtimer Praxis 10\/2015<\/strong>.<\/p>\n<h2>\ud83d\udccc Titelthema dieser Ausgabe<\/h2>\n<ul>\n<li><strong>Triumph TR2<\/strong> \u2013 Der pure Roadster, 9 Jahre Arbeit, gro\u00dfartiges Ergebnis<\/li>\n<\/ul>\n<ul>\n<li><strong>Harley-Davidson FL Duo-Glide<\/strong> \u2013 Erstaunlich original: 25 Jahre mit einer Harley Duo-Glide<\/li>\n<li><strong>Puch 250 SGS<\/strong> \u2013 Mit Doppelkolben: Puchs schnelle 250er<\/li>\n<li><strong>Jawa 350<\/strong>\u00a0\u2013 Seziert: Der 350er Jawa-Twin im Fokus<\/li>\n<\/ul>\n<h2>\ud83d\ude97 Weitere Oldtimer-Themen<\/h2>\n<ul>\n<li><strong>Mercedes-Benz 560 SEL (W126)<\/strong> \u2013 S wird alles gut: Vom Schrauben an der W126-S-Klasse<\/li>\n<li><strong>Volvo P 210<\/strong> \u2013 Hart im Nehmen: Ein Kombi f\u00fcr immer: Volvo Duett<\/li>\n<li><strong>VW Vus T3 Camper<\/strong> \u2013 Der gute Freund: Mit dem VW-T3-Camper unterwegs<\/li>\n<li><strong>Renault R5 GTE<\/strong> \u2013 Der gute Freund: Mit dem VW-T3-Camper unterwegs<\/li>\n<li><strong>Alfa Romero Alfasud<\/strong>\u00a0\u2013 Technik im Detail: der Alfasud-Boxer<\/li>\n<li><strong>Zylinderkopf\u00fcberholung<\/strong> \u2013 Reine Kopfsache: Wenn&#8217;s obenrum klappert und hinten bl\u00e4ut<\/li>\n<li><strong>Holzpflege<\/strong> \u2013 Der Holzweg: Armaturenbrett, Lenkrad &amp; Co.: So wird Holz gepflegt und restauriert<\/li>\n<\/ul>\n<h2>\ud83d\udca1 Tipp<\/h2>\n<ul>\n<li>Eine Oldtimer-Zeitschrift kann auch eine willkommene \u00dcberraschung sein, f\u00fcr Liebhaber klassischer Autos und Motorr\u00e4der \u2013 zum Verschenken von Erinnerungen und Tr\u00e4umen.<\/li>\n<\/ul>\n<h2>\ud83d\udce6 Versand &amp; Service<\/h2>\n<ul>\n<li>Kostenloser Versand in Deutschland, Auslandsversand f\u00fcr eine geringe Pauschale<\/li>\n<li>Erfahrung aus weit \u00fcber 30.000 erfolgreichen Sendungen<\/li>\n<li>Ihre Zeitschrift wird sicher und liebevoll verpackt<\/li>\n<\/ul>\n<h2>\ud83c\udf0d Zustand der Zeitschrift<\/h2>\n<ul>\n<li>Gebraucht, weil gelesen, durchgebl\u00e4ttert, gestapelt, alles original \ud83d\ude09<\/li>\n<\/ul>\n","protected":false},"excerpt":{"rendered":"<p>Hier wird noch selbst geschraubt: Oldtimer Praxis liefert das n\u00f6tige Wissen f\u00fcr die Garage. Von der Wartung bis zur Komplettrestaurierung \u2013 echte Hilfe f\u00fcr alle, die ihre Klassiker auf der Stra\u00dfe halten wollen.<\/p>\n","protected":false},"featured_media":14122,"template":"","meta":{"iawp_total_views":1},"product_brand":[],"product_cat":[10216],"product_tag":[13142,13143,13144,13145,211,13146,11422,11956,13115,13117,13141],"class_list":{"0":"post-14138","1":"product","2":"type-product","3":"status-publish","4":"has-post-thumbnail","6":"product_cat-oldtimer-praxis","7":"product_tag-renault-r5-gte","8":"product_tag-harley-davidson-fl-duo-glide","9":"product_tag-mercedes-benz-560-sel-w126","10":"product_tag-volvo-p-210","11":"product_tag-puch-250-sgs","12":"product_tag-alfa-romero-alfasud","13":"product_tag-zylinderkopf","14":"product_tag-volvo-duett","15":"product_tag-holzrestaurierung","16":"product_tag-triumph-tr2","17":"product_tag-vw-vus-t3-camper","19":"first","20":"instock","21":"shipping-taxable","22":"purchasable","23":"product-type-simple"},"_links":{"self":[{"href":"https:\/\/motorrad-erinnerungen.de\/shop\/wp-json\/wp\/v2\/product\/14138","targetHints":{"allow":["GET"]}}],"collection":[{"href":"https:\/\/motorrad-erinnerungen.de\/shop\/wp-json\/wp\/v2\/product"}],"about":[{"href":"https:\/\/motorrad-erinnerungen.de\/shop\/wp-json\/wp\/v2\/types\/product"}],"wp:featuredmedia":[{"embeddable":true,"href":"https:\/\/motorrad-erinnerungen.de\/shop\/wp-json\/wp\/v2\/media\/14122"}],"wp:attachment":[{"href":"https:\/\/motorrad-erinnerungen.de\/shop\/wp-json\/wp\/v2\/media?parent=14138"}],"wp:term":[{"taxonomy":"product_brand","embeddable":true,"href":"https:\/\/motorrad-erinnerungen.de\/shop\/wp-json\/wp\/v2\/product_brand?post=14138"},{"taxonomy":"product_cat","embeddable":true,"href":"https:\/\/motorrad-erinnerungen.de\/shop\/wp-json\/wp\/v2\/product_cat?post=14138"},{"taxonomy":"product_tag","embeddable":true,"href":"https:\/\/motorrad-erinnerungen.de\/shop\/wp-json\/wp\/v2\/product_tag?post=14138"}],"curies":[{"name":"wp","href":"https:\/\/api.w.org\/{rel}","templated":true}]}}