{"id":14139,"date":"2026-02-06T14:30:56","date_gmt":"2026-02-06T13:30:56","guid":{"rendered":"https:\/\/motorrad-erinnerungen.de\/shop\/produkt\/oldtimer-praxis-11-2015-porsche-914-kreidler-k-51-triumph-thruxton\/"},"modified":"2026-02-06T15:35:22","modified_gmt":"2026-02-06T14:35:22","slug":"oldtimer-praxis-11-2015-porsche-914-kreidler-k-51-triumph-thruxton","status":"publish","type":"product","link":"https:\/\/motorrad-erinnerungen.de\/shop\/produkt\/oldtimer-praxis-11-2015-porsche-914-kreidler-k-51-triumph-thruxton\/","title":{"rendered":"Oldtimer Praxis 11\/2015 \u2013 Porsche 914\/4; Kreidler K 51; Triumph Bonneville Thruxton"},"content":{"rendered":"<p>Ein St\u00fcck Zeitgeschichte f\u00fcr Fans klassischer Technik: die <strong>Oldtimer Praxis 11\/2015<\/strong>.<\/p>\n<h2>\ud83d\udccc Titelthema dieser Ausgabe<\/h2>\n<ul>\n<li><strong>VW-Porsche 914\/4 <\/strong>\u2013 Ein Fall f\u00fcr Fortgeschrittene! Porsche 914<\/li>\n<\/ul>\n<h2>\ud83c\udfcd\ufe0f Motorr\u00e4der &amp; Zweir\u00e4der in dieser Ausgabe<\/h2>\n<ul>\n<li><strong>Kreidler K 51<\/strong> \u2013 Das erste Kleinkraftrad!<\/li>\n<li><strong>Triumph Bonneville Thruxton<\/strong> \u2013 Eines von nur 72 Exemplaren! Triumph \u201eBonnie\u201c Thruxton<\/li>\n<li><strong>Moto Morini Corsaro 125<\/strong> \u2013 Seziert: Moto Morinis Corsaro-Single<\/li>\n<\/ul>\n<h2>\ud83d\ude97 Weitere Oldtimer-Themen<\/h2>\n<ul>\n<li><strong>DeLorean DMC-12<\/strong> \u2013 Und er rostet doch! DeLorean: Zur\u00fcck im Hier und Jetzt<\/li>\n<li><strong>Opel Diplomat V8<\/strong> \u2013 Das Flaggschiff: Was der Spa\u00df am V8-Diplo kostet<\/li>\n<li><strong>Fiat 2300 Berlina<\/strong> \u2013 Gro\u00dfe Klasse! Fiat 2300 \u2013 Luxus aus Turin<\/li>\n<li><strong>Saab 900 II Cabrio<\/strong> \u2013 Frischer Wind: Cabrio-Tipp ab 2000\u20ac<\/li>\n<li><strong>Zylinderk\u00f6pfe optimieren<\/strong> \u2013 Aus der Werkstatt: Wie Profis Zylinderk\u00f6pfe \u00fcberholen und optimieren<\/li>\n<li><strong>Holzarmaturenbrett furnieren<\/strong> \u2013 Auf dem Holzweg: Ein Holzarmaturenbrett neu furnieren? Wir zeigen, wie es geht<\/li>\n<\/ul>\n<h2>\ud83d\udca1 Tipp<\/h2>\n<ul>\n<li>Eine Oldtimer-Zeitschrift kann auch eine willkommene \u00dcberraschung sein, f\u00fcr Liebhaber klassischer Autos und Motorr\u00e4der \u2013 zum Verschenken von Erinnerungen und Tr\u00e4umen.<\/li>\n<\/ul>\n<h2>\ud83d\udce6 Versand &amp; Service<\/h2>\n<ul>\n<li>Kostenloser Versand in Deutschland, Auslandsversand f\u00fcr eine geringe Pauschale<\/li>\n<li>Erfahrung aus weit \u00fcber 30.000 erfolgreichen Sendungen<\/li>\n<li>Ihre Zeitschrift wird sicher und liebevoll verpackt<\/li>\n<\/ul>\n<h2>\ud83c\udf0d Zustand der Zeitschrift<\/h2>\n<ul>\n<li>Gebraucht, weil gelesen, durchgebl\u00e4ttert, gestapelt, alles original \ud83d\ude09<\/li>\n<\/ul>\n","protected":false},"excerpt":{"rendered":"<p>Hier wird noch selbst geschraubt: Oldtimer Praxis liefert das n\u00f6tige Wissen f\u00fcr die Garage. Von der Wartung bis zur Komplettrestaurierung \u2013 echte Hilfe f\u00fcr alle, die ihre Klassiker auf der Stra\u00dfe halten wollen.<\/p>\n","protected":false},"featured_media":14123,"template":"","meta":{"iawp_total_views":0},"product_brand":[],"product_cat":[10216],"product_tag":[11422,11547,12208,13119,13121,13122,13147,13148,13149,100],"class_list":{"0":"post-14139","1":"product","2":"type-product","3":"status-publish","4":"has-post-thumbnail","6":"product_cat-oldtimer-praxis","7":"product_tag-zylinderkopf","8":"product_tag-porsche-914","9":"product_tag-opel-diplomat-v8","10":"product_tag-delorean-dmc-12","11":"product_tag-holzfurnier","12":"product_tag-saab-900-ii","13":"product_tag-moto-morini-corsaro-125","14":"product_tag-triumph-bonneville-thruxton","15":"product_tag-fiat-2300-berlina","16":"product_tag-kreidler-k-51","18":"first","19":"instock","20":"shipping-taxable","21":"purchasable","22":"product-type-simple"},"_links":{"self":[{"href":"https:\/\/motorrad-erinnerungen.de\/shop\/wp-json\/wp\/v2\/product\/14139","targetHints":{"allow":["GET"]}}],"collection":[{"href":"https:\/\/motorrad-erinnerungen.de\/shop\/wp-json\/wp\/v2\/product"}],"about":[{"href":"https:\/\/motorrad-erinnerungen.de\/shop\/wp-json\/wp\/v2\/types\/product"}],"wp:featuredmedia":[{"embeddable":true,"href":"https:\/\/motorrad-erinnerungen.de\/shop\/wp-json\/wp\/v2\/media\/14123"}],"wp:attachment":[{"href":"https:\/\/motorrad-erinnerungen.de\/shop\/wp-json\/wp\/v2\/media?parent=14139"}],"wp:term":[{"taxonomy":"product_brand","embeddable":true,"href":"https:\/\/motorrad-erinnerungen.de\/shop\/wp-json\/wp\/v2\/product_brand?post=14139"},{"taxonomy":"product_cat","embeddable":true,"href":"https:\/\/motorrad-erinnerungen.de\/shop\/wp-json\/wp\/v2\/product_cat?post=14139"},{"taxonomy":"product_tag","embeddable":true,"href":"https:\/\/motorrad-erinnerungen.de\/shop\/wp-json\/wp\/v2\/product_tag?post=14139"}],"curies":[{"name":"wp","href":"https:\/\/api.w.org\/{rel}","templated":true}]}}