{"id":14149,"date":"2026-02-06T17:21:16","date_gmt":"2026-02-06T16:21:16","guid":{"rendered":"https:\/\/motorrad-erinnerungen.de\/shop\/produkt\/oldtimer-praxis-01-2016-opel-gt-ducati-750-s-honda-cb-72\/"},"modified":"2026-03-11T11:35:54","modified_gmt":"2026-03-11T10:35:54","slug":"oldtimer-praxis-01-2016-opel-gt-ducati-750-s-honda-cb-72","status":"publish","type":"product","link":"https:\/\/motorrad-erinnerungen.de\/shop\/produkt\/oldtimer-praxis-01-2016-opel-gt-ducati-750-s-honda-cb-72\/","title":{"rendered":"Oldtimer Praxis 01\/2016 \u2013 Opel GT; Ducati 750 S; Honda CB 72"},"content":{"rendered":"<p>Ein St\u00fcck Zeitgeschichte f\u00fcr Fans klassischer Technik: die <strong>Oldtimer Praxis 01\/2016<\/strong>.<\/p>\n<h2>\ud83d\udccc Titelthema dieser Ausgabe<\/h2>\n<ul>\n<li><strong>Opel GT<\/strong> \u2013 F\u00fcr immer jung! Diese Kurven verf\u00fchren zum Abenteuer.<\/li>\n<\/ul>\n<h2>\ud83c\udfcd\ufe0f Motorr\u00e4der &amp; Zweir\u00e4der in dieser Ausgabe<\/h2>\n<ul>\n<li><strong>Ducati 750 S<\/strong> \u2013 Der italienische Traum in Bestform<\/li>\n<li><strong>Honda CB 72<\/strong> \u2013 Ein ganz besonderes Motorrad: Feinmechanik<\/li>\n<li><strong>DKW NZ 350<\/strong> \u2013 Seziert: Das Herz der DKW NZ 350<\/li>\n<\/ul>\n<h2>\ud83d\ude97 Weitere Oldtimer-Themen<\/h2>\n<ul>\n<li><strong>Fiat 850 Spider<\/strong> \u2013 Charme-Offensive: Kleiner Herzensbrecher<\/li>\n<li><strong>Rolls Royce Silver Spirit<\/strong> \u2013 Wahrer Luxus! Youngtimer nicht nur f\u00fcr K\u00f6nige<\/li>\n<li><strong>Kleinschnittger F 125<\/strong> \u2013 Am Minimum: Fein restauriert<\/li>\n<li><strong>Peugeot 404 GT<\/strong> \u2013 Im Dauerlauf: Tagebuch<\/li>\n<li><strong>Ford Modell A<\/strong> \u2013 Der Vierzylinder-Motor, ein St\u00fcck Automobilgeschichte im Detail<\/li>\n<li><strong>Karosserie-D\u00e4mmung<\/strong> \u2013 Ruhe jetzt! Teil 2: Wie Sie das richtige Material richtig verarbeiten<\/li>\n<li><strong>Z\u00fcndverteiler<\/strong> \u2013 Funkenflug: So funktioniert er, so wird er gewartet und repariert<\/li>\n<\/ul>\n<h2>\ud83d\udca1 Tipp<\/h2>\n<ul>\n<li>Eine Oldtimer-Zeitschrift kann auch eine willkommene \u00dcberraschung sein, f\u00fcr Liebhaber klassischer Autos und Motorr\u00e4der \u2013 zum Verschenken von Erinnerungen und Tr\u00e4umen.<\/li>\n<\/ul>\n<h2>\ud83d\udce6 Versand &amp; Service<\/h2>\n<ul>\n<li>Kostenloser Versand in Deutschland, Auslandsversand f\u00fcr eine geringe Pauschale<\/li>\n<li>Erfahrung aus weit \u00fcber 30.000 erfolgreichen Sendungen<\/li>\n<li>Ihre Zeitschrift wird sicher und liebevoll verpackt<\/li>\n<\/ul>\n<h2>\ud83c\udf0d Zustand der Zeitschrift<\/h2>\n<ul>\n<li>Gebraucht, weil gelesen, durchgebl\u00e4ttert, gestapelt, alles original \ud83d\ude09<\/li>\n<\/ul>\n","protected":false},"excerpt":{"rendered":"<p>Hier wird noch selbst geschraubt: Oldtimer Praxis liefert das n\u00f6tige Wissen f\u00fcr die Garage. Von der Wartung bis zur Komplettrestaurierung \u2013 echte Hilfe f\u00fcr alle, die ihre Klassiker auf der Stra\u00dfe halten wollen.<\/p>\n","protected":false},"featured_media":14162,"template":"","meta":{"iawp_total_views":1},"product_brand":[],"product_cat":[10216],"product_tag":[4091,10967,12012,12268,13155,13156,13224,13225,150,13226,2442],"class_list":{"0":"post-14149","1":"product","2":"type-product","3":"status-publish","4":"has-post-thumbnail","6":"product_cat-oldtimer-praxis","7":"product_tag-dkw-nz-350","8":"product_tag-fiat-850-spider","9":"product_tag-opel-gt","10":"product_tag-zuendverteiler","11":"product_tag-karosserie-daemmung","12":"product_tag-rolls-royce-silver-spirit","13":"product_tag-kleinschnittger-f-125","14":"product_tag-peugeot-404-gt","15":"product_tag-honda-cb-72","16":"product_tag-ford-modell-a","17":"product_tag-ducati-750-s","19":"first","20":"instock","21":"shipping-taxable","22":"purchasable","23":"product-type-simple"},"_links":{"self":[{"href":"https:\/\/motorrad-erinnerungen.de\/shop\/wp-json\/wp\/v2\/product\/14149","targetHints":{"allow":["GET"]}}],"collection":[{"href":"https:\/\/motorrad-erinnerungen.de\/shop\/wp-json\/wp\/v2\/product"}],"about":[{"href":"https:\/\/motorrad-erinnerungen.de\/shop\/wp-json\/wp\/v2\/types\/product"}],"wp:featuredmedia":[{"embeddable":true,"href":"https:\/\/motorrad-erinnerungen.de\/shop\/wp-json\/wp\/v2\/media\/14162"}],"wp:attachment":[{"href":"https:\/\/motorrad-erinnerungen.de\/shop\/wp-json\/wp\/v2\/media?parent=14149"}],"wp:term":[{"taxonomy":"product_brand","embeddable":true,"href":"https:\/\/motorrad-erinnerungen.de\/shop\/wp-json\/wp\/v2\/product_brand?post=14149"},{"taxonomy":"product_cat","embeddable":true,"href":"https:\/\/motorrad-erinnerungen.de\/shop\/wp-json\/wp\/v2\/product_cat?post=14149"},{"taxonomy":"product_tag","embeddable":true,"href":"https:\/\/motorrad-erinnerungen.de\/shop\/wp-json\/wp\/v2\/product_tag?post=14149"}],"curies":[{"name":"wp","href":"https:\/\/api.w.org\/{rel}","templated":true}]}}