{"id":14151,"date":"2026-02-06T17:21:17","date_gmt":"2026-02-06T16:21:17","guid":{"rendered":"https:\/\/motorrad-erinnerungen.de\/shop\/produkt\/oldtimer-praxis-03-2016-mercedes-350-slc-c107-berneg-fario-bmw-r45-r65\/"},"modified":"2026-02-06T17:55:13","modified_gmt":"2026-02-06T16:55:13","slug":"oldtimer-praxis-03-2016-mercedes-350-slc-c107-berneg-fario-bmw-r45-r65","status":"publish","type":"product","link":"https:\/\/motorrad-erinnerungen.de\/shop\/produkt\/oldtimer-praxis-03-2016-mercedes-350-slc-c107-berneg-fario-bmw-r45-r65\/","title":{"rendered":"Oldtimer Praxis 03\/2016 \u2013 Mercedes-Benz 350 SLC; Berneg Fario; BMW R45 \/ R65"},"content":{"rendered":"<p>Ein St\u00fcck Zeitgeschichte f\u00fcr Fans klassischer Technik: die <strong>Oldtimer Praxis 03\/2016<\/strong>.<\/p>\n<h2>\ud83d\udccc Titelthema dieser Ausgabe<\/h2>\n<ul>\n<li><strong>Mercedes-Benz 350 SLC (C107)<\/strong> \u2013 Der rostige Alptraum wurde restauriert zum Traumwagen<\/li>\n<\/ul>\n<h2>\ud83c\udfcd\ufe0f Motorr\u00e4der &amp; Zweir\u00e4der in dieser Ausgabe<\/h2>\n<ul>\n<li><strong>Berneg Fario<\/strong> \u2013 Nur 175 Kubik \u2013 aber zwei Zylinder und ohv-Ventiltrieb!<\/li>\n<li><strong>BMW R45 \/ R65<\/strong> \u2013 Untersch\u00e4tzte Boxer: BMW R45- und R65-Tipps<\/li>\n<li><strong>Honda Monkey<\/strong> \u2013 Seziert: Das Triebwerk im Detail<\/li>\n<\/ul>\n<h2>\ud83d\ude97 Weitere Oldtimer-Themen<\/h2>\n<ul>\n<li><strong>Opel Kadett A<\/strong> \u2013 Der Volksheld: Ein Schraubertraum<\/li>\n<li><strong>NSU Wankel Spider<\/strong> \u2013 Der Ur-Rotarier: Charmant<\/li>\n<li><strong>Austin Seven Tourer<\/strong> \u2013 Keep it simple: Rolling Twenties<\/li>\n<li><strong>Fiat Cinquecento Sporting<\/strong> \u2013 Klein, aber oho! Mit Pep<\/li>\n<li><strong>Weber-Vergaser<\/strong> \u2013 Erkl\u00e4rt: Weber-DCOE-Flachstrom-Doppelvergaser<\/li>\n<li><strong>Verzinnen<\/strong> \u2013 Die ewige Frage: Wann und wie ist es sinnvoll \u2013 und wann \u00fcberhaupt nicht?<\/li>\n<li><strong>Abschmierdienst<\/strong> \u2013 Alles \u00fcber Fett, Fettpressen und n\u00fctzliche Helfer<\/li>\n<\/ul>\n<h2>\ud83d\udca1 Tipp<\/h2>\n<ul>\n<li>Eine Oldtimer-Zeitschrift kann auch eine willkommene \u00dcberraschung sein, f\u00fcr Liebhaber klassischer Autos und Motorr\u00e4der \u2013 zum Verschenken von Erinnerungen und Tr\u00e4umen.<\/li>\n<\/ul>\n<h2>\ud83d\udce6 Versand &amp; Service<\/h2>\n<ul>\n<li>Kostenloser Versand in Deutschland, Auslandsversand f\u00fcr eine geringe Pauschale<\/li>\n<li>Erfahrung aus weit \u00fcber 30.000 erfolgreichen Sendungen<\/li>\n<li>Ihre Zeitschrift wird sicher und liebevoll verpackt<\/li>\n<\/ul>\n<h2>\ud83c\udf0d Zustand der Zeitschrift<\/h2>\n<ul>\n<li>Gebraucht, weil gelesen, durchgebl\u00e4ttert, gestapelt, alles original \ud83d\ude09<\/li>\n<\/ul>\n","protected":false},"excerpt":{"rendered":"<p>Hier wird noch selbst geschraubt: Oldtimer Praxis liefert das n\u00f6tige Wissen f\u00fcr die Garage. Von der Wartung bis zur Komplettrestaurierung \u2013 echte Hilfe f\u00fcr alle, die ihre Klassiker auf der Stra\u00dfe halten wollen.<\/p>\n","protected":false},"featured_media":14164,"template":"","meta":{"iawp_total_views":0},"product_brand":[],"product_cat":[10216],"product_tag":[8145,13232,13233,11018,11205,12102,12724,13161,13162,13163,13164,13165],"class_list":{"0":"post-14151","1":"product","2":"type-product","3":"status-publish","4":"has-post-thumbnail","6":"product_cat-oldtimer-praxis","7":"product_tag-honda-monkey","8":"product_tag-mercedes-benz-350-slc","9":"product_tag-nsu-wankel-spider","10":"product_tag-weber-vergaser","11":"product_tag-opel-kadett-a","12":"product_tag-austin-seven","13":"product_tag-verzinnen","14":"product_tag-abschmierdienst","15":"product_tag-bmw-r45","16":"product_tag-bmw-r65","17":"product_tag-berneg-fario","18":"product_tag-fiat-cinquecento","20":"first","21":"instock","22":"shipping-taxable","23":"purchasable","24":"product-type-simple"},"_links":{"self":[{"href":"https:\/\/motorrad-erinnerungen.de\/shop\/wp-json\/wp\/v2\/product\/14151","targetHints":{"allow":["GET"]}}],"collection":[{"href":"https:\/\/motorrad-erinnerungen.de\/shop\/wp-json\/wp\/v2\/product"}],"about":[{"href":"https:\/\/motorrad-erinnerungen.de\/shop\/wp-json\/wp\/v2\/types\/product"}],"wp:featuredmedia":[{"embeddable":true,"href":"https:\/\/motorrad-erinnerungen.de\/shop\/wp-json\/wp\/v2\/media\/14164"}],"wp:attachment":[{"href":"https:\/\/motorrad-erinnerungen.de\/shop\/wp-json\/wp\/v2\/media?parent=14151"}],"wp:term":[{"taxonomy":"product_brand","embeddable":true,"href":"https:\/\/motorrad-erinnerungen.de\/shop\/wp-json\/wp\/v2\/product_brand?post=14151"},{"taxonomy":"product_cat","embeddable":true,"href":"https:\/\/motorrad-erinnerungen.de\/shop\/wp-json\/wp\/v2\/product_cat?post=14151"},{"taxonomy":"product_tag","embeddable":true,"href":"https:\/\/motorrad-erinnerungen.de\/shop\/wp-json\/wp\/v2\/product_tag?post=14151"}],"curies":[{"name":"wp","href":"https:\/\/api.w.org\/{rel}","templated":true}]}}