{"id":14153,"date":"2026-02-06T17:21:18","date_gmt":"2026-02-06T16:21:18","guid":{"rendered":"https:\/\/motorrad-erinnerungen.de\/shop\/produkt\/oldtimer-praxis-05-2016-opel-manta-b-kreidler-florett-nsu-maxi\/"},"modified":"2026-02-06T20:18:01","modified_gmt":"2026-02-06T19:18:01","slug":"oldtimer-praxis-05-2016-opel-manta-b-kreidler-florett-nsu-maxi","status":"publish","type":"product","link":"https:\/\/motorrad-erinnerungen.de\/shop\/produkt\/oldtimer-praxis-05-2016-opel-manta-b-kreidler-florett-nsu-maxi\/","title":{"rendered":"Oldtimer Praxis 05\/2016 \u2013 Opel Manta 2.0 S; Kreidler Florett RS; Con NSU Maxi"},"content":{"rendered":"<p>Ein St\u00fcck Zeitgeschichte f\u00fcr Fans klassischer Technik: die <strong>Oldtimer Praxis 05\/2016<\/strong>.<\/p>\n<h2>\ud83d\udccc Titelthema dieser Ausgabe<\/h2>\n<ul>\n<li><strong>Opel Manta 2.0 S<\/strong> \u2013 Opels Liebling: Manta B<\/li>\n<\/ul>\n<h2>\ud83c\udfcd\ufe0f Motorr\u00e4der &amp; Zweir\u00e4der in dieser Ausgabe<\/h2>\n<ul>\n<li><strong>Kreidler Florett RS<\/strong> \u2013 Der Jugendtraum<\/li>\n<li><strong>Con NSU Maxi<\/strong> \u2013 Italienische Sch\u00f6nheit mit deutschem Herz<\/li>\n<li><strong>BSA B44<\/strong> \u2013 Seziert: Der ohv-Single der BSA B44<\/li>\n<\/ul>\n<h2>\ud83d\ude97 Weitere Oldtimer-Themen<\/h2>\n<ul>\n<li><strong>Borgward Isabella TS<\/strong> \u2013 In aller Eleganz: Einfach perfekt<\/li>\n<li><strong>Reliant Scimitar GTE SE 6a<\/strong> \u2013 Ur-Kombi-Coup\u00e9: So sch\u00f6n praktisch<\/li>\n<li><strong>Chevrolet El Camino<\/strong> \u2013 Express-Pick-up: Cowboys Caddy<\/li>\n<li><strong>Suzuki Swift EA Cabrio<\/strong> \u2013 Klein, offen, alltagstauglich?<\/li>\n<li><strong>Chevrolet El Camino<\/strong> \u2013 Express-Pick-up: Cowboys Caddy<\/li>\n<li><strong>Citro\u00ebn-Vierzylinder<\/strong> \u2013 Technik seziert: Der Vierzylinder von Citro\u00ebn 11 CV, DS und CX<\/li>\n<li><strong>Zylinderkopfdichtung<\/strong> \u2013 Technik-Know-how: Worauf Sie beim Wechsel immer achten sollten<\/li>\n<li><strong>Z\u00fcndschloss<\/strong> \u2013 Schloss und Riegel: Das Z\u00fcndschloss ist von Natur aus unnahbar \u2013 wir r\u00fccken ihm dennoch zu Leibe<\/li>\n<\/ul>\n<h2>\ud83d\udca1 Tipp<\/h2>\n<ul>\n<li>Eine Oldtimer-Zeitschrift kann auch eine willkommene \u00dcberraschung sein, f\u00fcr Liebhaber klassischer Autos und Motorr\u00e4der \u2013 zum Verschenken von Erinnerungen und Tr\u00e4umen.<\/li>\n<\/ul>\n<h2>\ud83d\udce6 Versand &amp; Service<\/h2>\n<ul>\n<li>Kostenloser Versand in Deutschland, Auslandsversand f\u00fcr eine geringe Pauschale<\/li>\n<li>Erfahrung aus weit \u00fcber 30.000 erfolgreichen Sendungen<\/li>\n<li>Ihre Zeitschrift wird sicher und liebevoll verpackt<\/li>\n<\/ul>\n<h2>\ud83c\udf0d Zustand der Zeitschrift<\/h2>\n<ul>\n<li>Gebraucht, weil gelesen, durchgebl\u00e4ttert, gestapelt, alles original \ud83d\ude09<\/li>\n<\/ul>\n","protected":false},"excerpt":{"rendered":"<p>Hier wird noch selbst geschraubt: Oldtimer Praxis liefert das n\u00f6tige Wissen f\u00fcr die Garage. Von der Wartung bis zur Komplettrestaurierung \u2013 echte Hilfe f\u00fcr alle, die ihre Klassiker auf der Stra\u00dfe halten wollen.<\/p>\n","protected":false},"featured_media":14166,"template":"","meta":{"iawp_total_views":0},"product_brand":[],"product_cat":[10216],"product_tag":[12671,12704,13176,13177,13179,13180,13239,272,13240,13241,11551,13242,11639],"class_list":{"0":"post-14153","1":"product","2":"type-product","3":"status-publish","4":"has-post-thumbnail","6":"product_cat-oldtimer-praxis","7":"product_tag-citroen-11cv","8":"product_tag-borgward-isabella-ts","9":"product_tag-bsa-b44","10":"product_tag-chevrolet-el-camino","11":"product_tag-zylinderkopfdichtung","12":"product_tag-zuendschloss","13":"product_tag-opel-manta-2-0-s","14":"product_tag-kreidler-florett-rs","15":"product_tag-reliant-scimitar-gte-se-6a","16":"product_tag-suzuki-swift-ea-cabrio","17":"product_tag-citroen-cx","18":"product_tag-con-nsu-maxi","19":"product_tag-citroen-ds","21":"first","22":"instock","23":"shipping-taxable","24":"purchasable","25":"product-type-simple"},"_links":{"self":[{"href":"https:\/\/motorrad-erinnerungen.de\/shop\/wp-json\/wp\/v2\/product\/14153","targetHints":{"allow":["GET"]}}],"collection":[{"href":"https:\/\/motorrad-erinnerungen.de\/shop\/wp-json\/wp\/v2\/product"}],"about":[{"href":"https:\/\/motorrad-erinnerungen.de\/shop\/wp-json\/wp\/v2\/types\/product"}],"wp:featuredmedia":[{"embeddable":true,"href":"https:\/\/motorrad-erinnerungen.de\/shop\/wp-json\/wp\/v2\/media\/14166"}],"wp:attachment":[{"href":"https:\/\/motorrad-erinnerungen.de\/shop\/wp-json\/wp\/v2\/media?parent=14153"}],"wp:term":[{"taxonomy":"product_brand","embeddable":true,"href":"https:\/\/motorrad-erinnerungen.de\/shop\/wp-json\/wp\/v2\/product_brand?post=14153"},{"taxonomy":"product_cat","embeddable":true,"href":"https:\/\/motorrad-erinnerungen.de\/shop\/wp-json\/wp\/v2\/product_cat?post=14153"},{"taxonomy":"product_tag","embeddable":true,"href":"https:\/\/motorrad-erinnerungen.de\/shop\/wp-json\/wp\/v2\/product_tag?post=14153"}],"curies":[{"name":"wp","href":"https:\/\/api.w.org\/{rel}","templated":true}]}}