{"id":14154,"date":"2026-02-06T17:21:18","date_gmt":"2026-02-06T16:21:18","guid":{"rendered":"https:\/\/motorrad-erinnerungen.de\/shop\/produkt\/oldtimer-praxis-06-2016-vw-1303-cabriolet-moto-parilla-175-goggo-roller\/"},"modified":"2026-02-06T20:28:23","modified_gmt":"2026-02-06T19:28:23","slug":"oldtimer-praxis-06-2016-vw-1303-cabriolet-moto-parilla-175-goggo-roller","status":"publish","type":"product","link":"https:\/\/motorrad-erinnerungen.de\/shop\/produkt\/oldtimer-praxis-06-2016-vw-1303-cabriolet-moto-parilla-175-goggo-roller\/","title":{"rendered":"Oldtimer Praxis 06\/2016 \u2013 VW 1303 Cabriolet; Moto Parilla 175; Goggo-Roller"},"content":{"rendered":"<p>Ein St\u00fcck Zeitgeschichte f\u00fcr Fans klassischer Technik: die <strong>Oldtimer Praxis 06\/2016<\/strong>.<\/p>\n<h2>\ud83d\udccc Titelthema dieser Ausgabe<\/h2>\n<ul>\n<li><strong>VW 1303 Cabriolet<\/strong> \u2013 Sommer-Zeit: hier hat ein K\u00e4fer-Fan selbst Hand angelegt<\/li>\n<\/ul>\n<h2>\ud83c\udfcd\ufe0f Motorr\u00e4der &amp; Zweir\u00e4der in dieser Ausgabe<\/h2>\n<ul>\n<li><strong>Moto Parilla 175<\/strong> \u2013 Feine Mechanik fein verpackt<\/li>\n<li><strong>Goggo 200 (T53)<\/strong>\u00a0\u2013 65 Jahre Goggo-Roller: Unterwegs mit einem perfekten Exemplar<\/li>\n<li><strong>BMW K100<\/strong> \u2013 Seziert: BMWs Zweiventil-Vierzylinder<\/li>\n<\/ul>\n<h2>\ud83d\ude97 Weitere Oldtimer-Themen<\/h2>\n<ul>\n<li><strong>Skoda 130 LR<\/strong> \u2013 Mit Vollgas! Beinhart im Rallyetrim<\/li>\n<li><strong>Mercedes-Benz 170 H (W 28)<\/strong> \u2013 Jetzt mal andersrum: Mercedes-\u201eHeck\u201c-Erfahrungen<\/li>\n<li><strong>Maserati 3200 GT<\/strong> \u2013 Reiz und Risiko: Youngtimer-Tipp<\/li>\n<li><strong>Ford 17M P5 Taunomatic<\/strong> \u2013 Ein guter Freund: Fahrtenbuch: Leben mit dem Ford P5<\/li>\n<li><strong>Jaguar DOHC<\/strong> \u2013 Technik-Thema: Jaguars dohc-Sechszylinder im Detail<\/li>\n<li><strong>Tanks sanieren<\/strong> \u2013 Was tun bei Beulen und Durchrostungen?<\/li>\n<li><strong>Entlacken<\/strong> \u2013 Der Lack ist ab: Entlacken per Wasserstrahl<\/li>\n<\/ul>\n<h2>\ud83d\udca1 Tipp<\/h2>\n<ul>\n<li>Eine Oldtimer-Zeitschrift kann auch eine willkommene \u00dcberraschung sein, f\u00fcr Liebhaber klassischer Autos und Motorr\u00e4der \u2013 zum Verschenken von Erinnerungen und Tr\u00e4umen.<\/li>\n<\/ul>\n<h2>\ud83d\udce6 Versand &amp; Service<\/h2>\n<ul>\n<li>Kostenloser Versand in Deutschland, Auslandsversand f\u00fcr eine geringe Pauschale<\/li>\n<li>Erfahrung aus weit \u00fcber 30.000 erfolgreichen Sendungen<\/li>\n<li>Ihre Zeitschrift wird sicher und liebevoll verpackt<\/li>\n<\/ul>\n<h2>\ud83c\udf0d Zustand der Zeitschrift<\/h2>\n<ul>\n<li>Gebraucht, weil gelesen, durchgebl\u00e4ttert, gestapelt, alles original \ud83d\ude09<\/li>\n<\/ul>\n","protected":false},"excerpt":{"rendered":"<p>Hier wird noch selbst geschraubt: Oldtimer Praxis liefert das n\u00f6tige Wissen f\u00fcr die Garage. Von der Wartung bis zur Komplettrestaurierung \u2013 echte Hilfe f\u00fcr alle, die ihre Klassiker auf der Stra\u00dfe halten wollen.<\/p>\n","protected":false},"featured_media":14167,"template":"","meta":{"iawp_total_views":0},"product_brand":[],"product_cat":[10216],"product_tag":[13243,12206,13244,12962,13245,13002,13181,13182,13183,13184,13186,13187,13188],"class_list":{"0":"post-14154","1":"product","2":"type-product","3":"status-publish","4":"has-post-thumbnail","6":"product_cat-oldtimer-praxis","7":"product_tag-mercedes-benz-170-h-w-28","8":"product_tag-goggo-roller","9":"product_tag-goggo-200-t53","10":"product_tag-tanksanierung","11":"product_tag-ford-17m-p5-taunomatic","12":"product_tag-ford-taunus-p5","13":"product_tag-bmw-k100","14":"product_tag-entlacken","15":"product_tag-jaguar-xk-motor","16":"product_tag-maserati-3200-gt","17":"product_tag-moto-parilla-175","18":"product_tag-skoda-130-lr","19":"product_tag-vw-1303-cabrio","21":"first","22":"instock","23":"shipping-taxable","24":"purchasable","25":"product-type-simple"},"_links":{"self":[{"href":"https:\/\/motorrad-erinnerungen.de\/shop\/wp-json\/wp\/v2\/product\/14154","targetHints":{"allow":["GET"]}}],"collection":[{"href":"https:\/\/motorrad-erinnerungen.de\/shop\/wp-json\/wp\/v2\/product"}],"about":[{"href":"https:\/\/motorrad-erinnerungen.de\/shop\/wp-json\/wp\/v2\/types\/product"}],"wp:featuredmedia":[{"embeddable":true,"href":"https:\/\/motorrad-erinnerungen.de\/shop\/wp-json\/wp\/v2\/media\/14167"}],"wp:attachment":[{"href":"https:\/\/motorrad-erinnerungen.de\/shop\/wp-json\/wp\/v2\/media?parent=14154"}],"wp:term":[{"taxonomy":"product_brand","embeddable":true,"href":"https:\/\/motorrad-erinnerungen.de\/shop\/wp-json\/wp\/v2\/product_brand?post=14154"},{"taxonomy":"product_cat","embeddable":true,"href":"https:\/\/motorrad-erinnerungen.de\/shop\/wp-json\/wp\/v2\/product_cat?post=14154"},{"taxonomy":"product_tag","embeddable":true,"href":"https:\/\/motorrad-erinnerungen.de\/shop\/wp-json\/wp\/v2\/product_tag?post=14154"}],"curies":[{"name":"wp","href":"https:\/\/api.w.org\/{rel}","templated":true}]}}