{"id":14156,"date":"2026-02-06T17:22:05","date_gmt":"2026-02-06T16:22:05","guid":{"rendered":"https:\/\/motorrad-erinnerungen.de\/shop\/produkt\/oldtimer-praxis-07-2016-austin-healey-100-6-yamaha-xj-650-turbo-dkw-sb-500\/"},"modified":"2026-02-06T20:35:52","modified_gmt":"2026-02-06T19:35:52","slug":"oldtimer-praxis-07-2016-austin-healey-100-6-yamaha-xj-650-turbo-dkw-sb-500","status":"publish","type":"product","link":"https:\/\/motorrad-erinnerungen.de\/shop\/produkt\/oldtimer-praxis-07-2016-austin-healey-100-6-yamaha-xj-650-turbo-dkw-sb-500\/","title":{"rendered":"Oldtimer Praxis 07\/2016 \u2013 Austin Healey 100\/6; Yamaha XJ 650 Turbo; DKW SB 500"},"content":{"rendered":"<p>Ein St\u00fcck Zeitgeschichte f\u00fcr Fans klassischer Technik: die <strong>Oldtimer Praxis 07\/2016<\/strong>.<\/p>\n<h2>\ud83d\udccc Titelthema dieser Ausgabe<\/h2>\n<ul>\n<li><strong>Austin Healey 100\/6<\/strong> \u2013 Big Healey: Die g\u00fcnstigste Variante \u2013 100\/6<\/li>\n<\/ul>\n<h2>\ud83c\udfcd\ufe0f Motorr\u00e4der &amp; Zweir\u00e4der in dieser Ausgabe<\/h2>\n<ul>\n<li><strong>Yamaha XJ 650 Turbo<\/strong> \u2013 Aufgeladen: Ein Schrauber und seine Erfahrungen<\/li>\n<li><strong>DKW SB 500<\/strong> \u2013 Seziert: Der Motor im Detail<\/li>\n<li><strong>Z\u00fcndapp GS 125<\/strong> \u2013 \u00dcber Stock und Stein: in der Fan-Gemeinde begehrt<\/li>\n<\/ul>\n<h2>\ud83d\ude97 Weitere Oldtimer-Themen<\/h2>\n<ul>\n<li><strong>Ford Bronco<\/strong> \u2013 Einer f\u00fcrs Grobe: Restauriert<\/li>\n<li><strong>Audi 60 bis Super 90<\/strong> \u2013 Gar nicht bieder! Erfahrungen: Die Mitteldruck-Audi<\/li>\n<li><strong>Peugeot 504 Familiale<\/strong> \u2013 Der Dienstleister: Fahrtenbuch: Peugeot 504 Break<\/li>\n<li><strong>VW Corrado G60<\/strong> \u2013 Sciroccos Erbe: Youngtimer-Tipp: VW Corrado<\/li>\n<li><strong>Trabant Motor<\/strong> \u2013 Seziert: Im Detail betrachtet: Der so simple wie clevere Zweitakter des Trabant auf dem Seziertisch<\/li>\n<li><strong>Sto\u00dfd\u00e4mpfer<\/strong> \u2013 Werkstatt-Rat: Zugeschaut: Sto\u00dfd\u00e4mpfer-Einzelanfertigung<\/li>\n<li><strong>Tanks konservieren<\/strong> \u2013 Mitgebaut: Tanks konservieren<\/li>\n<li><strong>Schichtst\u00e4rkenmesser<\/strong> \u2013 Richtig benutzt: Was Schichtst\u00e4rkenmesser leisten k\u00f6nnen<\/li>\n<\/ul>\n<h2>\ud83d\udca1 Tipp<\/h2>\n<ul>\n<li>Eine Oldtimer-Zeitschrift kann auch eine willkommene \u00dcberraschung sein, f\u00fcr Liebhaber klassischer Autos und Motorr\u00e4der \u2013 zum Verschenken von Erinnerungen und Tr\u00e4umen.<\/li>\n<\/ul>\n<h2>\ud83d\udce6 Versand &amp; Service<\/h2>\n<ul>\n<li>Kostenloser Versand in Deutschland, Auslandsversand f\u00fcr eine geringe Pauschale<\/li>\n<li>Erfahrung aus weit \u00fcber 30.000 erfolgreichen Sendungen<\/li>\n<li>Ihre Zeitschrift wird sicher und liebevoll verpackt<\/li>\n<\/ul>\n<h2>\ud83c\udf0d Zustand der Zeitschrift<\/h2>\n<ul>\n<li>Gebraucht, weil gelesen, durchgebl\u00e4ttert, gestapelt, alles original \ud83d\ude09<\/li>\n<\/ul>\n","protected":false},"excerpt":{"rendered":"<p>Hier wird noch selbst geschraubt: Oldtimer Praxis liefert das n\u00f6tige Wissen f\u00fcr die Garage. Von der Wartung bis zur Komplettrestaurierung \u2013 echte Hilfe f\u00fcr alle, die ihre Klassiker auf der Stra\u00dfe halten wollen.<\/p>\n","protected":false},"featured_media":14168,"template":"","meta":{"iawp_total_views":2},"product_brand":[],"product_cat":[10216],"product_tag":[13193,13194,13195,588,13246,1082,13247,13248,11199,11381,13190,13191,13192],"class_list":{"0":"post-14156","1":"product","2":"type-product","3":"status-publish","4":"has-post-thumbnail","6":"product_cat-oldtimer-praxis","7":"product_tag-schichtstaerkenmesser","8":"product_tag-tanks","9":"product_tag-trabant-motor","10":"product_tag-zuendapp-gs-125","11":"product_tag-vw-corrado-g60","12":"product_tag-yamaha-xj-650-turbo","13":"product_tag-audi-60-bis-super-90","14":"product_tag-peugeot-504-familiale","15":"product_tag-stossdaempfer","16":"product_tag-dkw-sb-500","17":"product_tag-austin-healey-100-6","18":"product_tag-ford-bronco","19":"product_tag-peugeot-504-break","21":"first","22":"instock","23":"shipping-taxable","24":"purchasable","25":"product-type-simple"},"_links":{"self":[{"href":"https:\/\/motorrad-erinnerungen.de\/shop\/wp-json\/wp\/v2\/product\/14156","targetHints":{"allow":["GET"]}}],"collection":[{"href":"https:\/\/motorrad-erinnerungen.de\/shop\/wp-json\/wp\/v2\/product"}],"about":[{"href":"https:\/\/motorrad-erinnerungen.de\/shop\/wp-json\/wp\/v2\/types\/product"}],"wp:featuredmedia":[{"embeddable":true,"href":"https:\/\/motorrad-erinnerungen.de\/shop\/wp-json\/wp\/v2\/media\/14168"}],"wp:attachment":[{"href":"https:\/\/motorrad-erinnerungen.de\/shop\/wp-json\/wp\/v2\/media?parent=14156"}],"wp:term":[{"taxonomy":"product_brand","embeddable":true,"href":"https:\/\/motorrad-erinnerungen.de\/shop\/wp-json\/wp\/v2\/product_brand?post=14156"},{"taxonomy":"product_cat","embeddable":true,"href":"https:\/\/motorrad-erinnerungen.de\/shop\/wp-json\/wp\/v2\/product_cat?post=14156"},{"taxonomy":"product_tag","embeddable":true,"href":"https:\/\/motorrad-erinnerungen.de\/shop\/wp-json\/wp\/v2\/product_tag?post=14156"}],"curies":[{"name":"wp","href":"https:\/\/api.w.org\/{rel}","templated":true}]}}