{"id":14160,"date":"2026-02-06T17:22:06","date_gmt":"2026-02-06T16:22:06","guid":{"rendered":"https:\/\/motorrad-erinnerungen.de\/shop\/produkt\/oldtimer-praxis-11-2016-vw-golf-i-gti-nsu-konsul-suzuki-gt-550\/"},"modified":"2026-02-06T21:31:41","modified_gmt":"2026-02-06T20:31:41","slug":"oldtimer-praxis-11-2016-vw-golf-i-gti-nsu-konsul-suzuki-gt-550","status":"publish","type":"product","link":"https:\/\/motorrad-erinnerungen.de\/shop\/produkt\/oldtimer-praxis-11-2016-vw-golf-i-gti-nsu-konsul-suzuki-gt-550\/","title":{"rendered":"Oldtimer Praxis 11\/2016 \u2013 VW Golf I GTI; NSU Konsul; Suzuki GT 550"},"content":{"rendered":"<p>Ein St\u00fcck Zeitgeschichte f\u00fcr Fans klassischer Technik: die <strong>Oldtimer Praxis 11\/2016<\/strong>.<\/p>\n<h2>\ud83d\udccc Titelthema dieser Ausgabe<\/h2>\n<ul>\n<li><strong>VW Golf I GTI<\/strong> \u2013 Eine Klasse f\u00fcr sich! VW Golf GTI Pirelli<\/li>\n<\/ul>\n<h2>\ud83c\udfcd\ufe0f Motorr\u00e4der &amp; Zweir\u00e4der in dieser Ausgabe<\/h2>\n<ul>\n<li><strong>NSU Konsul II<\/strong> \u2013 Lady aus Neckarsulm: Fortschritt allein ist nicht alles<\/li>\n<li><strong>Suzuki GT 550<\/strong> \u2013 Die Dreizylinder-Zweitakt-Rakete<\/li>\n<li><strong>BSA C11<\/strong> \u2013 Seziert: Der ohv-250er<\/li>\n<\/ul>\n<h2>\ud83d\ude97 Weitere Oldtimer-Themen<\/h2>\n<ul>\n<li><strong>Ferrari Colombo-V12<\/strong> \u2013 Faszination Ferrari: Der sagenhafte Colombo-V12 im Detail<\/li>\n<li><strong>Opel Kadett C Coup\u00e9<\/strong> \u2013 Tief und breit kann jeder, dieser hier v\u00f6llig original!<\/li>\n<li><strong>Oldsmobile 442<\/strong> (1968 &#8211; 1972) \u2013 Power ohne Ende! Oldsmobile-442-Erfahrungen<\/li>\n<li><strong>Peugeot 203 L Camionette<\/strong> \u2013 Ehrlicher Arbeiter: Richtig sch\u00f6n, der Pick Up<\/li>\n<li><strong>Jaguar S-Type<\/strong> \u2013 Ein Muster-Beispiel f\u00fcr Retro-Design<\/li>\n<li><strong>Spachteln<\/strong> \u2013 Reparatur-Tipps: Spachteln \u2013 aber richtig: Profis zeigen, wie man nicht zu dick auftr\u00e4gt<\/li>\n<li><strong>Lenkr\u00e4der<\/strong> \u2013 Technik-Thema: Sport- und Nachbaulenkr\u00e4der: Was ist m\u00f6glich, was erlaubt?<\/li>\n<\/ul>\n<h2>\ud83d\udca1 Tipp<\/h2>\n<ul>\n<li>Eine Oldtimer-Zeitschrift kann auch eine willkommene \u00dcberraschung sein, f\u00fcr Liebhaber klassischer Autos und Motorr\u00e4der \u2013 zum Verschenken von Erinnerungen und Tr\u00e4umen.<\/li>\n<\/ul>\n<h2>\ud83d\udce6 Versand &amp; Service<\/h2>\n<ul>\n<li>Kostenloser Versand in Deutschland, Auslandsversand f\u00fcr eine geringe Pauschale<\/li>\n<li>Erfahrung aus weit \u00fcber 30.000 erfolgreichen Sendungen<\/li>\n<li>Ihre Zeitschrift wird sicher und liebevoll verpackt<\/li>\n<\/ul>\n<h2>\ud83c\udf0d Zustand der Zeitschrift<\/h2>\n<ul>\n<li>Gebraucht, weil gelesen, durchgebl\u00e4ttert, gestapelt, alles original \ud83d\ude09<\/li>\n<\/ul>\n","protected":false},"excerpt":{"rendered":"<p>Hier wird noch selbst geschraubt: Oldtimer Praxis liefert das n\u00f6tige Wissen f\u00fcr die Garage. Von der Wartung bis zur Komplettrestaurierung \u2013 echte Hilfe f\u00fcr alle, die ihre Klassiker auf der Stra\u00dfe halten wollen.<\/p>\n","protected":false},"featured_media":14172,"template":"","meta":{"iawp_total_views":0},"product_brand":[],"product_cat":[10216],"product_tag":[4575,4657,11522,13211,13212,13213,13214,13215,13217,13261],"class_list":{"0":"post-14160","1":"product","2":"type-product","3":"status-publish","4":"has-post-thumbnail","6":"product_cat-oldtimer-praxis","7":"product_tag-suzuki-gt-550","8":"product_tag-nsu-konsul","9":"product_tag-spachteln","10":"product_tag-bsa-c11","11":"product_tag-ferrari-v12","12":"product_tag-lenkrad","13":"product_tag-oldsmobile-442","14":"product_tag-opel-kadett-c-coupe","15":"product_tag-vw-golf-1-gti","16":"product_tag-peugeot-203-l-camionette","18":"first","19":"instock","20":"shipping-taxable","21":"purchasable","22":"product-type-simple"},"_links":{"self":[{"href":"https:\/\/motorrad-erinnerungen.de\/shop\/wp-json\/wp\/v2\/product\/14160","targetHints":{"allow":["GET"]}}],"collection":[{"href":"https:\/\/motorrad-erinnerungen.de\/shop\/wp-json\/wp\/v2\/product"}],"about":[{"href":"https:\/\/motorrad-erinnerungen.de\/shop\/wp-json\/wp\/v2\/types\/product"}],"wp:featuredmedia":[{"embeddable":true,"href":"https:\/\/motorrad-erinnerungen.de\/shop\/wp-json\/wp\/v2\/media\/14172"}],"wp:attachment":[{"href":"https:\/\/motorrad-erinnerungen.de\/shop\/wp-json\/wp\/v2\/media?parent=14160"}],"wp:term":[{"taxonomy":"product_brand","embeddable":true,"href":"https:\/\/motorrad-erinnerungen.de\/shop\/wp-json\/wp\/v2\/product_brand?post=14160"},{"taxonomy":"product_cat","embeddable":true,"href":"https:\/\/motorrad-erinnerungen.de\/shop\/wp-json\/wp\/v2\/product_cat?post=14160"},{"taxonomy":"product_tag","embeddable":true,"href":"https:\/\/motorrad-erinnerungen.de\/shop\/wp-json\/wp\/v2\/product_tag?post=14160"}],"curies":[{"name":"wp","href":"https:\/\/api.w.org\/{rel}","templated":true}]}}