{"id":14189,"date":"2026-02-07T23:02:02","date_gmt":"2026-02-07T22:02:02","guid":{"rendered":"https:\/\/motorrad-erinnerungen.de\/shop\/produkt\/oldtimer-praxis-02-2017-rene-bonnet-djet-ii-moto-guzzi-galletto-victoria-kr-6\/"},"modified":"2026-02-07T23:13:58","modified_gmt":"2026-02-07T22:13:58","slug":"oldtimer-praxis-02-2017-rene-bonnet-djet-ii-moto-guzzi-galletto-victoria-kr-6","status":"publish","type":"product","link":"https:\/\/motorrad-erinnerungen.de\/shop\/produkt\/oldtimer-praxis-02-2017-rene-bonnet-djet-ii-moto-guzzi-galletto-victoria-kr-6\/","title":{"rendered":"Oldtimer Praxis 02\/2017 \u2013 Ren\u00e9 Bonnet Djet II; Moto Guzzi Galletto 160; Victoria KR 6A"},"content":{"rendered":"<p>Ein St\u00fcck Zeitgeschichte f\u00fcr Fans klassischer Technik: die <strong>Oldtimer Praxis 02\/2017<\/strong>.<\/p>\n<h2>\ud83d\udccc Titelthema dieser Ausgabe<\/h2>\n<ul>\n<li><strong>Ren\u00e9 Bonnet Djet II<\/strong> \u2013 Geboren f\u00fcr Le Mans! Kompromissloser kann ein Sportwagen nicht sein<\/li>\n<\/ul>\n<h2>\ud83c\udfcd\ufe0f Motorr\u00e4der &amp; Zweir\u00e4der in dieser Ausgabe<\/h2>\n<ul>\n<li><strong>Moto Guzzi Galletto 160<\/strong> \u2013 Roller mit Motorrad-Genen<\/li>\n<li><strong>Victoria KR 6A<\/strong> \u2013 St\u00e4ndig auf Achse: Aus dem bewegten Leben einer Victoria KR 6<\/li>\n<li><strong>Yamaha XS 750<\/strong> \u2013 Seziert: Das Triebwerke der XS 750 unter der Lupe<\/li>\n<\/ul>\n<h2>\ud83d\ude97 Weitere Oldtimer-Themen<\/h2>\n<ul>\n<li><strong>BMW 315<\/strong> \u2013 Mit aller Sorgfalt: Original und perfekt<\/li>\n<li><strong>Ford Taunus 12 M P4 <\/strong>\u2013 Charme der 60er: Coup\u00e9-Eleganz<\/li>\n<li><strong>VW Jetta 2<\/strong> \u2013 F\u00fcr immer mein: Wo die Liebe hinf\u00e4llt<\/li>\n<li><strong>Aston Martin DB 7<\/strong> \u2013 Einmal Bond sein! Youngtimer-Tipp<\/li>\n<li><strong>Fiat Dino V6<\/strong> \u2013 Ein toller Motor im Detail<\/li>\n<li><strong>Vergaser<\/strong> \u2013 Vergaser-Know-how: \u00c4rger mit der Gasfabrik?<\/li>\n<li><strong>Interieur reinigen<\/strong> \u2013 Sauber gemacht: Arbeit f\u00fcr den Winter: Wie Sie das Interieur in Bestform bringen<\/li>\n<\/ul>\n<h2>\ud83d\udca1 Tipp<\/h2>\n<ul>\n<li>Eine Oldtimer-Zeitschrift kann auch eine willkommene \u00dcberraschung sein, f\u00fcr Liebhaber klassischer Autos und Motorr\u00e4der \u2013 zum Verschenken von Erinnerungen und Tr\u00e4umen.<\/li>\n<\/ul>\n<h2>\ud83d\udce6 Versand &amp; Service<\/h2>\n<ul>\n<li>Kostenloser Versand in Deutschland, Auslandsversand f\u00fcr eine geringe Pauschale<\/li>\n<li>Erfahrung aus weit \u00fcber 30.000 erfolgreichen Sendungen<\/li>\n<li>Ihre Zeitschrift wird sicher und liebevoll verpackt<\/li>\n<\/ul>\n<h2>\ud83c\udf0d Zustand der Zeitschrift<\/h2>\n<ul>\n<li>Gebraucht, weil gelesen, durchgebl\u00e4ttert, gestapelt, alles original \ud83d\ude09<\/li>\n<\/ul>\n","protected":false},"excerpt":{"rendered":"<p>Mehr als nur Altpapier: Diese Zeitschrift ist ein St\u00fcck Zeitgeschichte und technisches Archiv zugleich. Perfekt f\u00fcr Sammler und Schrauber, die tief in die Technik vergangener Jahrzehnte eintauchen m\u00f6chten.<\/p>\n","protected":false},"featured_media":14195,"template":"","meta":{"iawp_total_views":0},"product_brand":[],"product_cat":[10216],"product_tag":[11256,11456,13272,13273,13274,13275,13276,13302,13303,596,13304],"class_list":{"0":"post-14189","1":"product","2":"type-product","3":"status-publish","4":"has-post-thumbnail","6":"product_cat-oldtimer-praxis","7":"product_tag-bmw-315","8":"product_tag-vergaser","9":"product_tag-aston-martin-db7","10":"product_tag-fiat-dino-v6","11":"product_tag-interieur","12":"product_tag-rene-bonnet-djet-ii","13":"product_tag-vw-jetta-2","14":"product_tag-ford-taunus-12-m-p4","15":"product_tag-moto-guzzi-galletto-160","16":"product_tag-yamaha-xs-750","17":"product_tag-victoria-kr-6a","19":"first","20":"instock","21":"shipping-taxable","22":"purchasable","23":"product-type-simple"},"_links":{"self":[{"href":"https:\/\/motorrad-erinnerungen.de\/shop\/wp-json\/wp\/v2\/product\/14189","targetHints":{"allow":["GET"]}}],"collection":[{"href":"https:\/\/motorrad-erinnerungen.de\/shop\/wp-json\/wp\/v2\/product"}],"about":[{"href":"https:\/\/motorrad-erinnerungen.de\/shop\/wp-json\/wp\/v2\/types\/product"}],"wp:featuredmedia":[{"embeddable":true,"href":"https:\/\/motorrad-erinnerungen.de\/shop\/wp-json\/wp\/v2\/media\/14195"}],"wp:attachment":[{"href":"https:\/\/motorrad-erinnerungen.de\/shop\/wp-json\/wp\/v2\/media?parent=14189"}],"wp:term":[{"taxonomy":"product_brand","embeddable":true,"href":"https:\/\/motorrad-erinnerungen.de\/shop\/wp-json\/wp\/v2\/product_brand?post=14189"},{"taxonomy":"product_cat","embeddable":true,"href":"https:\/\/motorrad-erinnerungen.de\/shop\/wp-json\/wp\/v2\/product_cat?post=14189"},{"taxonomy":"product_tag","embeddable":true,"href":"https:\/\/motorrad-erinnerungen.de\/shop\/wp-json\/wp\/v2\/product_tag?post=14189"}],"curies":[{"name":"wp","href":"https:\/\/api.w.org\/{rel}","templated":true}]}}