{"id":14210,"date":"2026-02-08T10:33:49","date_gmt":"2026-02-08T09:33:49","guid":{"rendered":"https:\/\/motorrad-erinnerungen.de\/shop\/produkt\/oldtimer-praxis-07-2017-volvo-amazon-kombi-bmw-r100-rs-peugeot-55-tcl\/"},"modified":"2026-02-08T10:46:00","modified_gmt":"2026-02-08T09:46:00","slug":"oldtimer-praxis-07-2017-volvo-amazon-kombi-bmw-r100-rs-peugeot-55-tcl","status":"publish","type":"product","link":"https:\/\/motorrad-erinnerungen.de\/shop\/produkt\/oldtimer-praxis-07-2017-volvo-amazon-kombi-bmw-r100-rs-peugeot-55-tcl\/","title":{"rendered":"Oldtimer Praxis 07\/2017 \u2013 Volvo Amazon Kombi; BMW R 100 RS; Peugeot 55 TCL"},"content":{"rendered":"<p>Ein St\u00fcck Zeitgeschichte f\u00fcr Fans klassischer Technik: die <strong>Oldtimer Praxis 07\/2017<\/strong>.<\/p>\n<h2>\ud83d\udccc Titelthema dieser Ausgabe<\/h2>\n<ul>\n<li><strong>Volvo Amazon Kombi P221<\/strong> \u2013 F\u00fcr immer! Ein 50 Jahre altes Auto im Alltag bewegen<\/li>\n<\/ul>\n<h2>\ud83c\udfcd\ufe0f Motorr\u00e4der &amp; Zweir\u00e4der in dieser Ausgabe<\/h2>\n<ul>\n<li><strong>BMW R 100 RS<\/strong> \u2013 BMWs Top-Modell: Auf Tour mit einer feinen R100 RS<\/li>\n<li><strong>Peugeot 55 TCL<\/strong> \u2013 Die einfachen Dinge: es muss nicht immer Perfektion sein<\/li>\n<li><strong>Laverda 1000 3C<\/strong> \u2013 Seziert: Laverdas Power-Dreizylinder<\/li>\n<\/ul>\n<h2>\ud83d\ude97 Weitere Oldtimer-Themen<\/h2>\n<ul>\n<li><strong>Porsche Boxster<\/strong> \u2013 Jetzt kaufen? Youngtimer-Tipp<\/li>\n<li><strong>Triumph TR 4A<\/strong> \u2013 30 Roadster-Jahre: Fahrtenbuch<\/li>\n<li><strong>Ford Escort RS 1600i<\/strong> \u2013 GTI-Alternative restauriert<\/li>\n<li><strong>Sears Motor Buggy<\/strong> \u2013 Vollgas voraus! 1909er Sears Motor Buggy &#8222;Model J&#8220;<\/li>\n<li><strong>BMW 1502<\/strong> \u2013 Gelungenes Erstlingswerk einer Restaurierung<\/li>\n<li><strong>Turbolader-Technik<\/strong> \u2013 Geladener Gast: Demontage, \u00dcberholung und Einbau des \u201ePS-Gebl\u00e4ses\u201c<\/li>\n<li><strong>Opel cih-Getriebe<\/strong> \u2013 Das Schaltgetriebe seziert<\/li>\n<li><strong>L\u00f6tkolben<\/strong> \u2013 Alles im Lot: Warum ein L\u00f6tkolben auch heute noch in jede Werkstatt geh\u00f6rt<\/li>\n<\/ul>\n<h2>\ud83d\udca1 Tipp<\/h2>\n<ul>\n<li>Eine Oldtimer-Zeitschrift kann auch eine willkommene \u00dcberraschung sein, f\u00fcr Liebhaber klassischer Autos und Motorr\u00e4der \u2013 zum Verschenken von Erinnerungen und Tr\u00e4umen.<\/li>\n<\/ul>\n<h2>\ud83d\udce6 Versand &amp; Service<\/h2>\n<ul>\n<li>Kostenloser Versand in Deutschland, Auslandsversand f\u00fcr eine geringe Pauschale<\/li>\n<li>Erfahrung aus weit \u00fcber 30.000 erfolgreichen Sendungen<\/li>\n<li>Ihre Zeitschrift wird sicher und liebevoll verpackt<\/li>\n<\/ul>\n<h2>\ud83c\udf0d Zustand der Zeitschrift<\/h2>\n<ul>\n<li>Gebraucht, weil gelesen, durchgebl\u00e4ttert, gestapelt, alles original \ud83d\ude09<\/li>\n<\/ul>\n","protected":false},"excerpt":{"rendered":"<p>Mehr als nur Altpapier: Diese Zeitschrift ist ein St\u00fcck Zeitgeschichte und technisches Archiv zugleich. Perfekt f\u00fcr Sammler und Schrauber, die tief in die Technik vergangener Jahrzehnte eintauchen m\u00f6chten.<\/p>\n","protected":false},"featured_media":14200,"template":"","meta":{"iawp_total_views":0},"product_brand":[],"product_cat":[10216],"product_tag":[13311,13312,13313,13314,488,13346,633,13347,12992,13308,13309,13310],"class_list":{"0":"post-14210","1":"product","2":"type-product","3":"status-publish","4":"has-post-thumbnail","6":"product_cat-oldtimer-praxis","7":"product_tag-porsche-boxster","8":"product_tag-sears-motor-buggy","9":"product_tag-triumph-tr-4a","10":"product_tag-volvo-amazon-kombi","11":"product_tag-laverda-1000-3c","12":"product_tag-bmw-1502","13":"product_tag-bmw-r-100-rs","14":"product_tag-opel-cih-getriebe","15":"product_tag-turbolader","16":"product_tag-ford-escort-rs-1600i","17":"product_tag-loetkolben","18":"product_tag-peugeot-55-tcl","20":"first","21":"instock","22":"shipping-taxable","23":"purchasable","24":"product-type-simple"},"_links":{"self":[{"href":"https:\/\/motorrad-erinnerungen.de\/shop\/wp-json\/wp\/v2\/product\/14210","targetHints":{"allow":["GET"]}}],"collection":[{"href":"https:\/\/motorrad-erinnerungen.de\/shop\/wp-json\/wp\/v2\/product"}],"about":[{"href":"https:\/\/motorrad-erinnerungen.de\/shop\/wp-json\/wp\/v2\/types\/product"}],"wp:featuredmedia":[{"embeddable":true,"href":"https:\/\/motorrad-erinnerungen.de\/shop\/wp-json\/wp\/v2\/media\/14200"}],"wp:attachment":[{"href":"https:\/\/motorrad-erinnerungen.de\/shop\/wp-json\/wp\/v2\/media?parent=14210"}],"wp:term":[{"taxonomy":"product_brand","embeddable":true,"href":"https:\/\/motorrad-erinnerungen.de\/shop\/wp-json\/wp\/v2\/product_brand?post=14210"},{"taxonomy":"product_cat","embeddable":true,"href":"https:\/\/motorrad-erinnerungen.de\/shop\/wp-json\/wp\/v2\/product_cat?post=14210"},{"taxonomy":"product_tag","embeddable":true,"href":"https:\/\/motorrad-erinnerungen.de\/shop\/wp-json\/wp\/v2\/product_tag?post=14210"}],"curies":[{"name":"wp","href":"https:\/\/api.w.org\/{rel}","templated":true}]}}