{"id":14213,"date":"2026-02-08T10:33:50","date_gmt":"2026-02-08T09:33:50","guid":{"rendered":"https:\/\/motorrad-erinnerungen.de\/shop\/produkt\/oldtimer-praxis-10-2017-bmw-323i-e21-zuendapp-ks-80-ariel-red-hunter\/"},"modified":"2026-02-08T10:56:52","modified_gmt":"2026-02-08T09:56:52","slug":"oldtimer-praxis-10-2017-bmw-323i-e21-zuendapp-ks-80-ariel-red-hunter","status":"publish","type":"product","link":"https:\/\/motorrad-erinnerungen.de\/shop\/produkt\/oldtimer-praxis-10-2017-bmw-323i-e21-zuendapp-ks-80-ariel-red-hunter\/","title":{"rendered":"Oldtimer Praxis 10\/2017 \u2013 BMW 323i (E21); Z\u00fcndapp KS 80; Ariel Red Hunter"},"content":{"rendered":"<p>Ein St\u00fcck Zeitgeschichte f\u00fcr Fans klassischer Technik: die <strong>Oldtimer Praxis 10\/2017<\/strong>.<\/p>\n<h2>\ud83d\udccc Titelthema dieser Ausgabe<\/h2>\n<ul>\n<li><strong>BMW 323i (E21)<\/strong> \u2013 Der legitime Erbe: Einer der Urv\u00e4ter der Luxus-Kompaktwagen<\/li>\n<\/ul>\n<h2>\ud83c\udfcd\ufe0f Motorr\u00e4der &amp; Zweir\u00e4der in dieser Ausgabe<\/h2>\n<ul>\n<li><strong>Z\u00fcndapp KS 80<\/strong> \u2013 Jugendtraum: Nicht vergessenes Leichtkraftrad<\/li>\n<li><strong>Ariel Red Hunter<\/strong> \u2013 Die Alternative zu BSA, Norton &amp; Co.: der &#8222;Rote J\u00e4ger&#8220;<\/li>\n<li><strong>Ducati Pantah 500 SL<\/strong> \u2013 Seziert: Der Desmo-V2 der Ducati Pantah<\/li>\n<\/ul>\n<h2>\ud83d\ude97 Weitere Oldtimer-Themen<\/h2>\n<ul>\n<li><strong>MG TD Midget<\/strong> \u2013 Dauerbrenner: 40 Jahre unterwegs im MG TD<\/li>\n<li><strong>Fiat 130 Coup\u00e9<\/strong> \u2013 Gran Turismo: Herausforderung<\/li>\n<li><strong>Ford Taunus 15M G4A (Serie)\u00a0<\/strong> \u2013 Flott gemacht! Doppelvergaser-Weltkugel-Taunus<\/li>\n<li><strong>Subaru Legacy<\/strong> \u2013 Das Zugpferd: Youngtimer-Tipp<\/li>\n<li><strong>Renault-8-Gordini-Motor<\/strong> \u2013 Technik-Thema: Der Renault-8-Gordini-Motor zerlegt<\/li>\n<li><strong>Anh\u00e4ngerkupplung<\/strong> \u2013 Der Haken daran: Die Anh\u00e4ngerkupplung am Oldie \u2013 Tipps zu Kauf und Montage<\/li>\n<li><strong>Sattler<\/strong> \u2013 Besuch beim Sattler: Mach mal Sitz \u2013 vom Schaumstoff- und Federkern bis zum Bezug<\/li>\n<\/ul>\n<h2>\ud83d\udca1 Tipp<\/h2>\n<ul>\n<li>Eine Oldtimer-Zeitschrift kann auch eine willkommene \u00dcberraschung sein, f\u00fcr Liebhaber klassischer Autos und Motorr\u00e4der \u2013 zum Verschenken von Erinnerungen und Tr\u00e4umen.<\/li>\n<\/ul>\n<h2>\ud83d\udce6 Versand &amp; Service<\/h2>\n<ul>\n<li>Kostenloser Versand in Deutschland, Auslandsversand f\u00fcr eine geringe Pauschale<\/li>\n<li>Erfahrung aus weit \u00fcber 30.000 erfolgreichen Sendungen<\/li>\n<li>Ihre Zeitschrift wird sicher und liebevoll verpackt<\/li>\n<\/ul>\n<h2>\ud83c\udf0d Zustand der Zeitschrift<\/h2>\n<ul>\n<li>Gebraucht, weil gelesen, durchgebl\u00e4ttert, gestapelt, alles original \ud83d\ude09<\/li>\n<\/ul>\n","protected":false},"excerpt":{"rendered":"<p>Mehr als nur Altpapier: Diese Zeitschrift ist ein St\u00fcck Zeitgeschichte und technisches Archiv zugleich. Perfekt f\u00fcr Sammler und Schrauber, die tief in die Technik vergangener Jahrzehnte eintauchen m\u00f6chten.<\/p>\n","protected":false},"featured_media":14203,"template":"","meta":{"iawp_total_views":1},"product_brand":[],"product_cat":[10216],"product_tag":[1065,13349,4604,12049,13328,13329,13330,13331,13332,13333,933,13348],"class_list":{"0":"post-14213","1":"product","2":"type-product","3":"status-publish","4":"has-post-thumbnail","6":"product_cat-oldtimer-praxis","7":"product_tag-ducati-pantah-500-sl","8":"product_tag-ford-taunus-15m","9":"product_tag-ariel-red-hunter","10":"product_tag-fiat-130-coupe","11":"product_tag-anhaengerkupplung","12":"product_tag-bmw-323i-e21","13":"product_tag-ford-taunus-weltkugel","14":"product_tag-renault-8-gordini-motor","15":"product_tag-sattler","16":"product_tag-subaru-legacy","17":"product_tag-zuendapp-ks-80","18":"product_tag-mg-td-midget","20":"first","21":"instock","22":"shipping-taxable","23":"purchasable","24":"product-type-simple"},"_links":{"self":[{"href":"https:\/\/motorrad-erinnerungen.de\/shop\/wp-json\/wp\/v2\/product\/14213","targetHints":{"allow":["GET"]}}],"collection":[{"href":"https:\/\/motorrad-erinnerungen.de\/shop\/wp-json\/wp\/v2\/product"}],"about":[{"href":"https:\/\/motorrad-erinnerungen.de\/shop\/wp-json\/wp\/v2\/types\/product"}],"wp:featuredmedia":[{"embeddable":true,"href":"https:\/\/motorrad-erinnerungen.de\/shop\/wp-json\/wp\/v2\/media\/14203"}],"wp:attachment":[{"href":"https:\/\/motorrad-erinnerungen.de\/shop\/wp-json\/wp\/v2\/media?parent=14213"}],"wp:term":[{"taxonomy":"product_brand","embeddable":true,"href":"https:\/\/motorrad-erinnerungen.de\/shop\/wp-json\/wp\/v2\/product_brand?post=14213"},{"taxonomy":"product_cat","embeddable":true,"href":"https:\/\/motorrad-erinnerungen.de\/shop\/wp-json\/wp\/v2\/product_cat?post=14213"},{"taxonomy":"product_tag","embeddable":true,"href":"https:\/\/motorrad-erinnerungen.de\/shop\/wp-json\/wp\/v2\/product_tag?post=14213"}],"curies":[{"name":"wp","href":"https:\/\/api.w.org\/{rel}","templated":true}]}}