{"id":14214,"date":"2026-02-08T10:33:50","date_gmt":"2026-02-08T09:33:50","guid":{"rendered":"https:\/\/motorrad-erinnerungen.de\/shop\/produkt\/oldtimer-praxis-11-2017-panhard-24-bt-honda-ss-50-indian-scout\/"},"modified":"2026-02-08T10:57:43","modified_gmt":"2026-02-08T09:57:43","slug":"oldtimer-praxis-11-2017-panhard-24-bt-honda-ss-50-indian-scout","status":"publish","type":"product","link":"https:\/\/motorrad-erinnerungen.de\/shop\/produkt\/oldtimer-praxis-11-2017-panhard-24-bt-honda-ss-50-indian-scout\/","title":{"rendered":"Oldtimer Praxis 11\/2017 \u2013 Panhard 24 BT; Honda SS 50; Indian Scout"},"content":{"rendered":"<p>Ein St\u00fcck Zeitgeschichte f\u00fcr Fans klassischer Technik: die <strong>Oldtimer Praxis 11\/2017<\/strong>.<\/p>\n<h2>\ud83d\udccc Titelthema dieser Ausgabe<\/h2>\n<ul>\n<li><strong>Panhard 24 BT<\/strong> \u2013 Einer wie keiner! Panhard 24 BT<\/li>\n<\/ul>\n<h2>\ud83c\udfcd\ufe0f Motorr\u00e4der &amp; Zweir\u00e4der in dieser Ausgabe<\/h2>\n<ul>\n<li><strong>Honda SS 50<\/strong> \u2013 Und jetzt Vollgas! Die Story einer hei\u00dfen Honda SS 50<\/li>\n<li><strong>Indian Scout<\/strong> \u2013 Die Beste von allen: Was die Indian Scout so besonders macht<\/li>\n<li><strong>Yamaha Vmax<\/strong> \u2013 Seziert: Der Power-V4 der Yamaha Vmax<\/li>\n<\/ul>\n<h2>\ud83d\ude97 Weitere Oldtimer-Themen<\/h2>\n<ul>\n<li><strong>Mercedes W116<\/strong> \u2013 Im Dauerlauf: Fahrtenbuch: Mercedes W116<\/li>\n<li><strong>AH Sprite<\/strong> \u2013 In Topform: Strahlemann: AH Sprite<\/li>\n<li><strong>Maico 500<\/strong> \u2013 Richtig rar! Kleinwagen ganz gro\u00df: Maico 500<\/li>\n<li><strong>MG ZT 190<\/strong> \u2013 Sportger\u00e4t: So herrlich untersch\u00e4tzt: MG ZT 190<\/li>\n<li><strong>BMW-Dixi-Motor<\/strong> \u2013 Auto-Technik: Der BMW-Dixi-Motor<\/li>\n<li><strong>Oldie-Anh\u00e4nger<\/strong> \u2013 Unter Zugzwang: Vom Lastentr\u00e4ger bis zum Urlaubsdomizil<\/li>\n<li><strong>Sitzbezug<\/strong> \u2013 Unter der Haut: Von Feder bis Schaumstoff: Was sich unterm Sitzbezug verbirgt<\/li>\n<\/ul>\n<h2>\ud83d\udca1 Tipp<\/h2>\n<ul>\n<li>Eine Oldtimer-Zeitschrift kann auch eine willkommene \u00dcberraschung sein, f\u00fcr Liebhaber klassischer Autos und Motorr\u00e4der \u2013 zum Verschenken von Erinnerungen und Tr\u00e4umen.<\/li>\n<\/ul>\n<h2>\ud83d\udce6 Versand &amp; Service<\/h2>\n<ul>\n<li>Kostenloser Versand in Deutschland, Auslandsversand f\u00fcr eine geringe Pauschale<\/li>\n<li>Erfahrung aus weit \u00fcber 30.000 erfolgreichen Sendungen<\/li>\n<li>Ihre Zeitschrift wird sicher und liebevoll verpackt<\/li>\n<\/ul>\n<h2>\ud83c\udf0d Zustand der Zeitschrift<\/h2>\n<ul>\n<li>Gebraucht, weil gelesen, durchgebl\u00e4ttert, gestapelt, alles original \ud83d\ude09<\/li>\n<\/ul>\n","protected":false},"excerpt":{"rendered":"<p>Mehr als nur Altpapier: Diese Zeitschrift ist ein St\u00fcck Zeitgeschichte und technisches Archiv zugleich. Perfekt f\u00fcr Sammler und Schrauber, die tief in die Technik vergangener Jahrzehnte eintauchen m\u00f6chten.<\/p>\n","protected":false},"featured_media":14204,"template":"","meta":{"iawp_total_views":0},"product_brand":[],"product_cat":[10216],"product_tag":[1389,2468,11191,11339,12730,13335,13336,13337,13338,353],"class_list":{"0":"post-14214","1":"product","2":"type-product","3":"status-publish","4":"has-post-thumbnail","6":"product_cat-oldtimer-praxis","7":"product_tag-yamaha-vmax-1200","8":"product_tag-indian-scout","9":"product_tag-austin-healey-sprite","10":"product_tag-maico-500","11":"product_tag-mercedes-w116","12":"product_tag-bmw-dixi-motor","13":"product_tag-mg-zt-190","14":"product_tag-panhard-24-bt","15":"product_tag-sitzbezug","16":"product_tag-honda-ss-50","18":"first","19":"outofstock","20":"shipping-taxable","21":"purchasable","22":"product-type-simple"},"_links":{"self":[{"href":"https:\/\/motorrad-erinnerungen.de\/shop\/wp-json\/wp\/v2\/product\/14214","targetHints":{"allow":["GET"]}}],"collection":[{"href":"https:\/\/motorrad-erinnerungen.de\/shop\/wp-json\/wp\/v2\/product"}],"about":[{"href":"https:\/\/motorrad-erinnerungen.de\/shop\/wp-json\/wp\/v2\/types\/product"}],"wp:featuredmedia":[{"embeddable":true,"href":"https:\/\/motorrad-erinnerungen.de\/shop\/wp-json\/wp\/v2\/media\/14204"}],"wp:attachment":[{"href":"https:\/\/motorrad-erinnerungen.de\/shop\/wp-json\/wp\/v2\/media?parent=14214"}],"wp:term":[{"taxonomy":"product_brand","embeddable":true,"href":"https:\/\/motorrad-erinnerungen.de\/shop\/wp-json\/wp\/v2\/product_brand?post=14214"},{"taxonomy":"product_cat","embeddable":true,"href":"https:\/\/motorrad-erinnerungen.de\/shop\/wp-json\/wp\/v2\/product_cat?post=14214"},{"taxonomy":"product_tag","embeddable":true,"href":"https:\/\/motorrad-erinnerungen.de\/shop\/wp-json\/wp\/v2\/product_tag?post=14214"}],"curies":[{"name":"wp","href":"https:\/\/api.w.org\/{rel}","templated":true}]}}