{"id":14221,"date":"2026-02-08T11:20:01","date_gmt":"2026-02-08T10:20:01","guid":{"rendered":"https:\/\/motorrad-erinnerungen.de\/shop\/produkt\/oldtimer-praxis-03-2018-citroen-2cv-bmw-r-69-s-cezeta-rikscha-505\/"},"modified":"2026-02-08T11:47:03","modified_gmt":"2026-02-08T10:47:03","slug":"oldtimer-praxis-03-2018-citroen-2cv-bmw-r-69-s-cezeta-rikscha-505","status":"publish","type":"product","link":"https:\/\/motorrad-erinnerungen.de\/shop\/produkt\/oldtimer-praxis-03-2018-citroen-2cv-bmw-r-69-s-cezeta-rikscha-505\/","title":{"rendered":"Oldtimer Praxis 03\/2018 \u2013 Citro\u00ebn 2CV; BMW R 69 S; \u010cezeta Rikscha 505"},"content":{"rendered":"<p>Ein St\u00fcck Zeitgeschichte f\u00fcr Fans klassischer Technik: die <strong>Oldtimer Praxis 03\/2018<\/strong>.<\/p>\n<h2>\ud83d\udccc Titelthema dieser Ausgabe<\/h2>\n<ul>\n<li><strong>Citro\u00ebn 2CV<\/strong> \u2013 Patina restauriert! 67 Jahre alte 9-PS-Ente<\/li>\n<\/ul>\n<h2>\ud83c\udfcd\ufe0f Motorr\u00e4der &amp; Zweir\u00e4der in dieser Ausgabe<\/h2>\n<ul>\n<li><strong>BMW R 69 S<\/strong> \u2013 Erfahrungen mit einer Motorrad-Legende<\/li>\n<li><strong>\u010cezeta Rikscha 505<\/strong> \u2013 G\u00fcternahverkehr: Blickfang: \u010cezeta Rikscha 505<\/li>\n<li><strong>Sachs 50 SA<\/strong>\u00a0\u2013 Seziert: Der 50er Sachs-F\u00fcnfgangmotor<\/li>\n<\/ul>\n<h2>\ud83d\ude97 Weitere Oldtimer-Themen<\/h2>\n<ul>\n<li><strong>Ford Mustang Convertible 289<\/strong> \u2013 Mustang Cabrio: Schraubers Liebling<\/li>\n<li><strong>Rover P6 3500<\/strong> \u2013 Alles ganz anders: Schraubererfahrungen<\/li>\n<li><strong>VW Phaeton<\/strong> \u2013 Der ganz gro\u00dfe VW: Was er kann, was er kostet<\/li>\n<li><strong>Glas 1700 GT<\/strong> \u2013 Coup\u00e9 f\u00fcr Kenner: Zum Fahren vollrestauriert!<\/li>\n<li><strong>Volvo B30<\/strong> \u2013 Schwermetall: Volvos Dreiliter-Sechszylinder im Detail<\/li>\n<li><strong>Gussteilen<\/strong> \u2013 Aus einem Guss: Wie moderne Verfahren die Herstellung von Gussteilen in Kleinserie erm\u00f6glichen<\/li>\n<li><strong>Rost-Klassiker<\/strong> \u2013 Warum eine faule T\u00fcrhaut nicht zwangsl\u00e4ufig ein Fall f\u00fcr Profi-Blechner ist<\/li>\n<\/ul>\n<h2>\ud83d\udca1 Tipp<\/h2>\n<ul>\n<li>Eine Oldtimer-Zeitschrift kann auch eine willkommene \u00dcberraschung sein, f\u00fcr Liebhaber klassischer Autos und Motorr\u00e4der \u2013 zum Verschenken von Erinnerungen und Tr\u00e4umen.<\/li>\n<\/ul>\n<h2>\ud83d\udce6 Versand &amp; Service<\/h2>\n<ul>\n<li>Kostenloser Versand in Deutschland, Auslandsversand f\u00fcr eine geringe Pauschale<\/li>\n<li>Erfahrung aus weit \u00fcber 30.000 erfolgreichen Sendungen<\/li>\n<li>Ihre Zeitschrift wird sicher und liebevoll verpackt<\/li>\n<\/ul>\n<h2>\ud83c\udf0d Zustand der Zeitschrift<\/h2>\n<ul>\n<li>Gebraucht, weil gelesen, durchgebl\u00e4ttert, gestapelt, alles original \ud83d\ude09<\/li>\n<\/ul>\n","protected":false},"excerpt":{"rendered":"<p>Mehr als nur Altpapier: Diese Zeitschrift ist ein St\u00fcck Zeitgeschichte und technisches Archiv zugleich. Perfekt f\u00fcr Sammler und Schrauber, die tief in die Technik vergangener Jahrzehnte eintauchen m\u00f6chten.<\/p>\n","protected":false},"featured_media":14227,"template":"","meta":{"iawp_total_views":0},"product_brand":[],"product_cat":[10216],"product_tag":[13369,13370,13371,3628,13400,13401,11048,13402,11424,13173,13366,13367,13368],"class_list":{"0":"post-14221","1":"product","2":"type-product","3":"status-publish","4":"has-post-thumbnail","6":"product_cat-oldtimer-praxis","7":"product_tag-rost","8":"product_tag-vw-phaeton","9":"product_tag-volvo-b30","10":"product_tag-bmw-r-69-s","11":"product_tag-sachs-50-sa","12":"product_tag-ford-mustang-convertible-289","13":"product_tag-citroen-2cv","14":"product_tag-glas-1700-gt","15":"product_tag-rover-p6-3500","16":"product_tag-sachs-motor","17":"product_tag-cezeta-rikscha","18":"product_tag-ford-mustang-cabrio","19":"product_tag-gussteile","21":"first","22":"instock","23":"shipping-taxable","24":"purchasable","25":"product-type-simple"},"_links":{"self":[{"href":"https:\/\/motorrad-erinnerungen.de\/shop\/wp-json\/wp\/v2\/product\/14221","targetHints":{"allow":["GET"]}}],"collection":[{"href":"https:\/\/motorrad-erinnerungen.de\/shop\/wp-json\/wp\/v2\/product"}],"about":[{"href":"https:\/\/motorrad-erinnerungen.de\/shop\/wp-json\/wp\/v2\/types\/product"}],"wp:featuredmedia":[{"embeddable":true,"href":"https:\/\/motorrad-erinnerungen.de\/shop\/wp-json\/wp\/v2\/media\/14227"}],"wp:attachment":[{"href":"https:\/\/motorrad-erinnerungen.de\/shop\/wp-json\/wp\/v2\/media?parent=14221"}],"wp:term":[{"taxonomy":"product_brand","embeddable":true,"href":"https:\/\/motorrad-erinnerungen.de\/shop\/wp-json\/wp\/v2\/product_brand?post=14221"},{"taxonomy":"product_cat","embeddable":true,"href":"https:\/\/motorrad-erinnerungen.de\/shop\/wp-json\/wp\/v2\/product_cat?post=14221"},{"taxonomy":"product_tag","embeddable":true,"href":"https:\/\/motorrad-erinnerungen.de\/shop\/wp-json\/wp\/v2\/product_tag?post=14221"}],"curies":[{"name":"wp","href":"https:\/\/api.w.org\/{rel}","templated":true}]}}