{"id":14222,"date":"2026-02-08T11:20:01","date_gmt":"2026-02-08T10:20:01","guid":{"rendered":"https:\/\/motorrad-erinnerungen.de\/shop\/produkt\/oldtimer-praxis-04-2018-opel-kapitaen-heinkel-tourist-nimbus\/"},"modified":"2026-02-08T11:54:01","modified_gmt":"2026-02-08T10:54:01","slug":"oldtimer-praxis-04-2018-opel-kapitaen-heinkel-tourist-nimbus","status":"publish","type":"product","link":"https:\/\/motorrad-erinnerungen.de\/shop\/produkt\/oldtimer-praxis-04-2018-opel-kapitaen-heinkel-tourist-nimbus\/","title":{"rendered":"Oldtimer Praxis 04\/2018 \u2013 Opel Kapit\u00e4n; Heinkel Tourist; Nimbus II 750"},"content":{"rendered":"<p>Ein St\u00fcck Zeitgeschichte f\u00fcr Fans klassischer Technik: die <strong>Oldtimer Praxis 04\/2018<\/strong>.<\/p>\n<h2>\ud83d\udccc Titelthema dieser Ausgabe<\/h2>\n<ul>\n<li><strong>Opel Kapit\u00e4n<\/strong> \u2013 Der Chef kommt! Ein opulenter Luxusliner<\/li>\n<\/ul>\n<h2>\ud83c\udfcd\ufe0f Motorr\u00e4der &amp; Zweir\u00e4der in dieser Ausgabe<\/h2>\n<ul>\n<li><strong>Heinkel Tourist<\/strong> \u2013 Der Reise-Roller: Auf gro\u00dfer Fahrt mit dem Heinkel Tourist 103 A-2<\/li>\n<li><strong>Nimbus II 750<\/strong> \u2013 Werkstatt-Tagebuch: Ein Nimbus Schrauber erz\u00e4hlt<\/li>\n<li><strong>Suzuki GSX 1100<\/strong> \u2013 Seziert: Suzukis 1100er-GSX-Vierzylinder<\/li>\n<\/ul>\n<h2>\ud83d\ude97 Weitere Oldtimer-Themen<\/h2>\n<ul>\n<li><strong>BMW E9 3.0 CS<\/strong> \u2013 Rostige Realit\u00e4t: Zwischenbilanz der Restaurierung<\/li>\n<li><strong>Renault 5 Turbo<\/strong> \u2013 Kraftzwerg: Ab durch die Mitte<\/li>\n<li><strong>Volvo 66 DL<\/strong> \u2013 Ewig untersch\u00e4tzt: Ein richtig gutes Auto<\/li>\n<li><strong>Alfa Romeo 156 V6 24 V<\/strong> \u2013 Giulias Enkelin: Youngtimer-Tipp: Alfa 156<\/li>\n<li><strong>Kompressor-Technik<\/strong> \u2013 Leistungs-Wunder: Kompressor-Technik im Detail<\/li>\n<li><strong>Teilenachfertigung<\/strong> \u2013 Nix ist unm\u00f6glich&#8230; zumindest fast nix: Teilenachfertigung mit moderner Technik<\/li>\n<li><strong>T\u00fcrsanierung<\/strong> \u2013 Mach die T\u00fcr zu! T\u00fcrsanierung, Teil zwei: Wir greifen zum Schwei\u00dfger\u00e4t<\/li>\n<\/ul>\n<h2>\ud83d\udca1 Tipp<\/h2>\n<ul>\n<li>Eine Oldtimer-Zeitschrift kann auch eine willkommene \u00dcberraschung sein, f\u00fcr Liebhaber klassischer Autos und Motorr\u00e4der \u2013 zum Verschenken von Erinnerungen und Tr\u00e4umen.<\/li>\n<\/ul>\n<h2>\ud83d\udce6 Versand &amp; Service<\/h2>\n<ul>\n<li>Kostenloser Versand in Deutschland, Auslandsversand f\u00fcr eine geringe Pauschale<\/li>\n<li>Erfahrung aus weit \u00fcber 30.000 erfolgreichen Sendungen<\/li>\n<li>Ihre Zeitschrift wird sicher und liebevoll verpackt<\/li>\n<\/ul>\n<h2>\ud83c\udf0d Zustand der Zeitschrift<\/h2>\n<ul>\n<li>Gebraucht, weil gelesen, durchgebl\u00e4ttert, gestapelt, alles original \ud83d\ude09<\/li>\n<\/ul>\n","protected":false},"excerpt":{"rendered":"<p>Mehr als nur Altpapier: Diese Zeitschrift ist ein St\u00fcck Zeitgeschichte und technisches Archiv zugleich. Perfekt f\u00fcr Sammler und Schrauber, die tief in die Technik vergangener Jahrzehnte eintauchen m\u00f6chten.<\/p>\n","protected":false},"featured_media":14228,"template":"","meta":{"iawp_total_views":0},"product_brand":[],"product_cat":[10216],"product_tag":[11355,11651,13372,13373,13374,13375,879,13403,1530,13404,4412,11056],"class_list":{"0":"post-14222","1":"product","2":"type-product","3":"status-publish","4":"has-post-thumbnail","6":"product_cat-oldtimer-praxis","7":"product_tag-renault-5-turbo","8":"product_tag-schweissen","9":"product_tag-alfa-romeo-156","10":"product_tag-bmw-e9","11":"product_tag-kompressor","12":"product_tag-teilenachfertigung","13":"product_tag-suzuki-gsx-1100","14":"product_tag-nimbus-ii-750","15":"product_tag-heinkel-tourist","16":"product_tag-volvo-66-dl","17":"product_tag-heinkel-tourist-103-a-2","18":"product_tag-opel-kapitaen","20":"first","21":"instock","22":"shipping-taxable","23":"purchasable","24":"product-type-simple"},"_links":{"self":[{"href":"https:\/\/motorrad-erinnerungen.de\/shop\/wp-json\/wp\/v2\/product\/14222","targetHints":{"allow":["GET"]}}],"collection":[{"href":"https:\/\/motorrad-erinnerungen.de\/shop\/wp-json\/wp\/v2\/product"}],"about":[{"href":"https:\/\/motorrad-erinnerungen.de\/shop\/wp-json\/wp\/v2\/types\/product"}],"wp:featuredmedia":[{"embeddable":true,"href":"https:\/\/motorrad-erinnerungen.de\/shop\/wp-json\/wp\/v2\/media\/14228"}],"wp:attachment":[{"href":"https:\/\/motorrad-erinnerungen.de\/shop\/wp-json\/wp\/v2\/media?parent=14222"}],"wp:term":[{"taxonomy":"product_brand","embeddable":true,"href":"https:\/\/motorrad-erinnerungen.de\/shop\/wp-json\/wp\/v2\/product_brand?post=14222"},{"taxonomy":"product_cat","embeddable":true,"href":"https:\/\/motorrad-erinnerungen.de\/shop\/wp-json\/wp\/v2\/product_cat?post=14222"},{"taxonomy":"product_tag","embeddable":true,"href":"https:\/\/motorrad-erinnerungen.de\/shop\/wp-json\/wp\/v2\/product_tag?post=14222"}],"curies":[{"name":"wp","href":"https:\/\/api.w.org\/{rel}","templated":true}]}}