{"id":14244,"date":"2026-02-08T22:45:25","date_gmt":"2026-02-08T21:45:25","guid":{"rendered":"https:\/\/motorrad-erinnerungen.de\/shop\/produkt\/oldtimer-praxis-07-2018-volvo-262-c-gilera-saturno-kreidler-florett-almdudler\/"},"modified":"2026-02-08T22:54:00","modified_gmt":"2026-02-08T21:54:00","slug":"oldtimer-praxis-07-2018-volvo-262-c-gilera-saturno-kreidler-florett-almdudler","status":"publish","type":"product","link":"https:\/\/motorrad-erinnerungen.de\/shop\/produkt\/oldtimer-praxis-07-2018-volvo-262-c-gilera-saturno-kreidler-florett-almdudler\/","title":{"rendered":"Oldtimer Praxis 07\/2018 \u2013 Volvo 262 C; Gilera Saturno; Kreidler Florett Almdudler"},"content":{"rendered":"<p>Ein St\u00fcck Zeitgeschichte f\u00fcr Fans klassischer Technik: die <strong>Oldtimer Praxis 07\/2018<\/strong>.<\/p>\n<h2>\ud83d\udccc Titelthema dieser Ausgabe<\/h2>\n<ul>\n<li><strong>Volvo 262 C<\/strong> \u2013 Bertones Burg: Volvo 262 C<\/li>\n<\/ul>\n<h2>\ud83c\udfcd\ufe0f Motorr\u00e4der &amp; Zweir\u00e4der in dieser Ausgabe<\/h2>\n<ul>\n<li><strong>Gilera Saturno Bialbero<\/strong> \u2013 Einzylinder-Traum: Erfahrungen<\/li>\n<li><strong>Kreidler Florett Gel\u00e4ndesport 1959<\/strong>\u00a0\u2013 Mit 50 Kubik ins Gel\u00e4nde: Kreidler Florett Almdudler<\/li>\n<li><strong>M\u00fcnch 1200 TTS<\/strong> \u2013 Seziert: Der Motor der M\u00fcnch 4 im Detail<\/li>\n<\/ul>\n<h2>\ud83d\ude97 Weitere Oldtimer-Themen<\/h2>\n<ul>\n<li><strong>Mercedes SL 350 R230<\/strong> \u2013 In Reichweite: Oberklasse<\/li>\n<li><strong>Ford Taunus Transit 800<\/strong> \u2013 Die gro\u00dfe Freiheit: Mit Westfalia-Ausbau der Sonne entgegen<\/li>\n<li><strong>Alfa Romeo Spider Duetto<\/strong> \u2013 Erster Versuch: Betreutes Schrauben<\/li>\n<li><strong>Opel Rekord B 1900<\/strong> \u2013 \u00dcbergangsmodell: Der Sonderfall: Opel Rekord B<\/li>\n<li><strong>MG-XPAG-Motor<\/strong> \u2013 Autotechnik im Detail: Der MG-XPAG-Motor<\/li>\n<li><strong>Hobby-Drehbank<\/strong> \u2013 Alles dreht sich: Sie sind auf der Suche nach einer Hobby-Drehbank?<\/li>\n<li><strong>Sicherungen<\/strong> \u2013 Auf Nummer sicher: Bevor die Fuhre abraucht: Sicherungen nachr\u00fcsten, Sicherungsk\u00e4sten optimieren<\/li>\n<\/ul>\n<h2>\ud83d\udca1 Tipp<\/h2>\n<ul>\n<li>Eine Oldtimer-Zeitschrift kann auch eine willkommene \u00dcberraschung sein, f\u00fcr Liebhaber klassischer Autos und Motorr\u00e4der \u2013 zum Verschenken von Erinnerungen und Tr\u00e4umen.<\/li>\n<\/ul>\n<h2>\ud83d\udce6 Versand &amp; Service<\/h2>\n<ul>\n<li>Kostenloser Versand in Deutschland, Auslandsversand f\u00fcr eine geringe Pauschale<\/li>\n<li>Erfahrung aus weit \u00fcber 30.000 erfolgreichen Sendungen<\/li>\n<li>Ihre Zeitschrift wird sicher und liebevoll verpackt<\/li>\n<\/ul>\n<h2>\ud83c\udf0d Zustand der Zeitschrift<\/h2>\n<ul>\n<li>Gebraucht, weil gelesen, durchgebl\u00e4ttert, gestapelt, alles original \ud83d\ude09<\/li>\n<\/ul>\n","protected":false},"excerpt":{"rendered":"<p>Mehr als nur Altpapier: Diese Zeitschrift ist ein St\u00fcck Zeitgeschichte und technisches Archiv zugleich. Perfekt f\u00fcr Sammler und Schrauber, die tief in die Technik vergangener Jahrzehnte eintauchen m\u00f6chten.<\/p>\n","protected":false},"featured_media":14231,"template":"","meta":{"iawp_total_views":0},"product_brand":[],"product_cat":[10216],"product_tag":[13448,11290,13449,12081,13450,13005,13411,13412,13413,13414,13445,163,13446,4064,13447],"class_list":{"0":"post-14244","1":"product","2":"type-product","3":"status-publish","4":"has-post-thumbnail","6":"product_cat-oldtimer-praxis","7":"product_tag-ford-taunus-transit-800","8":"product_tag-volvo-262-c","9":"product_tag-alfa-romeo-spider-duetto","10":"product_tag-drehbank","11":"product_tag-kreidler-florett-gelaendesport-1959","12":"product_tag-muench-4","13":"product_tag-ford-fk","14":"product_tag-mg-xpag-motor","15":"product_tag-mercedes-r-230","16":"product_tag-sicherungen","17":"product_tag-muench-1200-tts","18":"product_tag-kreidler-florett","19":"product_tag-mercedes-sl-350","20":"product_tag-gilera-saturno","21":"product_tag-opel-rekord-b-1900","23":"first","24":"instock","25":"shipping-taxable","26":"purchasable","27":"product-type-simple"},"_links":{"self":[{"href":"https:\/\/motorrad-erinnerungen.de\/shop\/wp-json\/wp\/v2\/product\/14244","targetHints":{"allow":["GET"]}}],"collection":[{"href":"https:\/\/motorrad-erinnerungen.de\/shop\/wp-json\/wp\/v2\/product"}],"about":[{"href":"https:\/\/motorrad-erinnerungen.de\/shop\/wp-json\/wp\/v2\/types\/product"}],"wp:featuredmedia":[{"embeddable":true,"href":"https:\/\/motorrad-erinnerungen.de\/shop\/wp-json\/wp\/v2\/media\/14231"}],"wp:attachment":[{"href":"https:\/\/motorrad-erinnerungen.de\/shop\/wp-json\/wp\/v2\/media?parent=14244"}],"wp:term":[{"taxonomy":"product_brand","embeddable":true,"href":"https:\/\/motorrad-erinnerungen.de\/shop\/wp-json\/wp\/v2\/product_brand?post=14244"},{"taxonomy":"product_cat","embeddable":true,"href":"https:\/\/motorrad-erinnerungen.de\/shop\/wp-json\/wp\/v2\/product_cat?post=14244"},{"taxonomy":"product_tag","embeddable":true,"href":"https:\/\/motorrad-erinnerungen.de\/shop\/wp-json\/wp\/v2\/product_tag?post=14244"}],"curies":[{"name":"wp","href":"https:\/\/api.w.org\/{rel}","templated":true}]}}