{"id":14245,"date":"2026-02-08T22:45:26","date_gmt":"2026-02-08T21:45:26","guid":{"rendered":"https:\/\/motorrad-erinnerungen.de\/shop\/produkt\/oldtimer-praxis-08-2018-fiat-x-1-9-mv-agusta-350-b-nsu-fox\/"},"modified":"2026-02-08T23:02:22","modified_gmt":"2026-02-08T22:02:22","slug":"oldtimer-praxis-08-2018-fiat-x-1-9-mv-agusta-350-b-nsu-fox","status":"publish","type":"product","link":"https:\/\/motorrad-erinnerungen.de\/shop\/produkt\/oldtimer-praxis-08-2018-fiat-x-1-9-mv-agusta-350-b-nsu-fox\/","title":{"rendered":"Oldtimer Praxis 08\/2018 \u2013 Fiat X 1\/9 five speed; MV Agusta 350 B; NSU Fox"},"content":{"rendered":"<p>Ein St\u00fcck Zeitgeschichte f\u00fcr Fans klassischer Technik: die <strong>Oldtimer Praxis 08\/2018<\/strong>.<\/p>\n<h2>\ud83d\udccc Titelthema dieser Ausgabe<\/h2>\n<ul>\n<li><strong>Fiat X 1\/9 five speed<\/strong> \u2013 Fahrspa\u00df pur! Sieht nicht wirklich alt aus.<\/li>\n<\/ul>\n<h2>\ud83c\udfcd\ufe0f Motorr\u00e4der &amp; Zweir\u00e4der in dieser Ausgabe<\/h2>\n<ul>\n<li><strong>MV Agusta 350 B<\/strong> \u2013 Ein gro\u00dfer Name: Restauriert<\/li>\n<li><strong>NSU Fox<\/strong> \u2013 Im Originallack belassen: wie sch\u00f6n Patina sein kann<\/li>\n<li><strong>Rotax-ohc Typ 506<\/strong> \u2013 Seziert: Der Rotax-ohv-Einzylinder<\/li>\n<\/ul>\n<h2>\ud83d\ude97 Weitere Oldtimer-Themen<\/h2>\n<ul>\n<li><strong>Audi 100 Coup\u00e9 S<\/strong> \u2013 Schmales Budget&#8230; &#8230;feines Ergebnis: Audi 100 Coup\u00e9 S<\/li>\n<li><strong>Toyota Land Cruiser HDJ 100<\/strong> \u2013 In Top-Qualit\u00e4t: Youngtimer<\/li>\n<li><strong>Peugeot 304 S Cabriolet<\/strong> \u2013 Ab in die Sonne: Rost lass&#8216; nach<\/li>\n<li><strong>Borgward P 100<\/strong> \u2013 Kapit\u00e4n aus Bremen: Langzeitstudie<\/li>\n<li><strong>Chrysler Hemi-V8<\/strong> \u2013 Motorenlegende unter der Lupe<\/li>\n<li><strong>Drehbank-Werkzeug<\/strong> \u2013 Der richtige Dreh: Tipps f\u00fcrs optimale Drehbank-Werkzeug<\/li>\n<li><strong>Radlager<\/strong> \u2013 Von Rad und Tat: Checken, abschmieren, einstellen, ersetzen \u2013 Tipps rund ums Radlager<\/li>\n<\/ul>\n<h2>\ud83d\udca1 Tipp<\/h2>\n<ul>\n<li>Eine Oldtimer-Zeitschrift kann auch eine willkommene \u00dcberraschung sein, f\u00fcr Liebhaber klassischer Autos und Motorr\u00e4der \u2013 zum Verschenken von Erinnerungen und Tr\u00e4umen.<\/li>\n<\/ul>\n<h2>\ud83d\udce6 Versand &amp; Service<\/h2>\n<ul>\n<li>Kostenloser Versand in Deutschland, Auslandsversand f\u00fcr eine geringe Pauschale<\/li>\n<li>Erfahrung aus weit \u00fcber 30.000 erfolgreichen Sendungen<\/li>\n<li>Ihre Zeitschrift wird sicher und liebevoll verpackt<\/li>\n<\/ul>\n<h2>\ud83c\udf0d Zustand der Zeitschrift<\/h2>\n<ul>\n<li>Gebraucht, weil gelesen, durchgebl\u00e4ttert, gestapelt, alles original \ud83d\ude09<\/li>\n<\/ul>\n","protected":false},"excerpt":{"rendered":"<p>Mehr als nur Altpapier: Diese Zeitschrift ist ein St\u00fcck Zeitgeschichte und technisches Archiv zugleich. Perfekt f\u00fcr Sammler und Schrauber, die tief in die Technik vergangener Jahrzehnte eintauchen m\u00f6chten.<\/p>\n","protected":false},"featured_media":14232,"template":"","meta":{"iawp_total_views":0},"product_brand":[],"product_cat":[10216],"product_tag":[12240,13415,13416,13418,13419,13451,136,13452,13453,11523,11722,12081],"class_list":{"0":"post-14245","1":"product","2":"type-product","3":"status-publish","4":"has-post-thumbnail","6":"product_cat-oldtimer-praxis","7":"product_tag-radlager","8":"product_tag-borgward-p-100","9":"product_tag-chrysler-hemi-v8","10":"product_tag-mv-agusta-350-b","11":"product_tag-rotax-motor","12":"product_tag-fiat-x-1-9-five-speed","13":"product_tag-nsu-fox","14":"product_tag-rotax-ohc-typ-506","15":"product_tag-peugeot-304-s-cabriolet","16":"product_tag-toyota-land-cruiser","17":"product_tag-audi-100-coupe-s","18":"product_tag-drehbank","20":"first","21":"instock","22":"shipping-taxable","23":"purchasable","24":"product-type-simple"},"_links":{"self":[{"href":"https:\/\/motorrad-erinnerungen.de\/shop\/wp-json\/wp\/v2\/product\/14245","targetHints":{"allow":["GET"]}}],"collection":[{"href":"https:\/\/motorrad-erinnerungen.de\/shop\/wp-json\/wp\/v2\/product"}],"about":[{"href":"https:\/\/motorrad-erinnerungen.de\/shop\/wp-json\/wp\/v2\/types\/product"}],"wp:featuredmedia":[{"embeddable":true,"href":"https:\/\/motorrad-erinnerungen.de\/shop\/wp-json\/wp\/v2\/media\/14232"}],"wp:attachment":[{"href":"https:\/\/motorrad-erinnerungen.de\/shop\/wp-json\/wp\/v2\/media?parent=14245"}],"wp:term":[{"taxonomy":"product_brand","embeddable":true,"href":"https:\/\/motorrad-erinnerungen.de\/shop\/wp-json\/wp\/v2\/product_brand?post=14245"},{"taxonomy":"product_cat","embeddable":true,"href":"https:\/\/motorrad-erinnerungen.de\/shop\/wp-json\/wp\/v2\/product_cat?post=14245"},{"taxonomy":"product_tag","embeddable":true,"href":"https:\/\/motorrad-erinnerungen.de\/shop\/wp-json\/wp\/v2\/product_tag?post=14245"}],"curies":[{"name":"wp","href":"https:\/\/api.w.org\/{rel}","templated":true}]}}