{"id":14246,"date":"2026-02-08T22:45:26","date_gmt":"2026-02-08T21:45:26","guid":{"rendered":"https:\/\/motorrad-erinnerungen.de\/shop\/produkt\/oldtimer-praxis-09-2018-ford-17m-rs-p7b-honda-cb-500-bmw-r62\/"},"modified":"2026-02-08T23:18:21","modified_gmt":"2026-02-08T22:18:21","slug":"oldtimer-praxis-09-2018-ford-17m-rs-p7b-honda-cb-500-bmw-r62","status":"publish","type":"product","link":"https:\/\/motorrad-erinnerungen.de\/shop\/produkt\/oldtimer-praxis-09-2018-ford-17m-rs-p7b-honda-cb-500-bmw-r62\/","title":{"rendered":"Oldtimer Praxis 09\/2018 \u2013 Ford 17M RS Limousine; Honda CB 500 Four; BMW R 62 Gespann"},"content":{"rendered":"<p>Ein St\u00fcck Zeitgeschichte f\u00fcr Fans klassischer Technik: die <strong>Oldtimer Praxis 09\/2018<\/strong>.<\/p>\n<h2>\ud83d\udccc Titelthema dieser Ausgabe<\/h2>\n<ul>\n<li><strong>Ford 17M RS Limousine P7b<\/strong>\u00a0\u2013 B\u00fcrger-Meister: Ford 17M RS<\/li>\n<\/ul>\n<h2>\ud83c\udfcd\ufe0f Motorr\u00e4der &amp; Zweir\u00e4der in dieser Ausgabe<\/h2>\n<ul>\n<li><strong>Honda CB 500 Four<\/strong> \u2013 Race-Replika: Honda CB 500<\/li>\n<li><strong>BMW R62<\/strong> \u2013 Rares Gespann: BMW R62 mit Favorit-Seitenwagen<\/li>\n<li><strong>Maico GM 500<\/strong> \u2013 Seziert: Das Kraftpaket<\/li>\n<\/ul>\n<h2>\ud83d\ude97 Weitere Oldtimer-Themen<\/h2>\n<ul>\n<li><strong>Chevrolet Corvette C4 Coup\u00e9<\/strong> \u2013 American Sports: Nur Positives: Corvette C4<\/li>\n<li><strong>Opel Kadett C 1,2<\/strong>\u00a0\u2013 Treuer Freund: Ein halbes Leben mit dem Kadett Coup\u00e9<\/li>\n<li><strong>VW Lupo 3L TDI<\/strong> \u2013 Mehr Sparspa\u00df! Youngtimer-Tipp: VW Lupo 3L<\/li>\n<li><strong>Triumph TR4<\/strong> \u2013 Rostiger Roadster: Gro\u00dfbaustelle<\/li>\n<li><strong>Lancia Aurelia B24 VR6<\/strong> \u2013 Motoren-Legende unter der Lupe: Lancia VR6<\/li>\n<li><strong>Lichtanlage<\/strong> \u2013 Erhellende Ideen: Nie mehr Blindflug: Wie Sie die Lichtanlage Ihres Oldies in Bestform bringen<\/li>\n<li><strong>\u00d6lkreislauf<\/strong> \u2013 Wer gut schmiert: Vom Einf\u00fcllstutzen bis zum \u00dcberdruckventil: Der \u00d6lkreislauf im Detail<\/li>\n<\/ul>\n<h2>\ud83d\udca1 Tipp<\/h2>\n<ul>\n<li>Eine Oldtimer-Zeitschrift kann auch eine willkommene \u00dcberraschung sein, f\u00fcr Liebhaber klassischer Autos und Motorr\u00e4der \u2013 zum Verschenken von Erinnerungen und Tr\u00e4umen.<\/li>\n<\/ul>\n<h2>\ud83d\udce6 Versand &amp; Service<\/h2>\n<ul>\n<li>Kostenloser Versand in Deutschland, Auslandsversand f\u00fcr eine geringe Pauschale<\/li>\n<li>Erfahrung aus weit \u00fcber 30.000 erfolgreichen Sendungen<\/li>\n<li>Ihre Zeitschrift wird sicher und liebevoll verpackt<\/li>\n<\/ul>\n<h2>\ud83c\udf0d Zustand der Zeitschrift<\/h2>\n<ul>\n<li>Gebraucht, weil gelesen, durchgebl\u00e4ttert, gestapelt, alles original \ud83d\ude09<\/li>\n<\/ul>\n","protected":false},"excerpt":{"rendered":"<p>Mehr als nur Altpapier: Diese Zeitschrift ist ein St\u00fcck Zeitgeschichte und technisches Archiv zugleich. Perfekt f\u00fcr Sammler und Schrauber, die tief in die Technik vergangener Jahrzehnte eintauchen m\u00f6chten.<\/p>\n","protected":false},"featured_media":14233,"template":"","meta":{"iawp_total_views":0},"product_brand":[],"product_cat":[10216],"product_tag":[13456,347,13458,6913,13459,13460,11295,11439,11625,11708,13420,13454,13455],"class_list":{"0":"post-14246","1":"product","2":"type-product","3":"status-publish","4":"has-post-thumbnail","6":"product_cat-oldtimer-praxis","7":"product_tag-opel-kadett-c-1","8":"product_tag-honda-cb-500-four","9":"product_tag-bmw-r-62-gespann","10":"product_tag-maico-gm-500","11":"product_tag-favorit-seitenwagen","12":"product_tag-lancia-aurelia-b24-vr6","13":"product_tag-oelkreislauf","14":"product_tag-triumph-tr4","15":"product_tag-corvette-c4","16":"product_tag-lichtanlage","17":"product_tag-ford-17m-rs","18":"product_tag-vw-lupo-3l-tdi","19":"product_tag-chevrolet-corvette-c4-coupe","21":"first","22":"instock","23":"shipping-taxable","24":"purchasable","25":"product-type-simple"},"_links":{"self":[{"href":"https:\/\/motorrad-erinnerungen.de\/shop\/wp-json\/wp\/v2\/product\/14246","targetHints":{"allow":["GET"]}}],"collection":[{"href":"https:\/\/motorrad-erinnerungen.de\/shop\/wp-json\/wp\/v2\/product"}],"about":[{"href":"https:\/\/motorrad-erinnerungen.de\/shop\/wp-json\/wp\/v2\/types\/product"}],"wp:featuredmedia":[{"embeddable":true,"href":"https:\/\/motorrad-erinnerungen.de\/shop\/wp-json\/wp\/v2\/media\/14233"}],"wp:attachment":[{"href":"https:\/\/motorrad-erinnerungen.de\/shop\/wp-json\/wp\/v2\/media?parent=14246"}],"wp:term":[{"taxonomy":"product_brand","embeddable":true,"href":"https:\/\/motorrad-erinnerungen.de\/shop\/wp-json\/wp\/v2\/product_brand?post=14246"},{"taxonomy":"product_cat","embeddable":true,"href":"https:\/\/motorrad-erinnerungen.de\/shop\/wp-json\/wp\/v2\/product_cat?post=14246"},{"taxonomy":"product_tag","embeddable":true,"href":"https:\/\/motorrad-erinnerungen.de\/shop\/wp-json\/wp\/v2\/product_tag?post=14246"}],"curies":[{"name":"wp","href":"https:\/\/api.w.org\/{rel}","templated":true}]}}