{"id":14258,"date":"2026-02-09T15:26:29","date_gmt":"2026-02-09T14:26:29","guid":{"rendered":"https:\/\/motorrad-erinnerungen.de\/shop\/produkt\/oldtimer-praxis-02-2019-dodge-monaco-kawasaki-900-z1-gilera-saturno\/"},"modified":"2026-02-09T22:44:24","modified_gmt":"2026-02-09T21:44:24","slug":"oldtimer-praxis-02-2019-dodge-monaco-kawasaki-900-z1-gilera-saturno","status":"publish","type":"product","link":"https:\/\/motorrad-erinnerungen.de\/shop\/produkt\/oldtimer-praxis-02-2019-dodge-monaco-kawasaki-900-z1-gilera-saturno\/","title":{"rendered":"Oldtimer Praxis 02\/2019 \u2013 Dodge Monaco 440; Kawasaki 900 Z1; Hermes 125"},"content":{"rendered":"<p>Ein St\u00fcck Zeitgeschichte f\u00fcr Fans klassischer Technik: die <strong>Oldtimer Praxis 02\/2019<\/strong>.<\/p>\n<h2>\ud83d\udccc Titelthema dieser Ausgabe<\/h2>\n<ul>\n<li><strong>Dodge Monaco 440<\/strong> \u2013 Das Blues-Mobil: Im Auftrag des Herrn<\/li>\n<\/ul>\n<h2>\ud83c\udfcd\ufe0f Motorr\u00e4der &amp; Zweir\u00e4der in dieser Ausgabe<\/h2>\n<ul>\n<li><strong>Kawasaki 900 Z1<\/strong> \u2013 Kult-Bike der Siebziger<\/li>\n<li><strong>Gilera Saturno<\/strong> \u2013 Seziert: Der ohv-Einzylinder im Detail<\/li>\n<li><strong>Hermes 125<\/strong> \u2013 Fr\u00fchwerk: Die Entdeckung der Einfachheit<\/li>\n<\/ul>\n<h2>\ud83d\ude97 Weitere Oldtimer-Themen<\/h2>\n<ul>\n<li><strong>Citro\u00ebn D Super 5<\/strong> \u2013 Herausforderung: Halbzeit: Citro\u00ebn DS im Rohbau<\/li>\n<li><strong>Daihatsu Copen<\/strong> \u2013 Spridgets Erbe: Youngtimer-Tipp<\/li>\n<li><strong>Opel Manta 1900 SR<\/strong> \u2013 Immer jung! Tolle Arbeit<\/li>\n<li><strong>Fiat 850<\/strong> \u2013 Schnee und Eis: F\u00fcr Winterrallyes restauriert<\/li>\n<li><strong>DAF 33 Boxer<\/strong> \u2013 Der clevere Boxermotor im Detail<\/li>\n<li><strong>Bordwerkzeug<\/strong> \u2013 Erste Hilfe: Tipps zum perfekten Bordwerkzeug und elementaren Notfall-Ersatzteilen<\/li>\n<li><strong>Tacho defekt<\/strong> \u2013 Anzeige machen: Was zu tun ist, wenn Tacho, Tourenz\u00e4hler &amp; Co. den Geist aufgeben<\/li>\n<\/ul>\n<h2>\ud83d\udca1 Tipp<\/h2>\n<ul>\n<li>Eine Oldtimer-Zeitschrift kann auch eine willkommene \u00dcberraschung sein, f\u00fcr Liebhaber klassischer Autos und Motorr\u00e4der \u2013 zum Verschenken von Erinnerungen und Tr\u00e4umen.<\/li>\n<\/ul>\n<h2>\ud83d\udce6 Versand &amp; Service<\/h2>\n<ul>\n<li>Kostenloser Versand in Deutschland, Auslandsversand f\u00fcr eine geringe Pauschale<\/li>\n<li>Erfahrung aus weit \u00fcber 30.000 erfolgreichen Sendungen<\/li>\n<li>Ihre Zeitschrift wird sicher und liebevoll verpackt<\/li>\n<\/ul>\n<h2>\ud83c\udf0d Zustand der Zeitschrift<\/h2>\n<ul>\n<li>Gebraucht, weil gelesen, durchgebl\u00e4ttert, gestapelt, alles original \ud83d\ude09<\/li>\n<\/ul>\n","protected":false},"excerpt":{"rendered":"<p>Mehr als nur Altpapier: Diese Zeitschrift ist ein St\u00fcck Zeitgeschichte und technisches Archiv zugleich. Perfekt f\u00fcr Sammler und Schrauber, die tief in die Technik vergangener Jahrzehnte eintauchen m\u00f6chten.<\/p>\n","protected":false},"featured_media":14264,"template":"","meta":{"iawp_total_views":0},"product_brand":[],"product_cat":[10216],"product_tag":[4064,13524,10935,11639,11659,13475,13476,13477,13479,13480,614,13523],"class_list":{"0":"post-14258","1":"product","2":"type-product","3":"status-publish","4":"has-post-thumbnail","6":"product_cat-oldtimer-praxis","7":"product_tag-gilera-saturno","8":"product_tag-citroen-d-super-5","9":"product_tag-opel-manta-a","10":"product_tag-citroen-ds","11":"product_tag-fiat-850","12":"product_tag-bordwerkzeug","13":"product_tag-daf-33-boxer","14":"product_tag-daihatsu-copen","15":"product_tag-hermes-125","16":"product_tag-tacho","17":"product_tag-kawasaki-z1","18":"product_tag-dodge-monaco-440","20":"first","21":"instock","22":"shipping-taxable","23":"purchasable","24":"product-type-simple"},"_links":{"self":[{"href":"https:\/\/motorrad-erinnerungen.de\/shop\/wp-json\/wp\/v2\/product\/14258","targetHints":{"allow":["GET"]}}],"collection":[{"href":"https:\/\/motorrad-erinnerungen.de\/shop\/wp-json\/wp\/v2\/product"}],"about":[{"href":"https:\/\/motorrad-erinnerungen.de\/shop\/wp-json\/wp\/v2\/types\/product"}],"wp:featuredmedia":[{"embeddable":true,"href":"https:\/\/motorrad-erinnerungen.de\/shop\/wp-json\/wp\/v2\/media\/14264"}],"wp:attachment":[{"href":"https:\/\/motorrad-erinnerungen.de\/shop\/wp-json\/wp\/v2\/media?parent=14258"}],"wp:term":[{"taxonomy":"product_brand","embeddable":true,"href":"https:\/\/motorrad-erinnerungen.de\/shop\/wp-json\/wp\/v2\/product_brand?post=14258"},{"taxonomy":"product_cat","embeddable":true,"href":"https:\/\/motorrad-erinnerungen.de\/shop\/wp-json\/wp\/v2\/product_cat?post=14258"},{"taxonomy":"product_tag","embeddable":true,"href":"https:\/\/motorrad-erinnerungen.de\/shop\/wp-json\/wp\/v2\/product_tag?post=14258"}],"curies":[{"name":"wp","href":"https:\/\/api.w.org\/{rel}","templated":true}]}}