{"id":14260,"date":"2026-02-09T15:26:29","date_gmt":"2026-02-09T14:26:29","guid":{"rendered":"https:\/\/motorrad-erinnerungen.de\/shop\/produkt\/oldtimer-praxis-04-2019-saab-900-hercules-r-200-ural-gespanne\/"},"modified":"2026-02-09T23:03:05","modified_gmt":"2026-02-09T22:03:05","slug":"oldtimer-praxis-04-2019-saab-900-hercules-r-200-ural-gespanne","status":"publish","type":"product","link":"https:\/\/motorrad-erinnerungen.de\/shop\/produkt\/oldtimer-praxis-04-2019-saab-900-hercules-r-200-ural-gespanne\/","title":{"rendered":"Oldtimer Praxis 04\/2019 \u2013 Saab 900 turbo 16S; Hercules R 200; Ural M63 Gespann"},"content":{"rendered":"<p>Ein St\u00fcck Zeitgeschichte f\u00fcr Fans klassischer Technik: die <strong>Oldtimer Praxis 04\/2019<\/strong>.<\/p>\n<h2>\ud83d\udccc Titelthema dieser Ausgabe<\/h2>\n<ul>\n<li><strong>Saab 900 turbo 16S<\/strong>\u00a0\u2013 Der Traum vom Langzeit-Auto: Saab 900<\/li>\n<\/ul>\n<h2>\ud83c\udfcd\ufe0f Motorr\u00e4der &amp; Zweir\u00e4der in dieser Ausgabe<\/h2>\n<ul>\n<li><strong>Hercules R 200<\/strong> \u2013 Richtig selten \u2013 und ziemlich flott<\/li>\n<li><strong>Ural M63 Gespann<\/strong>\u00a0\u2013 Nix Gummikuh! Mit Ural-Gespannen um die halbe Welt<\/li>\n<li><strong>Yamaha TR1<\/strong> \u2013 Seziert: Der 1000-Kubik-V2 im Detail<\/li>\n<\/ul>\n<h2>\ud83d\ude97 Weitere Oldtimer-Themen<\/h2>\n<ul>\n<li><strong>Nissan Figaro<\/strong> \u2013 Nippon-Charme: Youngtimer-Tipp<\/li>\n<li><strong>VW K\u00e4fer Cabrio<\/strong> \u2013 Kult-K\u00e4fer: Hebm\u00fcller-Cabrio in Arbeit<\/li>\n<li><strong>Mercedes 300 SL (R107)<\/strong> \u2013 Offene Fragen: Vom Leben mit dem Mercedes 300 SL<\/li>\n<li><strong>Packard Eight Modell 1001<\/strong> \u2013 Ganz viel Auto! Gr\u00f6\u00dfe von einst<\/li>\n<li><strong>Lloyd L 900 Boxer<\/strong> \u2013 Autotechnik unter der Lupe: Der Vierzylinder-Boxer der Lloyd Arabella<\/li>\n<li><strong>H\u00e4rten<\/strong> \u2013 H\u00e4rter werden! Wie sinnvoll ist das H\u00e4rten von Kurbelwelle &amp; Co.? Und wie teuer?<\/li>\n<li><strong>Werkstattheizungen<\/strong> \u2013 Hei\u00dfes Thema: Wie es in der Schrauberbude warm wird: Tipps zu Werkstattheizungen<\/li>\n<\/ul>\n<h2>\ud83d\udca1 Tipp<\/h2>\n<ul>\n<li>Eine Oldtimer-Zeitschrift kann auch eine willkommene \u00dcberraschung sein, f\u00fcr Liebhaber klassischer Autos und Motorr\u00e4der \u2013 zum Verschenken von Erinnerungen und Tr\u00e4umen.<\/li>\n<\/ul>\n<h2>\ud83d\udce6 Versand &amp; Service<\/h2>\n<ul>\n<li>Kostenloser Versand in Deutschland, Auslandsversand f\u00fcr eine geringe Pauschale<\/li>\n<li>Erfahrung aus weit \u00fcber 30.000 erfolgreichen Sendungen<\/li>\n<li>Ihre Zeitschrift wird sicher und liebevoll verpackt<\/li>\n<\/ul>\n<h2>\ud83c\udf0d Zustand der Zeitschrift<\/h2>\n<ul>\n<li>Gebraucht, weil gelesen, durchgebl\u00e4ttert, gestapelt, alles original \ud83d\ude09<\/li>\n<\/ul>\n","protected":false},"excerpt":{"rendered":"<p>Mehr als nur Altpapier: Diese Zeitschrift ist ein St\u00fcck Zeitgeschichte und technisches Archiv zugleich. Perfekt f\u00fcr Sammler und Schrauber, die tief in die Technik vergangener Jahrzehnte eintauchen m\u00f6chten.<\/p>\n","protected":false},"featured_media":14266,"template":"","meta":{"iawp_total_views":0},"product_brand":[],"product_cat":[10216],"product_tag":[13494,3504,13530,13531,11559,13532,12085,13533,13104,13487,13488,13489,13490,13492],"class_list":{"0":"post-14260","1":"product","2":"type-product","3":"status-publish","4":"has-post-thumbnail","6":"product_cat-oldtimer-praxis","7":"product_tag-werkstattheizung","8":"product_tag-yamaha-tr1","9":"product_tag-saab-900-turbo-16s","10":"product_tag-packard-eight-modell-1001","11":"product_tag-vw-kaefer-cabrio","12":"product_tag-ural-m63-gespann","13":"product_tag-lloyd-arabella","14":"product_tag-lloyd-l-900-boxer","15":"product_tag-mercedes-300-sl","16":"product_tag-hebmueller-kaefer","17":"product_tag-hercules-r-200","18":"product_tag-haerten","19":"product_tag-nissan-figaro","20":"product_tag-saab-900","22":"first","23":"instock","24":"shipping-taxable","25":"purchasable","26":"product-type-simple"},"_links":{"self":[{"href":"https:\/\/motorrad-erinnerungen.de\/shop\/wp-json\/wp\/v2\/product\/14260","targetHints":{"allow":["GET"]}}],"collection":[{"href":"https:\/\/motorrad-erinnerungen.de\/shop\/wp-json\/wp\/v2\/product"}],"about":[{"href":"https:\/\/motorrad-erinnerungen.de\/shop\/wp-json\/wp\/v2\/types\/product"}],"wp:featuredmedia":[{"embeddable":true,"href":"https:\/\/motorrad-erinnerungen.de\/shop\/wp-json\/wp\/v2\/media\/14266"}],"wp:attachment":[{"href":"https:\/\/motorrad-erinnerungen.de\/shop\/wp-json\/wp\/v2\/media?parent=14260"}],"wp:term":[{"taxonomy":"product_brand","embeddable":true,"href":"https:\/\/motorrad-erinnerungen.de\/shop\/wp-json\/wp\/v2\/product_brand?post=14260"},{"taxonomy":"product_cat","embeddable":true,"href":"https:\/\/motorrad-erinnerungen.de\/shop\/wp-json\/wp\/v2\/product_cat?post=14260"},{"taxonomy":"product_tag","embeddable":true,"href":"https:\/\/motorrad-erinnerungen.de\/shop\/wp-json\/wp\/v2\/product_tag?post=14260"}],"curies":[{"name":"wp","href":"https:\/\/api.w.org\/{rel}","templated":true}]}}