{"id":14261,"date":"2026-02-09T15:26:29","date_gmt":"2026-02-09T14:26:29","guid":{"rendered":"https:\/\/motorrad-erinnerungen.de\/shop\/produkt\/oldtimer-praxis-05-2019-bmw-3er-baur-e21-ural-gespanne-excel-350\/"},"modified":"2026-02-10T11:04:03","modified_gmt":"2026-02-10T10:04:03","slug":"oldtimer-praxis-05-2019-bmw-3er-baur-e21-ural-gespanne-excel-350","status":"publish","type":"product","link":"https:\/\/motorrad-erinnerungen.de\/shop\/produkt\/oldtimer-praxis-05-2019-bmw-3er-baur-e21-ural-gespanne-excel-350\/","title":{"rendered":"Oldtimer Praxis 05\/2019 \u2013 BMW 323i Baur TC1; Ural-Gespanne; Excel 350"},"content":{"rendered":"<p>Ein St\u00fcck Zeitgeschichte f\u00fcr Fans klassischer Technik: die <strong>Oldtimer Praxis 05\/2019<\/strong>.<\/p>\n<h2>\ud83d\udccc Titelthema dieser Ausgabe<\/h2>\n<ul>\n<li><strong>BMW 323i Baur TC1<\/strong> \u2013 Baur Topcabrio: Toller Kompromiss!<\/li>\n<\/ul>\n<h2>\ud83c\udfcd\ufe0f Motorr\u00e4der &amp; Zweir\u00e4der in dieser Ausgabe<\/h2>\n<ul>\n<li><strong>Ural-Gespanne<\/strong> \u2013 Auf die harte Tour: Vier Ural-Gespanne unterwegs nach New York<\/li>\n<li><strong>Excel 350\/ X.L. 350 cc<\/strong>\u00a0\u2013 Alterspr\u00e4sident: Die Rettung einer raren 350er Excel<\/li>\n<li><strong>MZ RE 125<\/strong> \u2013 Seziert: MZs 125er Drehschiebermotor<\/li>\n<\/ul>\n<h2>\ud83d\ude97 Weitere Oldtimer-Themen<\/h2>\n<ul>\n<li><strong>Range Rover S1<\/strong> \u2013 Der Trendsetter: Konsequent restauriert<\/li>\n<li><strong>Opel Calibra 2.0i 16V<\/strong> \u2013 Kurz vorm H! Youngtimer-Tipp<\/li>\n<li><strong>Auto Union 1000 Sp Roadster<\/strong> \u2013 Zeitlos sch\u00f6n: Fein gemacht: DKW 1000 SP Cabrio<\/li>\n<li><strong>Fiat 2300 S Coup\u00e9<\/strong> \u2013 Fiats Feinster: 60.000 Kilometer im 2300 S Coup\u00e9<\/li>\n<li><strong>Mercedes M110<\/strong> \u2013 Autotechnik im Detail: der M110-Doppelnocker von Mercedes<\/li>\n<li><strong>Bowdenzug<\/strong> \u2013 Ma\u00dfarbeit: Bowdenzug gerissen? Tachowelle gebrochen? F\u00fcr solche F\u00e4lle gibt&#8217;s Neuteile auf Ma\u00df<\/li>\n<li><strong>Batteriespulenz\u00fcndung<\/strong> \u2013 Z\u00fcndende Ideen: Batteriespulenz\u00fcndung: Tipps zu Funktion, Wartung und Reparatur<\/li>\n<\/ul>\n<h2>\ud83d\udca1 Tipp<\/h2>\n<ul>\n<li>Eine Oldtimer-Zeitschrift kann auch eine willkommene \u00dcberraschung sein, f\u00fcr Liebhaber klassischer Autos und Motorr\u00e4der \u2013 zum Verschenken von Erinnerungen und Tr\u00e4umen.<\/li>\n<\/ul>\n<h2>\ud83d\udce6 Versand &amp; Service<\/h2>\n<ul>\n<li>Kostenloser Versand in Deutschland, Auslandsversand f\u00fcr eine geringe Pauschale<\/li>\n<li>Erfahrung aus weit \u00fcber 30.000 erfolgreichen Sendungen<\/li>\n<li>Ihre Zeitschrift wird sicher und liebevoll verpackt<\/li>\n<\/ul>\n<h2>\ud83c\udf0d Zustand der Zeitschrift<\/h2>\n<ul>\n<li>Gebraucht, weil gelesen, durchgebl\u00e4ttert, gestapelt, alles original \ud83d\ude09<\/li>\n<\/ul>\n","protected":false},"excerpt":{"rendered":"<p>Mehr als nur Altpapier: Diese Zeitschrift ist ein St\u00fcck Zeitgeschichte und technisches Archiv zugleich. Perfekt f\u00fcr Sammler und Schrauber, die tief in die Technik vergangener Jahrzehnte eintauchen m\u00f6chten.<\/p>\n","protected":false},"featured_media":14267,"template":"","meta":{"iawp_total_views":2},"product_brand":[],"product_cat":[10216],"product_tag":[13535,4072,13536,13537,11035,13538,13493,13496,13497,13498,13499,13500,13534],"class_list":{"0":"post-14261","1":"product","2":"type-product","3":"status-publish","4":"has-post-thumbnail","6":"product_cat-oldtimer-praxis","7":"product_tag-excel-x-l-350-cc","8":"product_tag-mz-re-125","9":"product_tag-opel-calibra-2-0i-16v","10":"product_tag-range-rover-s1","11":"product_tag-dkw-1000-sp","12":"product_tag-auto-union-1000-sp-roadster","13":"product_tag-ural-gespann","14":"product_tag-batteriespulenzuendung","15":"product_tag-bowdenzug","16":"product_tag-excel-350","17":"product_tag-fiat-2300-s","18":"product_tag-mercedes-m110","19":"product_tag-bmw-323i-baur-tc1","21":"first","22":"instock","23":"shipping-taxable","24":"purchasable","25":"product-type-simple"},"_links":{"self":[{"href":"https:\/\/motorrad-erinnerungen.de\/shop\/wp-json\/wp\/v2\/product\/14261","targetHints":{"allow":["GET"]}}],"collection":[{"href":"https:\/\/motorrad-erinnerungen.de\/shop\/wp-json\/wp\/v2\/product"}],"about":[{"href":"https:\/\/motorrad-erinnerungen.de\/shop\/wp-json\/wp\/v2\/types\/product"}],"wp:featuredmedia":[{"embeddable":true,"href":"https:\/\/motorrad-erinnerungen.de\/shop\/wp-json\/wp\/v2\/media\/14267"}],"wp:attachment":[{"href":"https:\/\/motorrad-erinnerungen.de\/shop\/wp-json\/wp\/v2\/media?parent=14261"}],"wp:term":[{"taxonomy":"product_brand","embeddable":true,"href":"https:\/\/motorrad-erinnerungen.de\/shop\/wp-json\/wp\/v2\/product_brand?post=14261"},{"taxonomy":"product_cat","embeddable":true,"href":"https:\/\/motorrad-erinnerungen.de\/shop\/wp-json\/wp\/v2\/product_cat?post=14261"},{"taxonomy":"product_tag","embeddable":true,"href":"https:\/\/motorrad-erinnerungen.de\/shop\/wp-json\/wp\/v2\/product_tag?post=14261"}],"curies":[{"name":"wp","href":"https:\/\/api.w.org\/{rel}","templated":true}]}}