{"id":14287,"date":"2026-02-10T11:26:04","date_gmt":"2026-02-10T10:26:04","guid":{"rendered":"https:\/\/motorrad-erinnerungen.de\/shop\/produkt\/oldtimer-praxis-10-2019-fiat-500-n-harley-davidson-model-22-f-awo-mc-350-werksrennmotor\/"},"modified":"2026-02-10T20:53:10","modified_gmt":"2026-02-10T19:53:10","slug":"oldtimer-praxis-10-2019-fiat-500-n-harley-davidson-model-22-f-awo-mc-350-werksrennmotor","status":"publish","type":"product","link":"https:\/\/motorrad-erinnerungen.de\/shop\/produkt\/oldtimer-praxis-10-2019-fiat-500-n-harley-davidson-model-22-f-awo-mc-350-werksrennmotor\/","title":{"rendered":"Oldtimer Praxis 10\/2019 \u2013 Fiat 500 N; Harley-Davidson Model 22 F; Fantic 50 ccm"},"content":{"rendered":"<p>Ein St\u00fcck Zeitgeschichte f\u00fcr Fans klassischer Technik: die <strong>Oldtimer Praxis 10\/2019<\/strong>.<\/p>\n<h2>\ud83d\udccc Titelthema dieser Ausgabe<\/h2>\n<ul>\n<li><strong>Fiat 500 N (1959)<\/strong> \u2013 Man muss ihn lieben!<\/li>\n<\/ul>\n<h2>\ud83c\udfcd\ufe0f Motorr\u00e4der &amp; Zweir\u00e4der in dieser Ausgabe<\/h2>\n<ul>\n<li><strong>Harley-Davidson Model 22 F<\/strong> \u2013 Fahrmaschine, wahre Werte<\/li>\n<li><strong>AWO-MC-350-Werksrennmotor<\/strong> \u2013 Im Detail! Wie hat die Sportabteilung in Suhl gearbeitet?<\/li>\n<li><strong>Fantic 50 ccm<\/strong> \u2013 50-Kubik-Perlen: Gel\u00e4nde-Asse und Easy Rider: Fantics irre F\u00fcnfziger<\/li>\n<\/ul>\n<h2>\ud83d\ude97 Weitere Oldtimer-Themen<\/h2>\n<ul>\n<li><strong>VW 411 Variant<\/strong> \u2013 Dritte Generation: Erfahren: Vom 50 VW-411-Jahren<\/li>\n<li><strong>Citro\u00ebn B2 Caddy Sport<\/strong> \u2013 Gut Holz! Gro\u00dfartig: Citro\u00ebn B2 Caddy Sport<\/li>\n<li><strong>Mercedes-Benz 250 W123 <\/strong>\u2013 Reichlich Arbeit: Mutig: Mercedes-W123-Halbzeit<\/li>\n<li><strong>Chrysler PT Cruiser Cabrio 2.4<\/strong> \u2013 Nischen-Youngster: Voll Retro<\/li>\n<li><strong>BMW-700-Boxer<\/strong> \u2013 Autotechnik im Detail: der BMW-700-Boxer<\/li>\n<li><strong>Sensortechnik<\/strong> \u2013 Moderne Zeiten: Sensortechnik im Oldie \u2013 Ein neues Diagnose- und Warnsystem unter der Lupe<\/li>\n<li><strong>Multimeter<\/strong> \u2013 Da geht noch mehr: Grundkurs Multimeter: Welche M\u00f6glichkeiten die Messger\u00e4te wirklich bieten<\/li>\n<\/ul>\n<h2>\ud83d\udca1 Tipp<\/h2>\n<ul>\n<li>Eine Oldtimer-Zeitschrift kann auch eine willkommene \u00dcberraschung sein, f\u00fcr Liebhaber klassischer Autos und Motorr\u00e4der \u2013 zum Verschenken von Erinnerungen und Tr\u00e4umen.<\/li>\n<\/ul>\n<h2>\ud83d\udce6 Versand &amp; Service<\/h2>\n<ul>\n<li>Kostenloser Versand in Deutschland, Auslandsversand f\u00fcr eine geringe Pauschale<\/li>\n<li>Erfahrung aus weit \u00fcber 30.000 erfolgreichen Sendungen<\/li>\n<li>Ihre Zeitschrift wird sicher und liebevoll verpackt<\/li>\n<\/ul>\n<h2>\ud83c\udf0d Zustand der Zeitschrift<\/h2>\n<ul>\n<li>Gebraucht, weil gelesen, durchgebl\u00e4ttert, gestapelt, alles original \ud83d\ude09<\/li>\n<\/ul>\n","protected":false},"excerpt":{"rendered":"<p>Mehr als nur Altpapier: Diese Zeitschrift ist ein St\u00fcck Zeitgeschichte und technisches Archiv zugleich. Perfekt f\u00fcr Sammler und Schrauber, die tief in die Technik vergangener Jahrzehnte eintauchen m\u00f6chten.<\/p>\n","protected":false},"featured_media":14272,"template":"","meta":{"iawp_total_views":0},"product_brand":[],"product_cat":[10216],"product_tag":[13560,13561,13562,13563,13564,13584,13585,1526,13586,13557,13558],"class_list":{"0":"post-14287","1":"product","2":"type-product","3":"status-publish","4":"has-post-thumbnail","6":"product_cat-oldtimer-praxis","7":"product_tag-citroen-b2-caddy-sport","8":"product_tag-fiat-500-n","9":"product_tag-harley-davidson-model-22-f","10":"product_tag-multimeter","11":"product_tag-sensortechnik","12":"product_tag-chrysler-pt-cruiser-cabrio-2-4","13":"product_tag-vw-411-variant","14":"product_tag-fantic-50","15":"product_tag-mercedes-benz-250","16":"product_tag-awo-mc-350","17":"product_tag-bmw-700-boxer","19":"first","20":"instock","21":"shipping-taxable","22":"purchasable","23":"product-type-simple"},"_links":{"self":[{"href":"https:\/\/motorrad-erinnerungen.de\/shop\/wp-json\/wp\/v2\/product\/14287","targetHints":{"allow":["GET"]}}],"collection":[{"href":"https:\/\/motorrad-erinnerungen.de\/shop\/wp-json\/wp\/v2\/product"}],"about":[{"href":"https:\/\/motorrad-erinnerungen.de\/shop\/wp-json\/wp\/v2\/types\/product"}],"wp:featuredmedia":[{"embeddable":true,"href":"https:\/\/motorrad-erinnerungen.de\/shop\/wp-json\/wp\/v2\/media\/14272"}],"wp:attachment":[{"href":"https:\/\/motorrad-erinnerungen.de\/shop\/wp-json\/wp\/v2\/media?parent=14287"}],"wp:term":[{"taxonomy":"product_brand","embeddable":true,"href":"https:\/\/motorrad-erinnerungen.de\/shop\/wp-json\/wp\/v2\/product_brand?post=14287"},{"taxonomy":"product_cat","embeddable":true,"href":"https:\/\/motorrad-erinnerungen.de\/shop\/wp-json\/wp\/v2\/product_cat?post=14287"},{"taxonomy":"product_tag","embeddable":true,"href":"https:\/\/motorrad-erinnerungen.de\/shop\/wp-json\/wp\/v2\/product_tag?post=14287"}],"curies":[{"name":"wp","href":"https:\/\/api.w.org\/{rel}","templated":true}]}}