{"id":14296,"date":"2026-02-11T21:12:17","date_gmt":"2026-02-11T20:12:17","guid":{"rendered":"https:\/\/motorrad-erinnerungen.de\/shop\/produkt\/oldtimer-praxis-01-2020-melkus-rs-yamaha-rd-350-ypvs-piaggio-ape-ad-motor\/"},"modified":"2026-02-11T21:21:06","modified_gmt":"2026-02-11T20:21:06","slug":"oldtimer-praxis-01-2020-melkus-rs-yamaha-rd-350-ypvs-piaggio-ape-ad-motor","status":"publish","type":"product","link":"https:\/\/motorrad-erinnerungen.de\/shop\/produkt\/oldtimer-praxis-01-2020-melkus-rs-yamaha-rd-350-ypvs-piaggio-ape-ad-motor\/","title":{"rendered":"Oldtimer Praxis 01\/2020 \u2013 Melkus RS 1000; Yamaha RD 350 YPVS; Horex Resident 350"},"content":{"rendered":"<p>Ein St\u00fcck Zeitgeschichte f\u00fcr Fans klassischer Technik: die <strong>Oldtimer Praxis 01\/2020<\/strong>.<\/p>\n<h2>\ud83d\udccc Titelthema dieser Ausgabe<\/h2>\n<ul>\n<li><strong>Melkus RS 1000<\/strong> \u2013 Die Nummer eins lebt!<\/li>\n<\/ul>\n<h2>\ud83c\udfcd\ufe0f Motorr\u00e4der &amp; Zweir\u00e4der in dieser Ausgabe<\/h2>\n<ul>\n<li><strong>Yamaha RD 350 YPVS (1986)<\/strong> \u2013 Zweitakt-Kult: Restauriert<\/li>\n<li><strong>Piaggio Ape-AD-Motor<\/strong> \u2013 Seziert: Piaggios toller Ape-AD-Motor<\/li>\n<li><strong>Horex Resident 350<\/strong> \u2013 Reginas Nachfolger: Fein gemacht<\/li>\n<\/ul>\n<h2>\ud83d\ude97 Weitere Oldtimer-Themen<\/h2>\n<ul>\n<li><strong>VW Multivan TD<\/strong> \u2013 Tachostand: 340.000 \u2013 Fahrtenbuch: Erstand-Bulli-T3<\/li>\n<li><strong>MG VA 1 1\/2 litre Open Tourer<\/strong> \u2013 Fun f\u00fcr vier: Familien-Roadster<\/li>\n<li><strong>Pontiac GTO 400 Ram Air<\/strong> \u2013 Power pur! Das Muscle-Car: Pontiac GTO<\/li>\n<li><strong>BMW 740i E38<\/strong> \u2013 Erste-Klasse-Ticket: Was der BMW E38 kann, was er kostet<\/li>\n<li><strong>Fiat Topolino-Vierzylinder<\/strong> \u2013 Autotechnik im Detail: Fiats Topolino-Vierzylinder<\/li>\n<li><strong>T\u00fcr- und Fensterdichtungen<\/strong> \u2013 So richtig dicht: T\u00fcr- und Fensterdichtungen: Von Pflege, Austausch und Nachfertigung<\/li>\n<li><strong>Standbohrmaschine<\/strong> \u2013 Bohrende Fragen: Expertentipps: So arbeiten Sie richtig mit der Standbohrmaschine<\/li>\n<\/ul>\n<h2>\ud83d\udca1 Tipp<\/h2>\n<ul>\n<li>Eine Oldtimer-Zeitschrift kann auch eine willkommene \u00dcberraschung sein, f\u00fcr Liebhaber klassischer Autos und Motorr\u00e4der \u2013 zum Verschenken von Erinnerungen und Tr\u00e4umen.<\/li>\n<\/ul>\n<h2>\ud83d\udce6 Versand &amp; Service<\/h2>\n<ul>\n<li>Kostenloser Versand in Deutschland, Auslandsversand f\u00fcr eine geringe Pauschale<\/li>\n<li>Erfahrung aus weit \u00fcber 30.000 erfolgreichen Sendungen<\/li>\n<li>Ihre Zeitschrift wird sicher und liebevoll verpackt<\/li>\n<\/ul>\n<h2>\ud83c\udf0d Zustand der Zeitschrift<\/h2>\n<ul>\n<li>Gebraucht, weil gelesen, durchgebl\u00e4ttert, gestapelt, alles original \ud83d\ude09<\/li>\n<\/ul>\n","protected":false},"excerpt":{"rendered":"<p>Mehr als nur Altpapier: Diese Zeitschrift ist ein St\u00fcck Zeitgeschichte und technisches Archiv zugleich. Perfekt f\u00fcr Sammler und Schrauber, die tief in die Technik vergangener Jahrzehnte eintauchen m\u00f6chten.<\/p>\n","protected":false},"featured_media":14302,"template":"","meta":{"iawp_total_views":1},"product_brand":[],"product_cat":[10216],"product_tag":[13642,13643,13644,457,13645,13646,11179,13575,13597,13599,13602,13603],"class_list":{"0":"post-14296","1":"product","2":"type-product","3":"status-publish","4":"has-post-thumbnail","6":"product_cat-oldtimer-praxis","7":"product_tag-bmw-740i","8":"product_tag-vw-multivan-td","9":"product_tag-pontiac-gto-400-ram-air","10":"product_tag-yamaha-rd-350","11":"product_tag-horex-resident-350","12":"product_tag-mg-va-1-1-2-litre-open-tourer","13":"product_tag-melkus-rs-1000","14":"product_tag-standbohrmaschine","15":"product_tag-ape-ad-motor","16":"product_tag-fiat-topolino-motor","17":"product_tag-tuerdichtung","18":"product_tag-vw-t3","20":"first","21":"instock","22":"shipping-taxable","23":"purchasable","24":"product-type-simple"},"_links":{"self":[{"href":"https:\/\/motorrad-erinnerungen.de\/shop\/wp-json\/wp\/v2\/product\/14296","targetHints":{"allow":["GET"]}}],"collection":[{"href":"https:\/\/motorrad-erinnerungen.de\/shop\/wp-json\/wp\/v2\/product"}],"about":[{"href":"https:\/\/motorrad-erinnerungen.de\/shop\/wp-json\/wp\/v2\/types\/product"}],"wp:featuredmedia":[{"embeddable":true,"href":"https:\/\/motorrad-erinnerungen.de\/shop\/wp-json\/wp\/v2\/media\/14302"}],"wp:attachment":[{"href":"https:\/\/motorrad-erinnerungen.de\/shop\/wp-json\/wp\/v2\/media?parent=14296"}],"wp:term":[{"taxonomy":"product_brand","embeddable":true,"href":"https:\/\/motorrad-erinnerungen.de\/shop\/wp-json\/wp\/v2\/product_brand?post=14296"},{"taxonomy":"product_cat","embeddable":true,"href":"https:\/\/motorrad-erinnerungen.de\/shop\/wp-json\/wp\/v2\/product_cat?post=14296"},{"taxonomy":"product_tag","embeddable":true,"href":"https:\/\/motorrad-erinnerungen.de\/shop\/wp-json\/wp\/v2\/product_tag?post=14296"}],"curies":[{"name":"wp","href":"https:\/\/api.w.org\/{rel}","templated":true}]}}