{"id":14300,"date":"2026-02-11T21:12:17","date_gmt":"2026-02-11T20:12:17","guid":{"rendered":"https:\/\/motorrad-erinnerungen.de\/shop\/produkt\/oldtimer-praxis-05-2020-lancia-fulvia-sport-zagato-laverda-chott-yamaha-xs-650-twin\/"},"modified":"2026-02-11T22:40:58","modified_gmt":"2026-02-11T21:40:58","slug":"oldtimer-praxis-05-2020-lancia-fulvia-sport-zagato-laverda-chott-yamaha-xs-650-twin","status":"publish","type":"product","link":"https:\/\/motorrad-erinnerungen.de\/shop\/produkt\/oldtimer-praxis-05-2020-lancia-fulvia-sport-zagato-laverda-chott-yamaha-xs-650-twin\/","title":{"rendered":"Oldtimer Praxis 05\/2020 \u2013 Lancia Fulvia Sport Zagato; Laverda Chott 250; NSU Superfox"},"content":{"rendered":"<p>Ein St\u00fcck Zeitgeschichte f\u00fcr Fans klassischer Technik: die <strong>Oldtimer Praxis 05\/2020<\/strong>.<\/p>\n<h2>\ud83d\udccc Titelthema dieser Ausgabe<\/h2>\n<ul>\n<li><strong>Lancia Fulvia Sport Zagato 1.3 S Serie 2<\/strong> \u2013 Lancia trifft Zagato: Fulvia Sport<\/li>\n<\/ul>\n<h2>\ud83c\udfcd\ufe0f Motorr\u00e4der &amp; Zweir\u00e4der in dieser Ausgabe<\/h2>\n<ul>\n<li><strong>Laverda Chott 250<\/strong> \u2013 Ab in die B\u00fcsche \u2013 mit einer raren, interessanten Laverda Chott!<\/li>\n<li><strong>Yamaha XS 650<\/strong>\u00a0\u2013 Seziert: Yamahas XS-650-Twin im Detail<\/li>\n<li><strong>NSU Superfox<\/strong> \u2013 Ganz feine Technik! Vom Leben mit NSUs Superfox<\/li>\n<\/ul>\n<h2>\ud83d\ude97 Weitere Oldtimer-Themen<\/h2>\n<ul>\n<li><strong>BMW 130i E87<\/strong> \u2013 Sportger\u00e4t: Youngtimer-Tipp: BMWs starker 130i<\/li>\n<li><strong>Borgward Isabella TS<\/strong> \u2013 Dame von Welt: Fahrtenbuch&lt;<\/li>\n<li><strong>Toyota Land Cruiser BJ 40<\/strong> \u2013 Hart im Nehmen: Urgestein: Toyota Land Cruiser<\/li>\n<li><strong>NSU-Fiat 500 Spyder-Sport<\/strong>\u00a0\u2013 S\u00fc\u00dfe Maus: Einfach knuffig: Weinsberg Topolino<\/li>\n<li><strong>Heizung luftgek\u00fchlte Motoren<\/strong> \u2013 Hei\u00dfes Thema: Aufgew\u00e4rmt: Alles \u00fcber die Heizung von Autos mit luftgek\u00fchlten Motoren<\/li>\n<li><strong>Gleichdruckvergaser<\/strong> \u2013 Unter der Lupe: Gleichdruckvergaser \u2013 wie sie aufgebaut sind, wie sie arbeiten<\/li>\n<li><strong>Werkbank Eigenbau<\/strong> \u2013 Zugeschaut und mitgebaut: Die perfekte Werkbank im Eigenbau<\/li>\n<\/ul>\n<h2>\ud83d\udca1 Tipp<\/h2>\n<ul>\n<li>Eine Oldtimer-Zeitschrift kann auch eine willkommene \u00dcberraschung sein, f\u00fcr Liebhaber klassischer Autos und Motorr\u00e4der \u2013 zum Verschenken von Erinnerungen und Tr\u00e4umen.<\/li>\n<\/ul>\n<h2>\ud83d\udce6 Versand &amp; Service<\/h2>\n<ul>\n<li>Kostenloser Versand in Deutschland, Auslandsversand f\u00fcr eine geringe Pauschale<\/li>\n<li>Erfahrung aus weit \u00fcber 30.000 erfolgreichen Sendungen<\/li>\n<li>Ihre Zeitschrift wird sicher und liebevoll verpackt<\/li>\n<\/ul>\n<h2>\ud83c\udf0d Zustand der Zeitschrift<\/h2>\n<ul>\n<li>Gebraucht, weil gelesen, durchgebl\u00e4ttert, gestapelt, alles original \ud83d\ude09<\/li>\n<\/ul>\n","protected":false},"excerpt":{"rendered":"<p>Mehr als nur Altpapier: Diese Zeitschrift ist ein St\u00fcck Zeitgeschichte und technisches Archiv zugleich. Perfekt f\u00fcr Sammler und Schrauber, die tief in die Technik vergangener Jahrzehnte eintauchen m\u00f6chten.<\/p>\n","protected":false},"featured_media":14306,"template":"","meta":{"iawp_total_views":0},"product_brand":[],"product_cat":[10216],"product_tag":[490,13658,4241,13659,11523,12704,13629,13630,13631,13634,13635,13657],"class_list":{"0":"post-14300","1":"product","2":"type-product","3":"status-publish","4":"has-post-thumbnail","6":"product_cat-oldtimer-praxis","7":"product_tag-yamaha-xs-650","8":"product_tag-nsu-fiat-500-spyder-sport","9":"product_tag-nsu-superfox","10":"product_tag-laverda-chott-250","11":"product_tag-toyota-land-cruiser","12":"product_tag-borgward-isabella-ts","13":"product_tag-bmw-130i","14":"product_tag-gleichdruckvergaser","15":"product_tag-heizung-luftgekuehlt","16":"product_tag-weinsberg-topolino","17":"product_tag-werkbank-eigenbau","18":"product_tag-lancia-fulvia-sport-zagato","20":"first","21":"instock","22":"shipping-taxable","23":"purchasable","24":"product-type-simple"},"_links":{"self":[{"href":"https:\/\/motorrad-erinnerungen.de\/shop\/wp-json\/wp\/v2\/product\/14300","targetHints":{"allow":["GET"]}}],"collection":[{"href":"https:\/\/motorrad-erinnerungen.de\/shop\/wp-json\/wp\/v2\/product"}],"about":[{"href":"https:\/\/motorrad-erinnerungen.de\/shop\/wp-json\/wp\/v2\/types\/product"}],"wp:featuredmedia":[{"embeddable":true,"href":"https:\/\/motorrad-erinnerungen.de\/shop\/wp-json\/wp\/v2\/media\/14306"}],"wp:attachment":[{"href":"https:\/\/motorrad-erinnerungen.de\/shop\/wp-json\/wp\/v2\/media?parent=14300"}],"wp:term":[{"taxonomy":"product_brand","embeddable":true,"href":"https:\/\/motorrad-erinnerungen.de\/shop\/wp-json\/wp\/v2\/product_brand?post=14300"},{"taxonomy":"product_cat","embeddable":true,"href":"https:\/\/motorrad-erinnerungen.de\/shop\/wp-json\/wp\/v2\/product_cat?post=14300"},{"taxonomy":"product_tag","embeddable":true,"href":"https:\/\/motorrad-erinnerungen.de\/shop\/wp-json\/wp\/v2\/product_tag?post=14300"}],"curies":[{"name":"wp","href":"https:\/\/api.w.org\/{rel}","templated":true}]}}