{"id":14325,"date":"2026-02-12T13:34:03","date_gmt":"2026-02-12T12:34:03","guid":{"rendered":"https:\/\/motorrad-erinnerungen.de\/shop\/produkt\/oldtimer-praxis-07-2020-isabella-pick-up-yamaha-xt-sr-500-vespa-motor\/"},"modified":"2026-02-12T15:59:20","modified_gmt":"2026-02-12T14:59:20","slug":"oldtimer-praxis-07-2020-isabella-pick-up-yamaha-xt-sr-500-vespa-motor","status":"publish","type":"product","link":"https:\/\/motorrad-erinnerungen.de\/shop\/produkt\/oldtimer-praxis-07-2020-isabella-pick-up-yamaha-xt-sr-500-vespa-motor\/","title":{"rendered":"Oldtimer Praxis 07\/2020 \u2013 Borgward Isabella Pick-up &#038; B 611 Abschlepper; Yamaha XT\/SR 500; Vespa-Motor"},"content":{"rendered":"<p>Ein St\u00fcck Zeitgeschichte f\u00fcr Fans klassischer Technik: die <strong>Oldtimer Praxis 07\/2020<\/strong>.<\/p>\n<h2>\ud83d\udccc Titelthema dieser Ausgabe<\/h2>\n<ul>\n<li><strong>Borgward Isabella Pick-up &amp; B 611 Abschlepper<\/strong> \u2013 Malochertypen: Isabella Pick-up &amp; B 611 Abschlepper<\/li>\n<\/ul>\n<h2>\ud83c\udfcd\ufe0f Motorr\u00e4der &amp; Zweir\u00e4der in dieser Ausgabe<\/h2>\n<ul>\n<li><strong>Yamaha XT\/SR 500<\/strong> \u2013 Gutes besser machen: Yamaha XT\/SR 500<\/li>\n<li><strong>Vespa 50N<\/strong>\u00a0\u2013 In Arbeit: Ein Vespa-Motor auf der Werkbank<\/li>\n<li><strong>Moto Guzzi V7 750 Special<\/strong> \u2013 Langzeit-Bilanz: Moto Guzzi V7 Special<\/li>\n<\/ul>\n<h2>\ud83d\ude97 Weitere Oldtimer-Themen<\/h2>\n<ul>\n<li><strong>Dodge Coronet<\/strong> \u2013 Muskel-Masse: Powerpakete: Sduper Bee 1968 und R\/T 1968<\/li>\n<li><strong>Triumph TR6 PI<\/strong> \u2013 Auf lange Sicht: Fahrtenbuch<\/li>\n<li><strong>Saab 9-3 II<\/strong> \u2013 Youngster-Tipp: Qualit\u00e4tskontrolle: Saab 9-3 1.8T\/2.0T Limousine<\/li>\n<li><strong>VW 1300<\/strong> \u2013 Gut frisiert: VW K\u00e4fer 1300 \u2013 mit Dampf!<\/li>\n<li><strong>Renault 16 TX <\/strong>\u2013 Auto-Technik im Detail: der Alu-Vierzylinder des Renault 16<\/li>\n<li><strong>Fr\u00e4smaschinen Einsteiger<\/strong> \u2013 Werkstatt-Wissen: Fr\u00e4smaschinen machen vieles m\u00f6glich \u2013 wir geben Tipps f\u00fcr Einsteiger<\/li>\n<li><strong>Hobbywerkstatt<\/strong> \u2013 Sch\u00f6ner schrauben: Wie aus einer Scheune die perfekte Hobbywerkstatt entsteht<\/li>\n<\/ul>\n<h2>\ud83d\udca1 Tipp<\/h2>\n<ul>\n<li>Eine Oldtimer-Zeitschrift kann auch eine willkommene \u00dcberraschung sein, f\u00fcr Liebhaber klassischer Autos und Motorr\u00e4der \u2013 zum Verschenken von Erinnerungen und Tr\u00e4umen.<\/li>\n<\/ul>\n<h2>\ud83d\udce6 Versand &amp; Service<\/h2>\n<ul>\n<li>Kostenloser Versand in Deutschland, Auslandsversand f\u00fcr eine geringe Pauschale<\/li>\n<li>Erfahrung aus weit \u00fcber 30.000 erfolgreichen Sendungen<\/li>\n<li>Ihre Zeitschrift wird sicher und liebevoll verpackt<\/li>\n<\/ul>\n<h2>\ud83c\udf0d Zustand der Zeitschrift<\/h2>\n<ul>\n<li>Gebraucht, weil gelesen, durchgebl\u00e4ttert, gestapelt, alles original \ud83d\ude09<\/li>\n<\/ul>\n","protected":false},"excerpt":{"rendered":"<p>Mehr als nur Altpapier: Diese Zeitschrift ist ein St\u00fcck Zeitgeschichte und technisches Archiv zugleich. Perfekt f\u00fcr Sammler und Schrauber, die tief in die Technik vergangener Jahrzehnte eintauchen m\u00f6chten.<\/p>\n","protected":false},"featured_media":14308,"template":"","meta":{"iawp_total_views":1},"product_brand":[],"product_cat":[10216],"product_tag":[13669,13707,11557,13708,11912,13709,13662,13663,13664,13665,13666,13667,585,13668,731],"class_list":{"0":"post-14325","1":"product","2":"type-product","3":"status-publish","4":"has-post-thumbnail","6":"product_cat-oldtimer-praxis","7":"product_tag-vespa-motor","8":"product_tag-moto-guzzi-v7-750-special","9":"product_tag-triumph-tr6","10":"product_tag-renault-16-tx","11":"product_tag-dodge-coronet","12":"product_tag-vespa-50n","13":"product_tag-borgward-b-611","14":"product_tag-fraesmaschine","15":"product_tag-hobbywerkstatt","16":"product_tag-isabella-pick-up","17":"product_tag-renault-16-motor","18":"product_tag-saab-9-3","19":"product_tag-yamaha-xt-500","20":"product_tag-vw-1300","21":"product_tag-yamaha-sr-500","23":"first","24":"instock","25":"shipping-taxable","26":"purchasable","27":"product-type-simple"},"_links":{"self":[{"href":"https:\/\/motorrad-erinnerungen.de\/shop\/wp-json\/wp\/v2\/product\/14325","targetHints":{"allow":["GET"]}}],"collection":[{"href":"https:\/\/motorrad-erinnerungen.de\/shop\/wp-json\/wp\/v2\/product"}],"about":[{"href":"https:\/\/motorrad-erinnerungen.de\/shop\/wp-json\/wp\/v2\/types\/product"}],"wp:featuredmedia":[{"embeddable":true,"href":"https:\/\/motorrad-erinnerungen.de\/shop\/wp-json\/wp\/v2\/media\/14308"}],"wp:attachment":[{"href":"https:\/\/motorrad-erinnerungen.de\/shop\/wp-json\/wp\/v2\/media?parent=14325"}],"wp:term":[{"taxonomy":"product_brand","embeddable":true,"href":"https:\/\/motorrad-erinnerungen.de\/shop\/wp-json\/wp\/v2\/product_brand?post=14325"},{"taxonomy":"product_cat","embeddable":true,"href":"https:\/\/motorrad-erinnerungen.de\/shop\/wp-json\/wp\/v2\/product_cat?post=14325"},{"taxonomy":"product_tag","embeddable":true,"href":"https:\/\/motorrad-erinnerungen.de\/shop\/wp-json\/wp\/v2\/product_tag?post=14325"}],"curies":[{"name":"wp","href":"https:\/\/api.w.org\/{rel}","templated":true}]}}