{"id":14327,"date":"2026-02-12T13:34:04","date_gmt":"2026-02-12T12:34:04","guid":{"rendered":"https:\/\/motorrad-erinnerungen.de\/shop\/produkt\/oldtimer-praxis-09-2020-mercedes-r107-awo-350-eskorte-replika-ariel-red-hunter-single\/"},"modified":"2026-02-12T16:22:54","modified_gmt":"2026-02-12T15:22:54","slug":"oldtimer-praxis-09-2020-mercedes-r107-awo-350-eskorte-replika-ariel-red-hunter-single","status":"publish","type":"product","link":"https:\/\/motorrad-erinnerungen.de\/shop\/produkt\/oldtimer-praxis-09-2020-mercedes-r107-awo-350-eskorte-replika-ariel-red-hunter-single\/","title":{"rendered":"Oldtimer Praxis 09\/2020 \u2013 Mercedes 350 SL; AWO\/Simson 350 Eskorte; Yamaha DT 250 MX"},"content":{"rendered":"<p>Ein St\u00fcck Zeitgeschichte f\u00fcr Fans klassischer Technik: die <strong>Oldtimer Praxis 09\/2020<\/strong>.<\/p>\n<h2>\ud83d\udccc Titelthema dieser Ausgabe<\/h2>\n<ul>\n<li><strong>Mercedes 350 SL R107<\/strong> \u2013 Sommerzeit! Mercedes R107<\/li>\n<\/ul>\n<h2>\ud83c\udfcd\ufe0f Motorr\u00e4der &amp; Zweir\u00e4der in dieser Ausgabe<\/h2>\n<ul>\n<li><strong>AWO\/Simson 350 Eskorte <\/strong>\u2013 Mehr Dampf, mehr Glanz: Die feine Replika einer AWO 350 Eskorte<\/li>\n<li><strong>Ariel Red Hunter<\/strong>\u00a0\u2013 Seziert: Ariels Red-Hunter-Single<\/li>\n<li><strong>Yamaha DT 250 MX<\/strong> \u2013 Das reine Vergn\u00fcgen: In Bestform: Yamaha DT 250<\/li>\n<\/ul>\n<h2>\ud83d\ude97 Weitere Oldtimer-Themen<\/h2>\n<ul>\n<li><strong>Opel Kadett 1100<\/strong>\u00a0\u2013 Einstiegs-Oldie: Blo\u00df keine Umst\u00e4nde: Opel Kadett B<\/li>\n<li><strong>Citro\u00ebn SM<\/strong> \u2013 Die Mutprobe: Leben mit einem Citro\u00ebn SM<\/li>\n<li><strong>Lancia Ypsilon<\/strong> \u2013 Klein und fein! City-Youngster: Lancia Ypsilon 1.4 16V<\/li>\n<li><strong>Studebaker President State<\/strong> \u2013 Discount-Ami: Golden Fifties<\/li>\n<li><strong>Ford Sierra 2WD Cosword RS<\/strong>\u00a0\u2013 Auto-Technik im Detail: Der Ford-Cosworth-16-Ventil-Turbo<\/li>\n<li><strong>Blattfedern<\/strong> \u2013 Keine Weichmacher: Alles \u00fcber Funktion, Wirkung und Geschichte von Kfz-Blattfedern<\/li>\n<li><strong>Fr\u00e4smaschine nachfertigen<\/strong> \u2013 Werkstatt-Tipps: Mit der Fr\u00e4smaschine Teile selbst \u00fcberholen und nachfertigen<\/li>\n<\/ul>\n<h2>\ud83d\udca1 Tipp<\/h2>\n<ul>\n<li>Eine Oldtimer-Zeitschrift kann auch eine willkommene \u00dcberraschung sein, f\u00fcr Liebhaber klassischer Autos und Motorr\u00e4der \u2013 zum Verschenken von Erinnerungen und Tr\u00e4umen.<\/li>\n<\/ul>\n<h2>\ud83d\udce6 Versand &amp; Service<\/h2>\n<ul>\n<li>Kostenloser Versand in Deutschland, Auslandsversand f\u00fcr eine geringe Pauschale<\/li>\n<li>Erfahrung aus weit \u00fcber 30.000 erfolgreichen Sendungen<\/li>\n<li>Ihre Zeitschrift wird sicher und liebevoll verpackt<\/li>\n<\/ul>\n<h2>\ud83c\udf0d Zustand der Zeitschrift<\/h2>\n<ul>\n<li>Gebraucht, weil gelesen, durchgebl\u00e4ttert, gestapelt, alles original \ud83d\ude09<\/li>\n<\/ul>\n","protected":false},"excerpt":{"rendered":"<p>Mehr als nur Altpapier: Diese Zeitschrift ist ein St\u00fcck Zeitgeschichte und technisches Archiv zugleich. Perfekt f\u00fcr Sammler und Schrauber, die tief in die Technik vergangener Jahrzehnte eintauchen m\u00f6chten.<\/p>\n","protected":false},"featured_media":14310,"template":"","meta":{"iawp_total_views":1},"product_brand":[],"product_cat":[10216],"product_tag":[12247,13663,13679,13680,13681,13682,13714,801,13715,4604,13716,13717,11674,13718],"class_list":{"0":"post-14327","1":"product","2":"type-product","3":"status-publish","4":"has-post-thumbnail","6":"product_cat-oldtimer-praxis","7":"product_tag-citroen-sm","8":"product_tag-fraesmaschine","9":"product_tag-awo-350-eskorte","10":"product_tag-blattfeder","11":"product_tag-ford-cosworth-16v","12":"product_tag-lancia-ypsilon","13":"product_tag-mercedes-350-sl","14":"product_tag-yamaha-dt-250-mx","15":"product_tag-opel-kadett-1100","16":"product_tag-ariel-red-hunter","17":"product_tag-studebaker-president-state","18":"product_tag-ford-sierra-2wd-cosword-rs","19":"product_tag-opel-kadett-b","20":"product_tag-awo-simson-350-eskorte","22":"first","23":"instock","24":"shipping-taxable","25":"purchasable","26":"product-type-simple"},"_links":{"self":[{"href":"https:\/\/motorrad-erinnerungen.de\/shop\/wp-json\/wp\/v2\/product\/14327","targetHints":{"allow":["GET"]}}],"collection":[{"href":"https:\/\/motorrad-erinnerungen.de\/shop\/wp-json\/wp\/v2\/product"}],"about":[{"href":"https:\/\/motorrad-erinnerungen.de\/shop\/wp-json\/wp\/v2\/types\/product"}],"wp:featuredmedia":[{"embeddable":true,"href":"https:\/\/motorrad-erinnerungen.de\/shop\/wp-json\/wp\/v2\/media\/14310"}],"wp:attachment":[{"href":"https:\/\/motorrad-erinnerungen.de\/shop\/wp-json\/wp\/v2\/media?parent=14327"}],"wp:term":[{"taxonomy":"product_brand","embeddable":true,"href":"https:\/\/motorrad-erinnerungen.de\/shop\/wp-json\/wp\/v2\/product_brand?post=14327"},{"taxonomy":"product_cat","embeddable":true,"href":"https:\/\/motorrad-erinnerungen.de\/shop\/wp-json\/wp\/v2\/product_cat?post=14327"},{"taxonomy":"product_tag","embeddable":true,"href":"https:\/\/motorrad-erinnerungen.de\/shop\/wp-json\/wp\/v2\/product_tag?post=14327"}],"curies":[{"name":"wp","href":"https:\/\/api.w.org\/{rel}","templated":true}]}}