{"id":14352,"date":"2026-02-13T12:32:00","date_gmt":"2026-02-13T11:32:00","guid":{"rendered":"https:\/\/motorrad-erinnerungen.de\/shop\/produkt\/oldtimer-praxis-01-2021-peugeot-404-coupe-bmw-r-100-7-mz-gs-kawasaki-z-750\/"},"modified":"2026-02-13T12:38:51","modified_gmt":"2026-02-13T11:38:51","slug":"oldtimer-praxis-01-2021-peugeot-404-coupe-bmw-r-100-7-mz-gs-kawasaki-z-750","status":"publish","type":"product","link":"https:\/\/motorrad-erinnerungen.de\/shop\/produkt\/oldtimer-praxis-01-2021-peugeot-404-coupe-bmw-r-100-7-mz-gs-kawasaki-z-750\/","title":{"rendered":"Oldtimer Praxis 01\/2021 \u2013 Peugeot 404 Coup\u00e9; BMW R 100\/7; MZ-GS; Kawasaki Z 750"},"content":{"rendered":"<p>Ein St\u00fcck Zeitgeschichte f\u00fcr Fans klassischer Technik: die <strong>Oldtimer Praxis 01\/2021<\/strong>.<\/p>\n<h2>\ud83d\udccc Titelthema dieser Ausgabe<\/h2>\n<ul>\n<li><strong>Peugeot 404 Coup\u00e9<\/strong> \u2013 Peugeots Sch\u00f6nster<\/li>\n<\/ul>\n<h2>\ud83c\udfcd\ufe0f Motorr\u00e4der &amp; Zweir\u00e4der in dieser Ausgabe<\/h2>\n<ul>\n<li><strong>Kawasaki Z 750 B-Twin<\/strong> \u2013 Seziert: Der japanische Paralleltwin<\/li>\n<li><strong>MZ ES 125\/G und ETS 250 G<\/strong>\u00a0\u2013 Gel\u00e4ndesport: \u00dcber Stock und Stein<\/li>\n<li><strong>BMW R 100\/7<\/strong> \u2013 Langzeiterfahrung bei 280.000 km<\/li>\n<\/ul>\n<h2>\ud83d\ude97 Weitere Oldtimer-Themen<\/h2>\n<ul>\n<li><strong>Fiat 128<\/strong> \u2013 Der ohc-Motor im Detail<\/li>\n<li><strong>Triumph Stag<\/strong> \u2013 Leben mit dem V8-Roadster<\/li>\n<li><strong>Solex 4A1-Vergaser<\/strong> \u2013 Tipps zur \u00dcberholung<\/li>\n<li><strong>Ford Fiesta 1.1 L<\/strong> \u2013 Story eines perfekten Zustands<\/li>\n<li><strong>Mercedes-Benz 300 D<\/strong> \u2013 Spanien-Import im Check<\/li>\n<li><strong>Opel GT Roadster<\/strong> \u2013 Der Cabrio-Youngster mit Dampf<\/li>\n<li><strong>Karosserie-Praxis<\/strong> \u2013 Hammer und F\u00e4usel Ausbeul-Tipps<\/li>\n<\/ul>\n<h2>\ud83d\udca1 Tipp<\/h2>\n<ul>\n<li>Eine Oldtimer-Zeitschrift kann auch eine willkommene \u00dcberraschung sein, f\u00fcr Liebhaber klassischer Autos und Motorr\u00e4der \u2013 zum Verschenken von Erinnerungen und Tr\u00e4umen.<\/li>\n<\/ul>\n<h2>\ud83d\udce6 Versand &amp; Service<\/h2>\n<ul>\n<li>Kostenloser Versand in Deutschland, Auslandsversand f\u00fcr eine geringe Pauschale<\/li>\n<li>Erfahrung aus weit \u00fcber 30.000 erfolgreichen Sendungen<\/li>\n<li>Ihre Zeitschrift wird sicher und liebevoll verpackt<\/li>\n<\/ul>\n<h2>\ud83c\udf0d Zustand der Zeitschrift<\/h2>\n<ul>\n<li>Gebraucht, weil gelesen, durchgebl\u00e4ttert, gestapelt, alles original \ud83d\ude09<\/li>\n<\/ul>\n","protected":false},"excerpt":{"rendered":"<p>Leidenschaft, die nach \u00d6l und Benzin riecht: Diese Zeitschrift verbindet technische Tiefe mit der Liebe zu historischen Fahrzeugen \u2013 Inspiration f\u00fcr Ihr n\u00e4chstes Projekt. Highlights dieses Heftes: Peugeot 404 Coup\u00e9 und Kawasaki Z-750 B-Twin.<\/p>\n","protected":false},"featured_media":14356,"template":"","meta":{"iawp_total_views":0},"product_brand":[],"product_cat":[10216],"product_tag":[13748,13760,13761,13762,13763,631,13764,13774,11298,13775,12012,12086,13735],"class_list":{"0":"post-14352","1":"product","2":"type-product","3":"status-publish","4":"has-post-thumbnail","6":"product_cat-oldtimer-praxis","7":"product_tag-ford-fiesta","8":"product_tag-kawasaki-z-750-b-twin","9":"product_tag-mz-gs-replikas","10":"product_tag-solex-4a1","11":"product_tag-mercedes-benz-300-d","12":"product_tag-bmw-r-100-7","13":"product_tag-karosserie-instandsetzung","14":"product_tag-mz-es-125-g-und-ets-250-g","15":"product_tag-triumph-stag","16":"product_tag-ford-fiesta-1-1-l","17":"product_tag-opel-gt","18":"product_tag-fiat-128","19":"product_tag-peugeot-404-coupe","21":"first","22":"instock","23":"shipping-taxable","24":"purchasable","25":"product-type-simple"},"_links":{"self":[{"href":"https:\/\/motorrad-erinnerungen.de\/shop\/wp-json\/wp\/v2\/product\/14352","targetHints":{"allow":["GET"]}}],"collection":[{"href":"https:\/\/motorrad-erinnerungen.de\/shop\/wp-json\/wp\/v2\/product"}],"about":[{"href":"https:\/\/motorrad-erinnerungen.de\/shop\/wp-json\/wp\/v2\/types\/product"}],"wp:featuredmedia":[{"embeddable":true,"href":"https:\/\/motorrad-erinnerungen.de\/shop\/wp-json\/wp\/v2\/media\/14356"}],"wp:attachment":[{"href":"https:\/\/motorrad-erinnerungen.de\/shop\/wp-json\/wp\/v2\/media?parent=14352"}],"wp:term":[{"taxonomy":"product_brand","embeddable":true,"href":"https:\/\/motorrad-erinnerungen.de\/shop\/wp-json\/wp\/v2\/product_brand?post=14352"},{"taxonomy":"product_cat","embeddable":true,"href":"https:\/\/motorrad-erinnerungen.de\/shop\/wp-json\/wp\/v2\/product_cat?post=14352"},{"taxonomy":"product_tag","embeddable":true,"href":"https:\/\/motorrad-erinnerungen.de\/shop\/wp-json\/wp\/v2\/product_tag?post=14352"}],"curies":[{"name":"wp","href":"https:\/\/api.w.org\/{rel}","templated":true}]}}