{"id":14386,"date":"2026-02-13T16:54:46","date_gmt":"2026-02-13T15:54:46","guid":{"rendered":"https:\/\/motorrad-erinnerungen.de\/shop\/produkt\/oldtimer-praxis-05-2021-opel-rekord-p2-gilera-saturno-hoffmann-s-300\/"},"modified":"2026-02-13T17:08:38","modified_gmt":"2026-02-13T16:08:38","slug":"oldtimer-praxis-05-2021-opel-rekord-p2-gilera-saturno-hoffmann-s-300","status":"publish","type":"product","link":"https:\/\/motorrad-erinnerungen.de\/shop\/produkt\/oldtimer-praxis-05-2021-opel-rekord-p2-gilera-saturno-hoffmann-s-300\/","title":{"rendered":"Oldtimer Praxis 05\/2021 \u2013 Opel Rekord P2; Gilera Saturno Sport; Hoffmann S 300"},"content":{"rendered":"<p>Ein St\u00fcck Zeitgeschichte f\u00fcr Fans klassischer Technik: die <strong>Oldtimer Praxis 05\/2021<\/strong>.<\/p>\n<h2>\ud83d\udccc Titelthema dieser Ausgabe<\/h2>\n<ul>\n<li><strong>Opel Rekord P2<\/strong> \u2013 Opels rarer Lieferwagen!<\/li>\n<\/ul>\n<h2>\ud83c\udfcd\ufe0f Motorr\u00e4der &amp; Zweir\u00e4der in dieser Ausgabe<\/h2>\n<ul>\n<li><strong>Gilera Saturno Sport<\/strong> \u2013 Werkstatterfahrungen mit dem Dampfhammer aus Arcore<\/li>\n<li><strong>Hoffmann S 300<\/strong> \u2013 Der seltene Mittelgewichts-Boxer<\/li>\n<li><strong>Honda XBR &amp; Co.<\/strong> \u2013 RFVC-Einzylinder seziert<\/li>\n<\/ul>\n<h2>\ud83d\ude97 Weitere Oldtimer-Themen<\/h2>\n<ul>\n<li><strong>Triumph Herald1200 Convertible<\/strong> \u2013 Fr\u00fchlingsgef\u00fchle fein gemacht<\/li>\n<li><strong>Polski-Fiat 125 p<\/strong> \u2013 Sachlich bleiben: Der grob untersch\u00e4tzte Klassiker<\/li>\n<li><strong>Porsche Cayman S (987C) 1. Serie <\/strong>\u2013 Qualit\u00e4ts-Check: Youngtimer-Tipp<\/li>\n<li><strong>Dyna Veritas<\/strong> \u2013 Halbzeitstand bei der echten Herausforderung<\/li>\n<li><strong>BMW 501<\/strong> \u2013 Der Reihensechser: Technik im Detail<\/li>\n<li><strong>W\u00e4lzlager<\/strong> \u2013 Alles \u00fcber Rollen, Kugeln und Nadeln<\/li>\n<li><strong>Eigenbau-Strahlkabine<\/strong> \u2013 Zubeh\u00f6r-Tipps und Fertigstellung<\/li>\n<\/ul>\n<h2>\ud83d\udca1 Tipp<\/h2>\n<ul>\n<li>Eine Oldtimer-Zeitschrift kann auch eine willkommene \u00dcberraschung sein&#8230; als Geschenk f\u00fcr Bastler oder zur Recherche f\u00fcr das eigene Traumauto.<\/li>\n<\/ul>\n<h2>\ud83d\udce6 Versand &amp; Service<\/h2>\n<ul>\n<li>Kostenloser Versand in Deutschland \u2013 schnell und zuverl\u00e4ssig direkt zu Ihnen nach Hause.<\/li>\n<\/ul>\n<h2>\ud83c\udf0d Zustand der Zeitschrift<\/h2>\n<ul>\n<li>Gebraucht, weil gelesen, durchgebl\u00e4ttert, gestapelt, alles original \ud83d\ude09<\/li>\n<\/ul>\n","protected":false},"excerpt":{"rendered":"<p>Leidenschaft, die nach \u00d6l und Benzin riecht: Diese Zeitschrift verbindet technische Tiefe mit der Liebe zu historischen Fahrzeugen \u2013 Inspiration f\u00fcr Ihr n\u00e4chstes Projekt. Highlights dieses Heftes: Opel Rekord P2 und Gilera Saturno \/ Hoffmann S 300.<\/p>\n","protected":false},"featured_media":14360,"template":"","meta":{"iawp_total_views":13},"product_brand":[],"product_cat":[10216],"product_tag":[13810,1354,4520,11008,11634,13797,13798,13800,13809],"class_list":{"0":"post-14386","1":"product","2":"type-product","3":"status-publish","4":"has-post-thumbnail","6":"product_cat-oldtimer-praxis","7":"product_tag-triumph-herald1200-convertible","8":"product_tag-honda-xbr-500","9":"product_tag-gilera-saturno-sport","10":"product_tag-bmw-501","11":"product_tag-opel-rekord-p2","12":"product_tag-hoffmann-s-300","13":"product_tag-polski-fiat-125-p","14":"product_tag-dyna-veritas-2","15":"product_tag-porsche-cayman-s","17":"first","18":"instock","19":"shipping-taxable","20":"purchasable","21":"product-type-simple"},"_links":{"self":[{"href":"https:\/\/motorrad-erinnerungen.de\/shop\/wp-json\/wp\/v2\/product\/14386","targetHints":{"allow":["GET"]}}],"collection":[{"href":"https:\/\/motorrad-erinnerungen.de\/shop\/wp-json\/wp\/v2\/product"}],"about":[{"href":"https:\/\/motorrad-erinnerungen.de\/shop\/wp-json\/wp\/v2\/types\/product"}],"wp:featuredmedia":[{"embeddable":true,"href":"https:\/\/motorrad-erinnerungen.de\/shop\/wp-json\/wp\/v2\/media\/14360"}],"wp:attachment":[{"href":"https:\/\/motorrad-erinnerungen.de\/shop\/wp-json\/wp\/v2\/media?parent=14386"}],"wp:term":[{"taxonomy":"product_brand","embeddable":true,"href":"https:\/\/motorrad-erinnerungen.de\/shop\/wp-json\/wp\/v2\/product_brand?post=14386"},{"taxonomy":"product_cat","embeddable":true,"href":"https:\/\/motorrad-erinnerungen.de\/shop\/wp-json\/wp\/v2\/product_cat?post=14386"},{"taxonomy":"product_tag","embeddable":true,"href":"https:\/\/motorrad-erinnerungen.de\/shop\/wp-json\/wp\/v2\/product_tag?post=14386"}],"curies":[{"name":"wp","href":"https:\/\/api.w.org\/{rel}","templated":true}]}}