{"id":14392,"date":"2026-02-13T17:20:15","date_gmt":"2026-02-13T16:20:15","guid":{"rendered":"https:\/\/motorrad-erinnerungen.de\/shop\/produkt\/oldtimer-praxis-07-2021-spiess-fiesta-honda-cb-450-dkw-rt-250\/"},"modified":"2026-02-13T17:27:02","modified_gmt":"2026-02-13T16:27:02","slug":"oldtimer-praxis-07-2021-spiess-fiesta-honda-cb-450-dkw-rt-250","status":"publish","type":"product","link":"https:\/\/motorrad-erinnerungen.de\/shop\/produkt\/oldtimer-praxis-07-2021-spiess-fiesta-honda-cb-450-dkw-rt-250\/","title":{"rendered":"Oldtimer Praxis 07\/2021 \u2013 Ford Fiesta Spiess; Honda CB 450 K0; DKW RT 250 H"},"content":{"rendered":"<p>Ein St\u00fcck Zeitgeschichte f\u00fcr Fans klassischer Technik: die <strong>Oldtimer Praxis 07\/2021<\/strong>.<\/p>\n<h2>\ud83d\udccc Titelthema dieser Ausgabe<\/h2>\n<ul>\n<li><strong>Ford Fiesta Spiess<\/strong> \u2013 Ganz hei\u00dfes Eisen: Der Breitbau-Renner<\/li>\n<\/ul>\n<h2>\ud83c\udfcd\ufe0f Motorr\u00e4der &amp; Zweir\u00e4der in dieser Ausgabe<\/h2>\n<ul>\n<li><strong>Honda CB 450 K0<\/strong> \u2013 Mythos Black Bomber in Topform<\/li>\n<li><strong>DKW RT 250 H<\/strong> \u2013 Opas Motorrad wiederbelebt<\/li>\n<li><strong>Benelli Tornado-Twin<\/strong> \u2013 Die Technik im Detail seziert<\/li>\n<\/ul>\n<h2>\ud83d\ude97 Weitere Oldtimer-Themen<\/h2>\n<ul>\n<li><strong>BMW 327 Cabrio<\/strong> \u2013 Sportlich elegant und traumhaft sch\u00f6n<\/li>\n<li><strong>Citro\u00ebn DS Break Familiale<\/strong> \u2013 Gro\u00dfbaustelle: Ein harter Gegner<\/li>\n<li><strong>Audi 200 Turbo<\/strong> \u2013 Rares aus Ingolstadt: Echte Oberklasse<\/li>\n<li><strong>Alfa Romeo Spider 939 1,8 TBi<\/strong> \u2013 Youngtimer-Tipp: Alfas letzter Spider<\/li>\n<li><strong>Simca ohv-Vierzylinder<\/strong> \u2013 Autotechnik im Detail<\/li>\n<li><strong>Tanks retten<\/strong> \u2013 Marode F\u00e4sser ohne Boden: Ratgeber Teil 2<\/li>\n<li><strong>Batterietechnik<\/strong> \u2013 Akku-Allerlei: Alles zum Stand der Dinge<\/li>\n<\/ul>\n<h2>\ud83d\udca1 Tipp<\/h2>\n<ul>\n<li>Eine Oldtimer-Zeitschrift kann auch eine willkommene \u00dcberraschung sein&#8230; als Geschenk f\u00fcr Bastler oder zur Recherche f\u00fcr das eigene Traumauto.<\/li>\n<\/ul>\n<h2>\ud83d\udce6 Versand &amp; Service<\/h2>\n<ul>\n<li>Kostenloser Versand in Deutschland \u2013 schnell und zuverl\u00e4ssig direkt zu Ihnen nach Hause.<\/li>\n<\/ul>\n<h2>\ud83c\udf0d Zustand der Zeitschrift<\/h2>\n<ul>\n<li>Gebraucht, weil gelesen, durchgebl\u00e4ttert, gestapelt, alles original \ud83d\ude09<\/li>\n<\/ul>\n","protected":false},"excerpt":{"rendered":"<p>Leidenschaft, die nach \u00d6l und Benzin riecht: Diese Zeitschrift verbindet technische Tiefe mit der Liebe zu historischen Fahrzeugen \u2013 Inspiration f\u00fcr Ihr n\u00e4chstes Projekt. Highlights dieses Heftes: Spiess-Fiesta und Honda CB 450 \/ DKW RT 250.<\/p>\n","protected":false},"featured_media":14362,"template":"","meta":{"iawp_total_views":0},"product_brand":[],"product_cat":[10216],"product_tag":[13818,13848,13849,13850,13851,11549,13815,13816,13817],"class_list":{"0":"post-14392","1":"product","2":"type-product","3":"status-publish","4":"has-post-thumbnail","6":"product_cat-oldtimer-praxis","7":"product_tag-simca-vierzylinder","8":"product_tag-ford-fiesta-spiess","9":"product_tag-citroen-ds-break-familiale","10":"product_tag-dkw-rt-250-h","11":"product_tag-honda-cb-450-k0-black-bomber","12":"product_tag-alfa-romeo-spider","13":"product_tag-benelli-tornado-twin","14":"product_tag-bmw-327-cabrio","15":"product_tag-audi-200-turbo","17":"first","18":"instock","19":"shipping-taxable","20":"purchasable","21":"product-type-simple"},"_links":{"self":[{"href":"https:\/\/motorrad-erinnerungen.de\/shop\/wp-json\/wp\/v2\/product\/14392","targetHints":{"allow":["GET"]}}],"collection":[{"href":"https:\/\/motorrad-erinnerungen.de\/shop\/wp-json\/wp\/v2\/product"}],"about":[{"href":"https:\/\/motorrad-erinnerungen.de\/shop\/wp-json\/wp\/v2\/types\/product"}],"wp:featuredmedia":[{"embeddable":true,"href":"https:\/\/motorrad-erinnerungen.de\/shop\/wp-json\/wp\/v2\/media\/14362"}],"wp:attachment":[{"href":"https:\/\/motorrad-erinnerungen.de\/shop\/wp-json\/wp\/v2\/media?parent=14392"}],"wp:term":[{"taxonomy":"product_brand","embeddable":true,"href":"https:\/\/motorrad-erinnerungen.de\/shop\/wp-json\/wp\/v2\/product_brand?post=14392"},{"taxonomy":"product_cat","embeddable":true,"href":"https:\/\/motorrad-erinnerungen.de\/shop\/wp-json\/wp\/v2\/product_cat?post=14392"},{"taxonomy":"product_tag","embeddable":true,"href":"https:\/\/motorrad-erinnerungen.de\/shop\/wp-json\/wp\/v2\/product_tag?post=14392"}],"curies":[{"name":"wp","href":"https:\/\/api.w.org\/{rel}","templated":true}]}}