{"id":14396,"date":"2026-02-13T17:20:17","date_gmt":"2026-02-13T16:20:17","guid":{"rendered":"https:\/\/motorrad-erinnerungen.de\/shop\/produkt\/oldtimer-praxis-11-2021-fiat-multipla-yamaha-tz-350-guzzi-v50\/"},"modified":"2026-02-13T19:51:08","modified_gmt":"2026-02-13T18:51:08","slug":"oldtimer-praxis-11-2021-fiat-multipla-yamaha-tz-350-guzzi-v50","status":"publish","type":"product","link":"https:\/\/motorrad-erinnerungen.de\/shop\/produkt\/oldtimer-praxis-11-2021-fiat-multipla-yamaha-tz-350-guzzi-v50\/","title":{"rendered":"Oldtimer Praxis 11\/2021 \u2013 Fiat 600 D Multipla; Yamaha TZ 350; Moto Guzzi V35\/V50"},"content":{"rendered":"<p>Ein St\u00fcck Zeitgeschichte f\u00fcr Fans klassischer Technik: die <strong>Oldtimer Praxis 11\/2021<\/strong>.<\/p>\n<h2>\ud83d\udccc Titelthema dieser Ausgabe<\/h2>\n<ul>\n<li><strong>Fiat 600 D Multipla<\/strong> \u2013 \u201eTrio speciale\u201c! Die geniale Raumkapsel<\/li>\n<\/ul>\n<h2>\ud83c\udfcd\ufe0f Motorr\u00e4der &amp; Zweir\u00e4der in dieser Ausgabe<\/h2>\n<ul>\n<li><strong>Yamaha TZ 350<\/strong> \u2013 Siegertyp: Der Traum vom eigenen Renner<\/li>\n<li><strong>Moto Guzzi V35\/V50<\/strong>\u00a0\u2013 Erfahrungen mit Guzzis \u201eKleinen\u201c<\/li>\n<li><strong>Junak 350er ohv<\/strong> \u2013 Seziert: Der Polen-Single im Detail<\/li>\n<\/ul>\n<h2>\ud83d\ude97 Weitere Oldtimer-Themen<\/h2>\n<ul>\n<li><strong>Opel Commodore A<\/strong> \u2013 Auf lange Sicht: Ein Fahrtenbuch-Bericht<\/li>\n<li><strong>Datsun 240 Z<\/strong> \u2013 Jugend schraubt: Das erste eigene Auto<\/li>\n<li><strong>VW Bus T5 Multivan 2,5 TDI<\/strong>\u00a0\u2013 Youngtimer-Check: Der Allesk\u00f6nner<\/li>\n<li><strong>Sebring-Vanguard CitiCar<\/strong> \u2013 Ein schr\u00e4ger Typ<\/li>\n<li><strong>Audi Mitteldruckmotor<\/strong> \u2013 Autotechnik im Detail<\/li>\n<li><strong>Nockenwellen<\/strong> \u2013 Reparieren statt Schrottplatz: Optimierungstipps<\/li>\n<li><strong>Finish-Tipps<\/strong> \u2013 Perfektes Finish f\u00fcr Motorraum und Unterboden<\/li>\n<\/ul>\n<h2>\ud83d\udca1 Tipp<\/h2>\n<ul>\n<li>Eine Oldtimer-Zeitschrift kann auch eine willkommene \u00dcberraschung sein&#8230; als Geschenk f\u00fcr Bastler oder zur Recherche f\u00fcr das eigene Traumauto.<\/li>\n<\/ul>\n<h2>\ud83d\udce6 Versand &amp; Service<\/h2>\n<ul>\n<li>Kostenloser Versand in Deutschland \u2013 schnell und zuverl\u00e4ssig direkt zu Ihnen nach Hause.<\/li>\n<\/ul>\n<h2>\ud83c\udf0d Zustand der Zeitschrift<\/h2>\n<ul>\n<li>Gebraucht, weil gelesen, durchgebl\u00e4ttert, gestapelt, alles original \ud83d\ude09<\/li>\n<\/ul>\n","protected":false},"excerpt":{"rendered":"<p>Leidenschaft, die nach \u00d6l und Benzin riecht: Diese Zeitschrift verbindet technische Tiefe mit der Liebe zu historischen Fahrzeugen \u2013 Inspiration f\u00fcr Ihr n\u00e4chstes Projekt. Highlights dieses Heftes: Fiat Multipla und Yamaha TZ 350 \/ Guzzi V50.<\/p>\n","protected":false},"featured_media":14366,"template":"","meta":{"iawp_total_views":0},"product_brand":[],"product_cat":[10216],"product_tag":[450,978,10888,10949,13839,13841,13863,13864,13865],"class_list":{"0":"post-14396","1":"product","2":"type-product","3":"status-publish","4":"has-post-thumbnail","6":"product_cat-oldtimer-praxis","7":"product_tag-yamaha-tz-350","8":"product_tag-moto-guzzi-v35-v50","9":"product_tag-datsun-240-z","10":"product_tag-opel-commodore-a","11":"product_tag-junak-350","12":"product_tag-audi-mitteldruckmotor","13":"product_tag-vw-bus-t5-multivan-2","14":"product_tag-sebring-vanguard-citicar","15":"product_tag-fiat-600-d-multipla","17":"first","18":"instock","19":"shipping-taxable","20":"purchasable","21":"product-type-simple"},"_links":{"self":[{"href":"https:\/\/motorrad-erinnerungen.de\/shop\/wp-json\/wp\/v2\/product\/14396","targetHints":{"allow":["GET"]}}],"collection":[{"href":"https:\/\/motorrad-erinnerungen.de\/shop\/wp-json\/wp\/v2\/product"}],"about":[{"href":"https:\/\/motorrad-erinnerungen.de\/shop\/wp-json\/wp\/v2\/types\/product"}],"wp:featuredmedia":[{"embeddable":true,"href":"https:\/\/motorrad-erinnerungen.de\/shop\/wp-json\/wp\/v2\/media\/14366"}],"wp:attachment":[{"href":"https:\/\/motorrad-erinnerungen.de\/shop\/wp-json\/wp\/v2\/media?parent=14396"}],"wp:term":[{"taxonomy":"product_brand","embeddable":true,"href":"https:\/\/motorrad-erinnerungen.de\/shop\/wp-json\/wp\/v2\/product_brand?post=14396"},{"taxonomy":"product_cat","embeddable":true,"href":"https:\/\/motorrad-erinnerungen.de\/shop\/wp-json\/wp\/v2\/product_cat?post=14396"},{"taxonomy":"product_tag","embeddable":true,"href":"https:\/\/motorrad-erinnerungen.de\/shop\/wp-json\/wp\/v2\/product_tag?post=14396"}],"curies":[{"name":"wp","href":"https:\/\/api.w.org\/{rel}","templated":true}]}}