{"id":14397,"date":"2026-02-13T17:20:17","date_gmt":"2026-02-13T16:20:17","guid":{"rendered":"https:\/\/motorrad-erinnerungen.de\/shop\/produkt\/oldtimer-praxis-12-2021-karmann-cabrio-honda-cb-250-g5-mas-350-ss\/"},"modified":"2026-02-13T19:57:31","modified_gmt":"2026-02-13T18:57:31","slug":"oldtimer-praxis-12-2021-karmann-cabrio-honda-cb-250-g5-mas-350-ss","status":"publish","type":"product","link":"https:\/\/motorrad-erinnerungen.de\/shop\/produkt\/oldtimer-praxis-12-2021-karmann-cabrio-honda-cb-250-g5-mas-350-ss\/","title":{"rendered":"Oldtimer Praxis 12\/2021 \u2013 VW Karmann Ghia Cabrio; Honda CB 250 G5; MAS 350 SS"},"content":{"rendered":"<p>Ein St\u00fcck Zeitgeschichte f\u00fcr Fans klassischer Technik: die <strong>Oldtimer Praxis 12\/2021<\/strong>.<\/p>\n<h2>\ud83d\udccc Titelthema dieser Ausgabe<\/h2>\n<ul>\n<li><strong>VW Karmann Ghia Cabrio Typ 14<\/strong> \u2013 Ewig sch\u00f6n! Der Kult-Klassiker von VW<\/li>\n<\/ul>\n<h2>\ud83c\udfcd\ufe0f Motorr\u00e4der &amp; Zweir\u00e4der in dieser Ausgabe<\/h2>\n<ul>\n<li><strong>Honda CB 250 G5<\/strong> \u2013 F\u00fcr Einsteiger und Fortgeschrittene<\/li>\n<li><strong>MAS 350 SS<\/strong> \u2013 Rarer Renner aus Italien<\/li>\n<li><strong>DKW RT 125 <\/strong>\u2013 Seziert: Technik im Detail<\/li>\n<\/ul>\n<h2>\ud83d\ude97 Weitere Oldtimer-Themen<\/h2>\n<ul>\n<li><strong>BMW 2000 CA<\/strong>\u00a0\u2013 Im Dauertest: 54 Jahre Erfahrung<\/li>\n<li><strong>Simca 1200 S Coup\u00e9<\/strong> \u2013 Der fiese Roster: Halbzeit-Bericht<\/li>\n<li><strong>Goliath Goli Hochpritsche<\/strong> \u2013 Nimm drei! Ein Held der Arbeit<\/li>\n<li><strong>Citro\u00ebn Pluriel<\/strong> \u2013 Youngtimer-Tipp: Sonniges Gem\u00fct<\/li>\n<li><strong>Lamborghini Urraco Achtzylinder<\/strong> \u2013 Autotechnik im Detail<\/li>\n<li><strong>Werkzeug-Wunschzettel<\/strong> \u2013 Was unter den Weihnachtsbaum geh\u00f6rt<\/li>\n<li><strong>Motorraum-Reinigung<\/strong> \u2013 Auf Hochglanz: Liebe zum Detail<\/li>\n<\/ul>\n<h2>\ud83d\udca1 Tipp<\/h2>\n<ul>\n<li>Eine Oldtimer-Zeitschrift kann auch eine willkommene \u00dcberraschung sein&#8230; als Geschenk f\u00fcr Bastler oder zur Recherche f\u00fcr das eigene Traumauto.<\/li>\n<\/ul>\n<h2>\ud83d\udce6 Versand &amp; Service<\/h2>\n<ul>\n<li>Kostenloser Versand in Deutschland \u2013 schnell und zuverl\u00e4ssig direkt zu Ihnen nach Hause.<\/li>\n<\/ul>\n<h2>\ud83c\udf0d Zustand der Zeitschrift<\/h2>\n<ul>\n<li>Gebraucht, weil gelesen, durchgebl\u00e4ttert, gestapelt, alles original \ud83d\ude09<\/li>\n<\/ul>\n","protected":false},"excerpt":{"rendered":"<p>Leidenschaft, die nach \u00d6l und Benzin riecht: Diese Zeitschrift verbindet technische Tiefe mit der Liebe zu historischen Fahrzeugen \u2013 Inspiration f\u00fcr Ihr n\u00e4chstes Projekt. Highlights dieses Heftes: Karmann Cabrio und Honda CB 250 G5 \/ MAS 350 SS.<\/p>\n","protected":false},"featured_media":14367,"template":"","meta":{"iawp_total_views":0},"product_brand":[],"product_cat":[10216],"product_tag":[13407,13842,13843,13844,13846,13847,13866,13867,4059],"class_list":{"0":"post-14397","1":"product","2":"type-product","3":"status-publish","4":"has-post-thumbnail","6":"product_cat-oldtimer-praxis","7":"product_tag-vw-karmann-ghia-cabrio","8":"product_tag-honda-cb-250-g5","9":"product_tag-mas-350-ss","10":"product_tag-simca-1200-s-coupe","11":"product_tag-citroen-pluriel","12":"product_tag-lamborghini-urraco","13":"product_tag-goliath-goli-hochpritsche","14":"product_tag-bmw-2000-ca","15":"product_tag-dkw-rt-125","17":"first","18":"instock","19":"shipping-taxable","20":"purchasable","21":"product-type-simple"},"_links":{"self":[{"href":"https:\/\/motorrad-erinnerungen.de\/shop\/wp-json\/wp\/v2\/product\/14397","targetHints":{"allow":["GET"]}}],"collection":[{"href":"https:\/\/motorrad-erinnerungen.de\/shop\/wp-json\/wp\/v2\/product"}],"about":[{"href":"https:\/\/motorrad-erinnerungen.de\/shop\/wp-json\/wp\/v2\/types\/product"}],"wp:featuredmedia":[{"embeddable":true,"href":"https:\/\/motorrad-erinnerungen.de\/shop\/wp-json\/wp\/v2\/media\/14367"}],"wp:attachment":[{"href":"https:\/\/motorrad-erinnerungen.de\/shop\/wp-json\/wp\/v2\/media?parent=14397"}],"wp:term":[{"taxonomy":"product_brand","embeddable":true,"href":"https:\/\/motorrad-erinnerungen.de\/shop\/wp-json\/wp\/v2\/product_brand?post=14397"},{"taxonomy":"product_cat","embeddable":true,"href":"https:\/\/motorrad-erinnerungen.de\/shop\/wp-json\/wp\/v2\/product_cat?post=14397"},{"taxonomy":"product_tag","embeddable":true,"href":"https:\/\/motorrad-erinnerungen.de\/shop\/wp-json\/wp\/v2\/product_tag?post=14397"}],"curies":[{"name":"wp","href":"https:\/\/api.w.org\/{rel}","templated":true}]}}