{"id":14407,"date":"2026-02-14T10:39:24","date_gmt":"2026-02-14T09:39:24","guid":{"rendered":"https:\/\/motorrad-erinnerungen.de\/shop\/produkt\/oldtimer-praxis-03-2022-manta-te-scott-tt-guzzi-v7\/"},"modified":"2026-02-14T11:01:48","modified_gmt":"2026-02-14T10:01:48","slug":"oldtimer-praxis-03-2022-manta-te-scott-tt-guzzi-v7","status":"publish","type":"product","link":"https:\/\/motorrad-erinnerungen.de\/shop\/produkt\/oldtimer-praxis-03-2022-manta-te-scott-tt-guzzi-v7\/","title":{"rendered":"Oldtimer Praxis 03\/2022 \u2013 Opel Manta SR \/ TE; Scott TT; Yamaha TR1; Moto Guzzi V7"},"content":{"rendered":"<p>Ein St\u00fcck Zeitgeschichte f\u00fcr Fans klassischer Technik: die <strong>Oldtimer Praxis 03\/2022<\/strong>.<\/p>\n<h2>\ud83d\udccc Titelthema dieser Ausgabe<\/h2>\n<ul>\n<li><strong>Opel Manta SR 3000 und TE 2800<\/strong>\u00a0\u2013 Sechs Zylinder, 2800 Kubik!<\/li>\n<\/ul>\n<h2>\ud83c\udfcd\ufe0f Motorr\u00e4der &amp; Zweir\u00e4der in dieser Ausgabe<\/h2>\n<ul>\n<li><strong>Scott TT Replika<\/strong> \u2013 Siegertyp aus England<\/li>\n<li><strong>Yamaha TR1<\/strong> \u2013 Zwei Zylinder sind genug: Tipps zum Umbau<\/li>\n<li><strong>Moto Guzzi V7<\/strong> \u2013 Eine neue \u00c4ra: Der V2-Motor im Detail<\/li>\n<\/ul>\n<h2>\ud83d\ude97 Weitere Oldtimer-Themen<\/h2>\n<ul>\n<li><strong>Fiat 1500 Cabriolet<\/strong> \u2013 Bella Italia: Ein echter Sommertraum<\/li>\n<li><strong>Renault 5 Turbo<\/strong> \u2013 Soforthilfe: Spektakul\u00e4re Flutopfer-Rettung<\/li>\n<li><strong>Mercedes-Benz E 320 T (W124)<\/strong> \u2013 Dauertest: \u00dcber 100.000 Kilometer Erfahrung<\/li>\n<li><strong>Nissan 350 Z<\/strong> \u2013 Fahrvergn\u00fcgen: Sport im Alltag<\/li>\n<li><strong>MG YA<\/strong> \u2013 Very british<\/li>\n<li><strong>Buick Nailhead-V8<\/strong> \u2013 Autotechnik im Detail seziert<\/li>\n<li><strong>Spachtelmasse<\/strong> \u2013 Profi-Tipps zum richtigen Einsatz<\/li>\n<li><strong>Interieur-Pflege<\/strong> \u2013 Die wahre Kunst: Aufbereiten und Konservieren der Originalsubstanz<\/li>\n<\/ul>\n<h2>\ud83d\udca1 Tipp<\/h2>\n<ul>\n<li>Eine Oldtimer-Zeitschrift kann auch eine willkommene \u00dcberraschung sein&#8230; als Geschenk f\u00fcr Bastler oder zur Recherche f\u00fcr das eigene Traumauto.<\/li>\n<\/ul>\n<h2>\ud83d\udce6 Versand &amp; Service<\/h2>\n<ul>\n<li>Kostenloser Versand in Deutschland \u2013 schnell und zuverl\u00e4ssig direkt zu Ihnen nach Hause.<\/li>\n<\/ul>\n<h2>\ud83c\udf0d Zustand der Zeitschrift<\/h2>\n<ul>\n<li>Gebraucht, weil gelesen, durchgebl\u00e4ttert, gestapelt, alles original \ud83d\ude09<\/li>\n<\/ul>\n","protected":false},"excerpt":{"rendered":"<p>Leidenschaft, die nach \u00d6l und Benzin riecht: Diese Zeitschrift verbindet technische Tiefe mit der Liebe zu historischen Fahrzeugen \u2013 Inspiration f\u00fcr Ihr n\u00e4chstes Projekt. Highlights dieses Heftes: Manta TE und Scott TT.<\/p>\n","protected":false},"featured_media":14414,"template":"","meta":{"iawp_total_views":0},"product_brand":[],"product_cat":[10216],"product_tag":[13886,13911,13912,13913,213,13914,3504,11355,13882,13883,13885],"class_list":{"0":"post-14407","1":"product","2":"type-product","3":"status-publish","4":"has-post-thumbnail","6":"product_cat-oldtimer-praxis","7":"product_tag-buick-nailhead-v8","8":"product_tag-opel-manta-sr-3000","9":"product_tag-opel-manta-te-2800","10":"product_tag-mercedes-benz-e-320-t","11":"product_tag-moto-guzzi-v7","12":"product_tag-mg-ya","13":"product_tag-yamaha-tr1","14":"product_tag-renault-5-turbo","15":"product_tag-scott-tt","16":"product_tag-fiat-1500-cabriolet","17":"product_tag-nissan-350-z","19":"first","20":"instock","21":"shipping-taxable","22":"purchasable","23":"product-type-simple"},"_links":{"self":[{"href":"https:\/\/motorrad-erinnerungen.de\/shop\/wp-json\/wp\/v2\/product\/14407","targetHints":{"allow":["GET"]}}],"collection":[{"href":"https:\/\/motorrad-erinnerungen.de\/shop\/wp-json\/wp\/v2\/product"}],"about":[{"href":"https:\/\/motorrad-erinnerungen.de\/shop\/wp-json\/wp\/v2\/types\/product"}],"wp:featuredmedia":[{"embeddable":true,"href":"https:\/\/motorrad-erinnerungen.de\/shop\/wp-json\/wp\/v2\/media\/14414"}],"wp:attachment":[{"href":"https:\/\/motorrad-erinnerungen.de\/shop\/wp-json\/wp\/v2\/media?parent=14407"}],"wp:term":[{"taxonomy":"product_brand","embeddable":true,"href":"https:\/\/motorrad-erinnerungen.de\/shop\/wp-json\/wp\/v2\/product_brand?post=14407"},{"taxonomy":"product_cat","embeddable":true,"href":"https:\/\/motorrad-erinnerungen.de\/shop\/wp-json\/wp\/v2\/product_cat?post=14407"},{"taxonomy":"product_tag","embeddable":true,"href":"https:\/\/motorrad-erinnerungen.de\/shop\/wp-json\/wp\/v2\/product_tag?post=14407"}],"curies":[{"name":"wp","href":"https:\/\/api.w.org\/{rel}","templated":true}]}}