{"id":14409,"date":"2026-02-14T10:39:25","date_gmt":"2026-02-14T09:39:25","guid":{"rendered":"https:\/\/motorrad-erinnerungen.de\/shop\/produkt\/oldtimer-praxis-06-2022-tatra-603-yamaha-xs-650-harley-evolution\/"},"modified":"2026-02-14T11:19:02","modified_gmt":"2026-02-14T10:19:02","slug":"oldtimer-praxis-06-2022-tatra-603-yamaha-xs-650-harley-evolution","status":"publish","type":"product","link":"https:\/\/motorrad-erinnerungen.de\/shop\/produkt\/oldtimer-praxis-06-2022-tatra-603-yamaha-xs-650-harley-evolution\/","title":{"rendered":"Oldtimer Praxis 06\/2022 \u2013 Tatra 603-2; Yamaha XS 650; Harley Evolution"},"content":{"rendered":"<p>Ein St\u00fcck Zeitgeschichte f\u00fcr Fans klassischer Technik: die <strong>Oldtimer Praxis 06\/2022<\/strong>.<\/p>\n<h2>\ud83d\udccc Titelthema dieser Ausgabe<\/h2>\n<ul>\n<li><strong>Tatra 603-2 (1966)<\/strong> \u2013 Faszinierend: Stromlinienform aus dem Osten<\/li>\n<\/ul>\n<h2>\ud83c\udfcd\ufe0f Motorr\u00e4der &amp; Zweir\u00e4der in dieser Ausgabe<\/h2>\n<ul>\n<li><strong>Yamaha XS 650<\/strong> \u2013 Very british: Der japanische Twin im Detail<\/li>\n<li><strong>Vespa GS4, Bella 175 S, Heinkel Tourist 101 A-0<\/strong> \u2013 Werkstattgespr\u00e4che unter Roller-Fans<\/li>\n<li><strong>Harley-Davidson Evolution-V2<\/strong> \u2013 Kraftwerk im Detail seziert<\/li>\n<\/ul>\n<h2>\ud83d\ude97 Weitere Oldtimer-Themen<\/h2>\n<ul>\n<li><strong>Mercedes-Benz 230 SL (W113)<\/strong>\u00a0\u2013 Im Dauertest: Auf Reisen mit dem Fahrtenbuch<\/li>\n<li><strong>VW Passat GT<\/strong> \u2013 Nur Mut! Dieser ehrliche Passat wurde gerettet<\/li>\n<li><strong>MG Midget Mk I 1100<\/strong> \u2013 Endlich Sommer: Cabrio-Freude pur<\/li>\n<li><strong>Peugeot 407 Coup\u00e9 3.0 V6 210<\/strong> \u2013 Youngtimer-Tipp: Stil f\u00fcr kleines Geld<\/li>\n<li><strong>Glas-Isar-Boxer<\/strong> \u2013 Autotechnik im Detail<\/li>\n<li><strong>Ratschen &amp; N\u00fcsse<\/strong> \u2013 Ganz speziell: Markt\u00fcbersicht f\u00fcr besondere Anl\u00e4sse<\/li>\n<li><strong>Gewinde reparieren<\/strong> \u2013 Alles wird gut! Profi-Tipps Teil 2<\/li>\n<li><strong>Getriebe\u00f6l<\/strong> \u2013 Welches ist das richtige f\u00fcr Ihren Klassiker?<\/li>\n<\/ul>\n<h2>\ud83d\udca1 Tipp<\/h2>\n<ul>\n<li>Eine Oldtimer-Zeitschrift kann auch eine willkommene \u00dcberraschung sein&#8230; als Geschenk f\u00fcr Bastler oder zur Recherche f\u00fcr das eigene Traumauto.<\/li>\n<\/ul>\n<h2>\ud83d\udce6 Versand &amp; Service<\/h2>\n<ul>\n<li>Kostenloser Versand in Deutschland \u2013 schnell und zuverl\u00e4ssig direkt zu Ihnen nach Hause.<\/li>\n<\/ul>\n<h2>\ud83c\udf0d Zustand der Zeitschrift<\/h2>\n<ul>\n<li>Gebraucht, weil gelesen, durchgebl\u00e4ttert, gestapelt, alles original \ud83d\ude09<\/li>\n<\/ul>\n","protected":false},"excerpt":{"rendered":"<p>Leidenschaft, die nach \u00d6l den Benzin riecht: Diese Zeitschrift verbindet technische Tiefe mit der Liebe zu historischen Fahrzeugen \u2013 Inspiration f\u00fcr Ihr n\u00e4chstes Projekt. Highlights dieses Heftes: Tatra 603 und Yamaha XS 650.<\/p>\n","protected":false},"featured_media":14416,"template":"","meta":{"iawp_total_views":1},"product_brand":[],"product_cat":[10216],"product_tag":[490,13922,13923,12979,13891,13892,13894,13895,13918,13919,13920,245,13921],"class_list":{"0":"post-14409","1":"product","2":"type-product","3":"status-publish","4":"has-post-thumbnail","6":"product_cat-oldtimer-praxis","7":"product_tag-yamaha-xs-650","8":"product_tag-vw-passat-gt","9":"product_tag-mercedes-benz-230-sl","10":"product_tag-mg-midget","11":"product_tag-harley-davidson-evolution","12":"product_tag-mercedes-sl-pagode","13":"product_tag-peugeot-407-coupe","14":"product_tag-glas-isar-boxer","15":"product_tag-tatra-603-2","16":"product_tag-vespa-gs4","17":"product_tag-bella-175-s","18":"product_tag-vespa","19":"product_tag-heinkel-tourist-101-a-0","21":"first","22":"instock","23":"shipping-taxable","24":"purchasable","25":"product-type-simple"},"_links":{"self":[{"href":"https:\/\/motorrad-erinnerungen.de\/shop\/wp-json\/wp\/v2\/product\/14409","targetHints":{"allow":["GET"]}}],"collection":[{"href":"https:\/\/motorrad-erinnerungen.de\/shop\/wp-json\/wp\/v2\/product"}],"about":[{"href":"https:\/\/motorrad-erinnerungen.de\/shop\/wp-json\/wp\/v2\/types\/product"}],"wp:featuredmedia":[{"embeddable":true,"href":"https:\/\/motorrad-erinnerungen.de\/shop\/wp-json\/wp\/v2\/media\/14416"}],"wp:attachment":[{"href":"https:\/\/motorrad-erinnerungen.de\/shop\/wp-json\/wp\/v2\/media?parent=14409"}],"wp:term":[{"taxonomy":"product_brand","embeddable":true,"href":"https:\/\/motorrad-erinnerungen.de\/shop\/wp-json\/wp\/v2\/product_brand?post=14409"},{"taxonomy":"product_cat","embeddable":true,"href":"https:\/\/motorrad-erinnerungen.de\/shop\/wp-json\/wp\/v2\/product_cat?post=14409"},{"taxonomy":"product_tag","embeddable":true,"href":"https:\/\/motorrad-erinnerungen.de\/shop\/wp-json\/wp\/v2\/product_tag?post=14409"}],"curies":[{"name":"wp","href":"https:\/\/api.w.org\/{rel}","templated":true}]}}