{"id":14410,"date":"2026-02-14T10:39:25","date_gmt":"2026-02-14T09:39:25","guid":{"rendered":"https:\/\/motorrad-erinnerungen.de\/shop\/produkt\/oldtimer-praxis-07-2022-190-d-binz-mz-etz-250-honda-cb-vierzyinder\/"},"modified":"2026-02-14T11:24:48","modified_gmt":"2026-02-14T10:24:48","slug":"oldtimer-praxis-07-2022-190-d-binz-mz-etz-250-honda-cb-vierzyinder","status":"publish","type":"product","link":"https:\/\/motorrad-erinnerungen.de\/shop\/produkt\/oldtimer-praxis-07-2022-190-d-binz-mz-etz-250-honda-cb-vierzyinder\/","title":{"rendered":"Oldtimer Praxis 07\/2022 \u2013 190 D BINZ; MZ ETZ 250; Honda CB 400 Four"},"content":{"rendered":"<p>Ein St\u00fcck Zeitgeschichte f\u00fcr Fans klassischer Technik: die <strong>Oldtimer Praxis 07\/2022<\/strong>.<\/p>\n<h2>\ud83d\udccc Titelthema dieser Ausgabe<\/h2>\n<ul>\n<li><strong>Mercedes-Benz 190 D BINZ<\/strong> \u2013 Der Alltagsheld: Seltener Kombi-Umbau<\/li>\n<\/ul>\n<h2>\ud83c\udfcd\ufe0f Motorr\u00e4der &amp; Zweir\u00e4der in dieser Ausgabe<\/h2>\n<ul>\n<li><strong>MZ ETZ 250<\/strong> \u2013 Zum Klassiker gereift: Der ideale Hobbyeinstieg<\/li>\n<li><strong>Motob\u00ed\/Benelli 250 Sport Speciale<\/strong> \u2013 Klein, aber oho: Italienische Kraft<\/li>\n<li><strong>Honda CB 400 Four<\/strong>\u00a0\u2013 Hondas kleine Vierzylinder im Detail seziert<\/li>\n<\/ul>\n<h2>\ud83d\ude97 Weitere Oldtimer-Themen<\/h2>\n<ul>\n<li><strong>Austin A35<\/strong> \u2013 Nice to meet you! Den muss man einfach lieben<\/li>\n<li><strong>Fiat 850 Spider<\/strong> \u2013 Italo-Momente im Fahrtenbuch<\/li>\n<li><strong>Opel Diplomat V8<\/strong> \u2013 Opels Oberklasse: Von allem reichlich<\/li>\n<li><strong>Citro\u00ebn XM mit Cosworth-V6<\/strong> \u2013 E-Teil-Express: Ein Mann, ein Projekt<\/li>\n<li><strong>Nissan Cube Z 12 Benziner<\/strong>\u00a0\u2013 Quadratisch, praktisch, gut? Der Check<\/li>\n<li><strong>Citro\u00ebn GS ohc-Boxer<\/strong> \u2013 Erstaunliche Autotechnik im Detail<\/li>\n<li><strong>Leichtmetall schwei\u00dfen<\/strong> \u2013 Rettung naht! Profis zeigen, was m\u00f6glich ist<\/li>\n<li><strong>Grundierungen<\/strong> \u2013 Filler, Lack &amp; Co.: Die Qual der Wahl f\u00fcr Ihren Zweck<\/li>\n<\/ul>\n<h2>\ud83d\udca1 Tipp<\/h2>\n<ul>\n<li>Eine Oldtimer-Zeitschrift kann auch eine willkommene \u00dcberraschung sein&#8230; als Geschenk f\u00fcr Bastler oder zur Recherche f\u00fcr das eigene Traumauto.<\/li>\n<\/ul>\n<h2>\ud83d\udce6 Versand &amp; Service<\/h2>\n<ul>\n<li>Kostenloser Versand in Deutschland \u2013 schnell und zuverl\u00e4ssig direkt zu Ihnen nach Hause.<\/li>\n<\/ul>\n<h2>\ud83c\udf0d Zustand der Zeitschrift<\/h2>\n<ul>\n<li>Gebraucht, weil gelesen, durchgebl\u00e4ttert, gestapelt, alles original \ud83d\ude09<\/li>\n<\/ul>\n","protected":false},"excerpt":{"rendered":"<p>Leidenschaft, die nach \u00d6l und Benzin riecht: Diese Zeitschrift verbindet technische Tiefe mit der Liebe zu historischen Fahrzeugen \u2013 Inspiration f\u00fcr Ihr n\u00e4chstes Projekt. Highlights dieses Heftes: 190 D BINZ und MZ ETZ 250.<\/p>\n","protected":false},"featured_media":14417,"template":"","meta":{"iawp_total_views":1},"product_brand":[],"product_cat":[10216],"product_tag":[13896,13898,13899,13924,13925,487,1102,10967,11667,12208],"class_list":{"0":"post-14410","1":"product","2":"type-product","3":"status-publish","4":"has-post-thumbnail","6":"product_cat-oldtimer-praxis","7":"product_tag-mercedes-benz-190-d-binz","8":"product_tag-honda-cb-vierzylinder","9":"product_tag-austin-a35","10":"product_tag-nissan-cube-z-12","11":"product_tag-motobi-benelli-250-sport-speciale","12":"product_tag-honda-cb-400-four","13":"product_tag-mz-etz-250","14":"product_tag-fiat-850-spider","15":"product_tag-citroen-xm","16":"product_tag-opel-diplomat-v8","18":"first","19":"instock","20":"shipping-taxable","21":"purchasable","22":"product-type-simple"},"_links":{"self":[{"href":"https:\/\/motorrad-erinnerungen.de\/shop\/wp-json\/wp\/v2\/product\/14410","targetHints":{"allow":["GET"]}}],"collection":[{"href":"https:\/\/motorrad-erinnerungen.de\/shop\/wp-json\/wp\/v2\/product"}],"about":[{"href":"https:\/\/motorrad-erinnerungen.de\/shop\/wp-json\/wp\/v2\/types\/product"}],"wp:featuredmedia":[{"embeddable":true,"href":"https:\/\/motorrad-erinnerungen.de\/shop\/wp-json\/wp\/v2\/media\/14417"}],"wp:attachment":[{"href":"https:\/\/motorrad-erinnerungen.de\/shop\/wp-json\/wp\/v2\/media?parent=14410"}],"wp:term":[{"taxonomy":"product_brand","embeddable":true,"href":"https:\/\/motorrad-erinnerungen.de\/shop\/wp-json\/wp\/v2\/product_brand?post=14410"},{"taxonomy":"product_cat","embeddable":true,"href":"https:\/\/motorrad-erinnerungen.de\/shop\/wp-json\/wp\/v2\/product_cat?post=14410"},{"taxonomy":"product_tag","embeddable":true,"href":"https:\/\/motorrad-erinnerungen.de\/shop\/wp-json\/wp\/v2\/product_tag?post=14410"}],"curies":[{"name":"wp","href":"https:\/\/api.w.org\/{rel}","templated":true}]}}