{"id":1459,"date":"2025-09-05T10:54:41","date_gmt":"2025-09-05T08:54:41","guid":{"rendered":"https:\/\/motorrad-erinnerungen.de\/2026\/produkt\/motorrad-18-1987-bmw-r-80-g-s-hier-als-schek-bmw-bmw-r-80-hier-als-fallert-bmw-moto-guzzi-1000-le-mans-iv-hier-als-martinek-guzzi\/"},"modified":"2025-12-19T11:55:04","modified_gmt":"2025-12-19T10:55:04","slug":"motorrad-18-1987-bmw-r-80-g-s-hier-als-schek-bmw-bmw-r-80-hier-als-fallert-bmw-moto-guzzi-1000-le-mans-iv-hier-als-martinek-guzzi","status":"publish","type":"product","link":"https:\/\/motorrad-erinnerungen.de\/shop\/produkt\/motorrad-18-1987-bmw-r-80-g-s-hier-als-schek-bmw-bmw-r-80-hier-als-fallert-bmw-moto-guzzi-1000-le-mans-iv-hier-als-martinek-guzzi\/","title":{"rendered":"MOTORRAD 18\/1987 \u2013 Test Cagiva T4 500 E; Matchless G 80; Honda MTX 80 R II"},"content":{"rendered":"<p>Hier k\u00f6nnen Sie die <strong>Motorrad\u2011Zeitschrift &#8222;MOTORRAD 18\/1987&#8220;<\/strong> erwerben:<\/p>\n<h2>\ud83d\udcccInhalt dieser Ausgabe (u.a.):<\/h2>\n<ul>\n<li><strong>Schek-BMW R 80 G\/S, Fallert-BMW R 80, Martinek-Moto Guzzi 1000 Le Mans IV, IMT- Moto Guzzi 1000 Le Mans IV, Transkontinental-Moto Guzzi 850 T5<\/strong> \u2013 Tuner-Treff 1987, was in zwei Zylindern steckt, Vorstellung von 5 getunten Bikes in Wort und Bild auf 9 Seiten<\/li>\n<li><strong>Honda MTX 80 R II<\/strong> mit 7,4 kW (10 PS), damit \u00fcber die h\u00f6chsten Alpenp\u00e4sse \u2013 Testbericht in Wort und Bild auf 5 Seiten<\/li>\n<li><strong>Matchless G 80<\/strong> mit 29 kW (39 PS) im Test \u2013 Fahrbericht in Wort und Bild auf 3 Seiten<\/li>\n<li><strong>Cagiva T4 500 E<\/strong> mit 29 kW (38 PS) Test &amp; Technik \u2013 Testbericht in Wort und Bild auf 5 Seiten<\/li>\n<li><strong>Honda CBR 600 F vs. Kawasaki GPX 600 R <\/strong>\u2013 zwei 600er im Vergleich, Testbericht in Wort und Bild auf 7 Seiten<\/li>\n<\/ul>\n<h2>\ud83c\udf0d Zustand der Zeitschrift<\/h2>\n<ul>\n<li><strong>Gebraucht, weil gelesen, durchgebl\u00e4ttert oder gestapelt \ud83d\ude09<\/strong>\u00a0dem Alter angemessen gut bis sehr gut erhalten.<\/li>\n<li>Alles original, Klebespuren von abgel\u00f6sten Abo-Versandaufklebern k\u00f6nnen vorhanden sein.<\/li>\n<\/ul>\n<h2>\ud83d\udce6 Versand &amp; Service<\/h2>\n<ul>\n<li>Kostenloser Versand innerhalb Deutschlands<\/li>\n<li>Versand auch ins Ausland m\u00f6glich<\/li>\n<li>Sicher verpackt \u2013 wir wissen, wie wertvoll diese Sch\u00e4tze sind!<\/li>\n<\/ul>\n","protected":false},"excerpt":{"rendered":"<p>Originalausgabe, wie es sie damals im Zeitschriftenkiosk zu kaufen gab \u2013 f\u00fcrs Wiederfinden der eigenen Motorrad\u2011Erinnerungen beim Bl\u00e4ttern.<\/p>\n","protected":false},"featured_media":1458,"template":"","meta":{"iawp_total_views":0},"product_brand":[],"product_cat":[23],"product_tag":[1583,1593,1600,10297,10301,10316,10317,10318,1555,1567],"class_list":{"0":"post-1459","1":"product","2":"type-product","3":"status-publish","4":"has-post-thumbnail","6":"product_cat-motorrad","7":"product_tag-cagiva-t4-500-e","8":"product_tag-kawasaki-gpx-600-r","9":"product_tag-matchless-g-80","10":"product_tag-fallert-bmw-r-80","11":"product_tag-schek-bmw-r-80-g-s","12":"product_tag-martinek-moto-guzzi-1000-le-mans-iv","13":"product_tag-imt-moto-guzzi-1000-le-mans-iv","14":"product_tag-transkontinental-moto-guzzi-850-t5","15":"product_tag-honda-cbr-600-f","16":"product_tag-honda-mtx-80-r-ii","18":"first","19":"instock","20":"shipping-taxable","21":"purchasable","22":"product-type-simple"},"_links":{"self":[{"href":"https:\/\/motorrad-erinnerungen.de\/shop\/wp-json\/wp\/v2\/product\/1459","targetHints":{"allow":["GET"]}}],"collection":[{"href":"https:\/\/motorrad-erinnerungen.de\/shop\/wp-json\/wp\/v2\/product"}],"about":[{"href":"https:\/\/motorrad-erinnerungen.de\/shop\/wp-json\/wp\/v2\/types\/product"}],"wp:featuredmedia":[{"embeddable":true,"href":"https:\/\/motorrad-erinnerungen.de\/shop\/wp-json\/wp\/v2\/media\/1458"}],"wp:attachment":[{"href":"https:\/\/motorrad-erinnerungen.de\/shop\/wp-json\/wp\/v2\/media?parent=1459"}],"wp:term":[{"taxonomy":"product_brand","embeddable":true,"href":"https:\/\/motorrad-erinnerungen.de\/shop\/wp-json\/wp\/v2\/product_brand?post=1459"},{"taxonomy":"product_cat","embeddable":true,"href":"https:\/\/motorrad-erinnerungen.de\/shop\/wp-json\/wp\/v2\/product_cat?post=1459"},{"taxonomy":"product_tag","embeddable":true,"href":"https:\/\/motorrad-erinnerungen.de\/shop\/wp-json\/wp\/v2\/product_tag?post=1459"}],"curies":[{"name":"wp","href":"https:\/\/api.w.org\/{rel}","templated":true}]}}