{"id":14679,"date":"2026-03-08T10:45:56","date_gmt":"2026-03-08T09:45:56","guid":{"rendered":"https:\/\/motorrad-erinnerungen.de\/shop\/produkt\/motorrad-classic-11-2020-bmw-r80-g-s\/"},"modified":"2026-03-17T22:34:32","modified_gmt":"2026-03-17T21:34:32","slug":"motorrad-classic-11-2020-bmw-r80-g-s","status":"publish","type":"product","link":"https:\/\/motorrad-erinnerungen.de\/shop\/produkt\/motorrad-classic-11-2020-bmw-r80-g-s\/","title":{"rendered":"Motorrad Classic 11\/2020 \u2013 BMW R80 G\/S; HPN-G\/S Paris-Dakar"},"content":{"rendered":"<p>Die Ausgabe der <strong>Motorrad Classic 11\/2020<\/strong> steht hier zum Verkauf.<\/p>\n<h2>\ud83d\udccc Freuen Sie sich auf interessante Beitr\u00e4ge u.a. zu:<\/h2>\n<ul>\n<li><strong>BMW R80 G\/S<\/strong> \u2013 40 Jahre Reiseenduro-Ikone<\/li>\n<li><strong>BMW HPN-G\/S Paris-Dakar<\/strong> \u2013 Rallye-Version der legend\u00e4ren Enduro<\/li>\n<li><strong>Reimo Suzuki GTR 750<\/strong> \u2013 seltene Spezialmaschine im Studio<\/li>\n<li><strong>Yamaha YDT1<\/strong> \u2013 60er-Jahre-Rarit\u00e4t aus Japan<\/li>\n<li><strong>Ducati 125 GP Quattro<\/strong> \u2013 au\u00dfergew\u00f6hnliches Einzelst\u00fcck<\/li>\n<li><strong>Wayne Rainey<\/strong> \u2013 Portr\u00e4t zum 60. Geburtstag<\/li>\n<li><strong>Bultaco Streaker, Honda CM 185, Kawasaki KH 125, MZ TS 125, Yamaha RS 100<\/strong> \u2013 Zehn-PS-Vergleichstest, Nachdruck aus der MOTORRAD 1\/1979<\/li>\n<li><strong>BMW R 100 T, Honda GL 1000, Kawasaki Z 1000, Moto Guzzi 1000 G5, Suzuki GS 850, Yamaha XS 750<\/strong> \u2013 Vergleichstest, Teil 2, Nachdruck aus der MOTORRAD 16\/1979<\/li>\n<\/ul>\n<h2>\ud83c\udf0d Zustand der Zeitschrift<\/h2>\n<ul>\n<li>Gebraucht, weil gelesen, durchgebl\u00e4ttert oder gestapelt \ud83d\ude09<\/li>\n<li>Dem Alter angemessen gut bis sehr gut erhalten<\/li>\n<li>Alles original<\/li>\n<li>Klebespuren von abgel\u00f6sten Abo-Versandaufklebern k\u00f6nnen vorhanden sein<\/li>\n<\/ul>\n<h2>\ud83d\udce6 Versand &amp; Service<\/h2>\n<ul>\n<li>\u2713 Versand gratis in Deutschland<\/li>\n<li>\u2713 Auf Wunsch auch internationaler Versand<\/li>\n<li>\u2713 Stabil verpackt, damit die Zeitschrift heil bei Ihnen ankommt<\/li>\n<\/ul>\n","protected":false},"excerpt":{"rendered":"<p>Die Motorrad Classic 11\/2020 feiert 40 Jahre BMW R80 G\/S und zeigt die Entwicklung der legend\u00e4ren Reiseenduro.<\/p>\n","protected":false},"featured_media":14684,"template":"","meta":{"iawp_total_views":0},"product_brand":[],"product_cat":[25],"product_tag":[14016,14017,510,14019,596,14025,670,14026,795,14027,796,14319,825,843,1428,1582],"class_list":{"0":"post-14679","1":"product","2":"type-product","3":"status-publish","4":"has-post-thumbnail","6":"product_cat-motorrad-classic","7":"product_tag-bmw-hpn-g-s","8":"product_tag-ducati-125-gp-quattro","9":"product_tag-yamaha-rs-100","10":"product_tag-reimo-suzuki-gtr750","11":"product_tag-yamaha-xs-750","12":"product_tag-yamaha-ydt1","13":"product_tag-kawasaki-kh-125","14":"product_tag-bultaco-streaker","15":"product_tag-honda-cm-185","16":"product_tag-moto-guzzi-1000-g5","17":"product_tag-mz-ts-125","18":"product_tag-kawasaki-z-1000-klassisch","19":"product_tag-bmw-r-100-t","20":"product_tag-suzuki-gs-850","21":"product_tag-bmw-r80-g-s","22":"product_tag-honda-gl-1000","24":"first","25":"instock","26":"shipping-taxable","27":"purchasable","28":"product-type-simple"},"_links":{"self":[{"href":"https:\/\/motorrad-erinnerungen.de\/shop\/wp-json\/wp\/v2\/product\/14679","targetHints":{"allow":["GET"]}}],"collection":[{"href":"https:\/\/motorrad-erinnerungen.de\/shop\/wp-json\/wp\/v2\/product"}],"about":[{"href":"https:\/\/motorrad-erinnerungen.de\/shop\/wp-json\/wp\/v2\/types\/product"}],"wp:featuredmedia":[{"embeddable":true,"href":"https:\/\/motorrad-erinnerungen.de\/shop\/wp-json\/wp\/v2\/media\/14684"}],"wp:attachment":[{"href":"https:\/\/motorrad-erinnerungen.de\/shop\/wp-json\/wp\/v2\/media?parent=14679"}],"wp:term":[{"taxonomy":"product_brand","embeddable":true,"href":"https:\/\/motorrad-erinnerungen.de\/shop\/wp-json\/wp\/v2\/product_brand?post=14679"},{"taxonomy":"product_cat","embeddable":true,"href":"https:\/\/motorrad-erinnerungen.de\/shop\/wp-json\/wp\/v2\/product_cat?post=14679"},{"taxonomy":"product_tag","embeddable":true,"href":"https:\/\/motorrad-erinnerungen.de\/shop\/wp-json\/wp\/v2\/product_tag?post=14679"}],"curies":[{"name":"wp","href":"https:\/\/api.w.org\/{rel}","templated":true}]}}