{"id":1471,"date":"2025-09-05T10:54:44","date_gmt":"2025-09-05T08:54:44","guid":{"rendered":"https:\/\/motorrad-erinnerungen.de\/2026\/produkt\/motorrad-24-1987-suzuki-gsx-600-f-suzuki-gsx-r-750-test-dnepr-mt-16-gespann-test-fantic-koala\/"},"modified":"2026-03-21T17:21:58","modified_gmt":"2026-03-21T16:21:58","slug":"motorrad-24-1987-suzuki-gsx-600-f-suzuki-gsx-r-750-test-dnepr-mt-16-gespann-test-fantic-koala","status":"publish","type":"product","link":"https:\/\/motorrad-erinnerungen.de\/shop\/produkt\/motorrad-24-1987-suzuki-gsx-600-f-suzuki-gsx-r-750-test-dnepr-mt-16-gespann-test-fantic-koala\/","title":{"rendered":"MOTORRAD 24\/1987 \u2013 Test BMW R 100 RT; Fahrbericht Honda NX 650 Dominator"},"content":{"rendered":"<p>Hier k\u00f6nnen Sie die <strong>Motorrad\u2011Zeitschrift &#8222;MOTORRAD 24\/1987&#8220;<\/strong> erwerben:<\/p>\n<h2>\ud83d\udcccInhalt dieser Ausgabe (u.a.):<\/h2>\n<ul>\n<li><strong>Suzuki GSX 600 F und GSX-R 750 <\/strong>als Neuheit f\u00fcr 1988 \u2013 werden hier gemeinsam vorgestellt, Titelstory in Wort und Bild auf 6 Seiten<\/li>\n<li><strong>Dnepr MT 16-Gespann<\/strong> mit 27 kW (36 PS) Test &amp; Technik \u2013 Testbericht in Wort und Bild auf 1 Seite<\/li>\n<li><strong>Fantic Koala<\/strong> mit 2,2 kW (3 PS) Test &amp; Technik \u2013 Testbericht in Wort und Bild auf 1 Seite<\/li>\n<li><strong>Honda CMX 450 CG Rebel<\/strong> mit 20 kW (27 PS) Test &amp; Technik \u2013 Testbericht in Wort und Bild auf 1 Seite<\/li>\n<li><strong>BMW R 100 RT<\/strong> mit 44 kW (60 PS) Test &amp; Technik \u2013 Testbericht in Wort und Bild auf 5 Seiten<\/li>\n<li><strong>Honda NX 650 Dominator<\/strong> mit 34 kW (46 PS) im Test \u2013 Fahrbericht in Wort und Bild auf 4 Seiten<\/li>\n<li><strong>Yamaha XT 600 Z T\u00e9n\u00e9r\u00e9 und TDR 250<\/strong> als Neuheit f\u00fcr 1988 \u2013 gemeinsame Vorstellung in Wort und Bild auf 4 Seiten<\/li>\n<\/ul>\n<h2>\ud83c\udf0d Zustand der Zeitschrift<\/h2>\n<ul>\n<li><strong>Gebraucht, weil gelesen, durchgebl\u00e4ttert oder gestapelt \ud83d\ude09<\/strong>\u00a0dem Alter angemessen gut bis sehr gut erhalten.<\/li>\n<li>Alles original, Klebespuren von abgel\u00f6sten Abo-Versandaufklebern k\u00f6nnen vorhanden sein.<\/li>\n<\/ul>\n<h2>\ud83d\udce6 Versand &amp; Service<\/h2>\n<ul>\n<li>Kostenloser Versand innerhalb Deutschlands<\/li>\n<li>Versand auch ins Ausland m\u00f6glich<\/li>\n<li>Sicher verpackt \u2013 wir wissen, wie wertvoll diese Sch\u00e4tze sind!<\/li>\n<\/ul>\n","protected":false},"excerpt":{"rendered":"<p>Originalausgabe, wie es sie damals im Zeitschriftenkiosk zu kaufen gab \u2013 f\u00fcrs Wiederfinden der eigenen Motorrad\u2011Erinnerungen beim Bl\u00e4ttern.<\/p>\n","protected":false},"featured_media":1470,"template":"","meta":{"iawp_total_views":0},"product_brand":[],"product_cat":[23],"product_tag":[1615,1616,1641,10320,783,1387,1613,1614],"class_list":{"0":"post-1471","1":"product","2":"type-product","3":"status-publish","4":"has-post-thumbnail","6":"product_cat-motorrad","7":"product_tag-suzuki-gsx-600-f","8":"product_tag-honda-cmx-450-cg-rebel","9":"product_tag-yamaha-xt-600-z-tenere","10":"product_tag-fantic-koala","11":"product_tag-bmw-r-100-rt","12":"product_tag-suzuki-gsx-r-750","13":"product_tag-yamaha-tdr-250","14":"product_tag-honda-nx-650-dominator","16":"first","17":"instock","18":"shipping-taxable","19":"purchasable","20":"product-type-simple"},"_links":{"self":[{"href":"https:\/\/motorrad-erinnerungen.de\/shop\/wp-json\/wp\/v2\/product\/1471","targetHints":{"allow":["GET"]}}],"collection":[{"href":"https:\/\/motorrad-erinnerungen.de\/shop\/wp-json\/wp\/v2\/product"}],"about":[{"href":"https:\/\/motorrad-erinnerungen.de\/shop\/wp-json\/wp\/v2\/types\/product"}],"wp:featuredmedia":[{"embeddable":true,"href":"https:\/\/motorrad-erinnerungen.de\/shop\/wp-json\/wp\/v2\/media\/1470"}],"wp:attachment":[{"href":"https:\/\/motorrad-erinnerungen.de\/shop\/wp-json\/wp\/v2\/media?parent=1471"}],"wp:term":[{"taxonomy":"product_brand","embeddable":true,"href":"https:\/\/motorrad-erinnerungen.de\/shop\/wp-json\/wp\/v2\/product_brand?post=1471"},{"taxonomy":"product_cat","embeddable":true,"href":"https:\/\/motorrad-erinnerungen.de\/shop\/wp-json\/wp\/v2\/product_cat?post=1471"},{"taxonomy":"product_tag","embeddable":true,"href":"https:\/\/motorrad-erinnerungen.de\/shop\/wp-json\/wp\/v2\/product_tag?post=1471"}],"curies":[{"name":"wp","href":"https:\/\/api.w.org\/{rel}","templated":true}]}}