{"id":1473,"date":"2025-09-05T10:54:44","date_gmt":"2025-09-05T08:54:44","guid":{"rendered":"https:\/\/motorrad-erinnerungen.de\/2026\/produkt\/motorrad-25-1987-test-suzuki-dr-big-750-s-yamaha-xt-600-tenere-test-kawasaki-voyager-xii-test-kawasaki-el-250-eliminator\/"},"modified":"2026-03-24T16:39:38","modified_gmt":"2026-03-24T15:39:38","slug":"motorrad-25-1987-test-suzuki-dr-big-750-s-yamaha-xt-600-tenere-test-kawasaki-voyager-xii-test-kawasaki-el-250-eliminator","status":"publish","type":"product","link":"https:\/\/motorrad-erinnerungen.de\/shop\/produkt\/motorrad-25-1987-test-suzuki-dr-big-750-s-yamaha-xt-600-tenere-test-kawasaki-voyager-xii-test-kawasaki-el-250-eliminator\/","title":{"rendered":"MOTORRAD 25\/1987 \u2013 Test Suzuki DR Big 750 S; Dauertest Yamaha XT 600 T\u00e9n\u00e9r\u00e9"},"content":{"rendered":"<p>Hier k\u00f6nnen Sie die <strong>Motorrad\u2011Zeitschrift &#8222;MOTORRAD 25\/1987&#8220;<\/strong> erwerben:<\/p>\n<h2>\ud83d\udcccInhalt dieser Ausgabe (u.a.):<\/h2>\n<ul>\n<li><strong>Suzuki DR Big 750 S<\/strong> mit 37 kW (50 PS) im Test \u2013 Titelstory\/Fahrbericht in Wort und Bild auf 6 Seiten<\/li>\n<li><strong>Yamaha XT 600 Z T\u00e9n\u00e9r\u00e9<\/strong> mit 32 kW (44 PS) nach dem Langstreckentest \u2013 Testbericht in Wort und Bild auf 7 Seiten<\/li>\n<li><strong>Kawasaki Voyager XII<\/strong> mit 71 kW (97 PS) im Test \u2013 Fahrbericht in Wort und Bild auf 3 Seiten<\/li>\n<li><strong>Kawasaki EL 250 Eliminator<\/strong> mit 26 kW (36 PS) Test &amp; Technik \u2013 Testbericht in Wort und Bild auf 3 Seiten<\/li>\n<li><strong>Yamaha XV 535 Virago<\/strong> mit 20 kW (27 PS) Test &amp; Technik \u2013 Testbericht in Wort und Bild auf 3 Seiten<\/li>\n<li><strong>Honda GL 1500 Gold Wing<\/strong> mit 74 kW (100 PS) als Neuheit \u2013 Vorstellung in Wort und Bild auf 2 Seiten<\/li>\n<\/ul>\n<h2>\ud83c\udf0d Zustand der Zeitschrift<\/h2>\n<ul>\n<li><strong>Gebraucht, weil gelesen, durchgebl\u00e4ttert oder gestapelt \ud83d\ude09<\/strong>\u00a0dem Alter angemessen gut bis sehr gut erhalten.<\/li>\n<li>Alles original, Klebespuren von abgel\u00f6sten Abo-Versandaufklebern k\u00f6nnen vorhanden sein.<\/li>\n<\/ul>\n<h2>\ud83d\udce6 Versand &amp; Service<\/h2>\n<ul>\n<li>Kostenloser Versand innerhalb Deutschlands<\/li>\n<li>Versand auch ins Ausland m\u00f6glich<\/li>\n<li>Sicher verpackt \u2013 wir wissen, wie wertvoll diese Sch\u00e4tze sind!<\/li>\n<\/ul>\n","protected":false},"excerpt":{"rendered":"<p>Originalausgabe, wie es sie damals im Zeitschriftenkiosk zu kaufen gab \u2013 f\u00fcrs Wiederfinden der eigenen Motorrad\u2011Erinnerungen beim Bl\u00e4ttern.<\/p>\n","protected":false},"featured_media":1472,"template":"","meta":{"iawp_total_views":2},"product_brand":[],"product_cat":[23],"product_tag":[1477,1617,1618,1619,1620,1641,14330],"class_list":{"0":"post-1473","1":"product","2":"type-product","3":"status-publish","4":"has-post-thumbnail","6":"product_cat-motorrad","7":"product_tag-kawasaki-voyager-xii","8":"product_tag-suzuki-dr-big-750-s","9":"product_tag-kawasaki-el-250-eliminator","10":"product_tag-yamaha-xv-535-virago","11":"product_tag-honda-gl-1500-gold-wing","12":"product_tag-yamaha-xt-600-z-tenere","13":"product_tag-suzuki-dr-big","15":"first","16":"instock","17":"shipping-taxable","18":"purchasable","19":"product-type-simple"},"_links":{"self":[{"href":"https:\/\/motorrad-erinnerungen.de\/shop\/wp-json\/wp\/v2\/product\/1473","targetHints":{"allow":["GET"]}}],"collection":[{"href":"https:\/\/motorrad-erinnerungen.de\/shop\/wp-json\/wp\/v2\/product"}],"about":[{"href":"https:\/\/motorrad-erinnerungen.de\/shop\/wp-json\/wp\/v2\/types\/product"}],"wp:featuredmedia":[{"embeddable":true,"href":"https:\/\/motorrad-erinnerungen.de\/shop\/wp-json\/wp\/v2\/media\/1472"}],"wp:attachment":[{"href":"https:\/\/motorrad-erinnerungen.de\/shop\/wp-json\/wp\/v2\/media?parent=1473"}],"wp:term":[{"taxonomy":"product_brand","embeddable":true,"href":"https:\/\/motorrad-erinnerungen.de\/shop\/wp-json\/wp\/v2\/product_brand?post=1473"},{"taxonomy":"product_cat","embeddable":true,"href":"https:\/\/motorrad-erinnerungen.de\/shop\/wp-json\/wp\/v2\/product_cat?post=1473"},{"taxonomy":"product_tag","embeddable":true,"href":"https:\/\/motorrad-erinnerungen.de\/shop\/wp-json\/wp\/v2\/product_tag?post=1473"}],"curies":[{"name":"wp","href":"https:\/\/api.w.org\/{rel}","templated":true}]}}