{"id":14850,"date":"2026-03-12T22:01:52","date_gmt":"2026-03-12T21:01:52","guid":{"rendered":"https:\/\/motorrad-erinnerungen.de\/shop\/?post_type=product&#038;p=14850"},"modified":"2026-03-12T22:31:34","modified_gmt":"2026-03-12T21:31:34","slug":"mo-klassik-motorrad-1996","status":"publish","type":"product","link":"https:\/\/motorrad-erinnerungen.de\/shop\/produkt\/mo-klassik-motorrad-1996\/","title":{"rendered":"MO Klassik Motorrad 1996 \u2013 Morini V 3 1\/2, CZ Sport 250, Caproni-Max"},"content":{"rendered":"<p>Zum Kauf angeboten wird ein Sonderheft des Motorrad-Magazins MO <strong>\u201eKlassik Motorrad\u201c\u00a0<\/strong><\/p>\n<h2>\ud83d\udccc Titelthemen u. a.<\/h2>\n<ul>\n<li><strong>Morini 3 1\/2, CZ Typ 471, Caproni-NSU Max<\/strong><br \/>\ndrei Klassiker im Test,\u00a0 Ernst (Klacks) Leverkus berichtet<\/li>\n<li><b>Kawasaki Z1 900 (1973) \u2013 <\/b>Klacks Testassistent FJS d\u00fcst durch die gr\u00fcne H\u00f6lle<\/li>\n<li><b>Gottlieb Daimlers Reitrad \u2013 <\/b>ein Versuchstr\u00e4ger mit Holzfahrwerk<\/li>\n<li><b>Yamaha R 5 F \u2013 <\/b>die Wiedererweckung einer Sound-Maschine<\/li>\n<li><b>Daytona Vincent \u2013 <\/b>die Geschichte des Paradepferds<\/li>\n<li><b>Klassik Motorrad Katalog 1996 <\/b>\u2013 Oldtimerkatalog mit Daten und Preisen<\/li>\n<\/ul>\n<h2>\ud83d\udca1 Tipp<\/h2>\n<ul>\n<li>Eine Motorrad-Zeitschrift kann auch eine willkommene \u00dcberraschung f\u00fcr Motorrad-\/Rollerfans sein<br \/>\n\u2026\u00a0<strong>zum Verschen<\/strong><strong>ken von Erinnerungen \u2026 Tr\u00e4umen \u2026<\/strong><\/li>\n<\/ul>\n<h2>\ud83d\udce6 Versand &amp; Service<\/h2>\n<ul>\n<li>\u2713 Kostenloser Versand in Deutschland, Auslandsversand f\u00fcr eine geringe Pauschale<\/li>\n<li>\u2713 Erfahrung aus \u00fcber 30.000 erfolgreichen Sendungen<\/li>\n<li>\u2713 Ihre Zeitschrift wird sicher und liebevoll verpackt<\/li>\n<\/ul>\n<h2>\ud83c\udf0d Zustand der Zeitschrift<\/h2>\n<ul>\n<li>Gebraucht, weil gelesen, durchgebl\u00e4ttert, gestapelt, alles original \ud83d\ude09<\/li>\n<\/ul>\n","protected":false},"excerpt":{"rendered":"<p>Diese Sonderausgabe des Motorrad Magazins MO enth\u00e4lt Modell- und Markengeschichten \u00fcber Motorrad-Legenden und Youngtimer mit vielen Erinnerungen an Menschen, Strecken und Maschinen.<\/p>\n","protected":false},"featured_media":14851,"template":"","meta":{"iawp_total_views":3},"product_brand":[],"product_cat":[21],"product_tag":[533,14295,14296,14297,14298,14299,14300,14301,14302],"class_list":{"0":"post-14850","1":"product","2":"type-product","3":"status-publish","4":"has-post-thumbnail","6":"product_cat-mo-klassik-motorrad","7":"product_tag-morini-3-1-2","8":"product_tag-cz-typ-471","9":"product_tag-caproni-nsu-max","10":"product_tag-kawasaki-z1-900-1973","11":"product_tag-gottlieb-daimlers-reitrad","12":"product_tag-yamaha-r-5-f","13":"product_tag-cz-sport-250","14":"product_tag-daytona-vincent","15":"product_tag-klassik-motorrad-katalog-1996","17":"first","18":"instock","19":"shipping-taxable","20":"product-type-simple"},"_links":{"self":[{"href":"https:\/\/motorrad-erinnerungen.de\/shop\/wp-json\/wp\/v2\/product\/14850","targetHints":{"allow":["GET"]}}],"collection":[{"href":"https:\/\/motorrad-erinnerungen.de\/shop\/wp-json\/wp\/v2\/product"}],"about":[{"href":"https:\/\/motorrad-erinnerungen.de\/shop\/wp-json\/wp\/v2\/types\/product"}],"wp:featuredmedia":[{"embeddable":true,"href":"https:\/\/motorrad-erinnerungen.de\/shop\/wp-json\/wp\/v2\/media\/14851"}],"wp:attachment":[{"href":"https:\/\/motorrad-erinnerungen.de\/shop\/wp-json\/wp\/v2\/media?parent=14850"}],"wp:term":[{"taxonomy":"product_brand","embeddable":true,"href":"https:\/\/motorrad-erinnerungen.de\/shop\/wp-json\/wp\/v2\/product_brand?post=14850"},{"taxonomy":"product_cat","embeddable":true,"href":"https:\/\/motorrad-erinnerungen.de\/shop\/wp-json\/wp\/v2\/product_cat?post=14850"},{"taxonomy":"product_tag","embeddable":true,"href":"https:\/\/motorrad-erinnerungen.de\/shop\/wp-json\/wp\/v2\/product_tag?post=14850"}],"curies":[{"name":"wp","href":"https:\/\/api.w.org\/{rel}","templated":true}]}}