{"id":1529,"date":"2025-09-05T10:54:58","date_gmt":"2025-09-05T08:54:58","guid":{"rendered":"https:\/\/motorrad-erinnerungen.de\/2026\/produkt\/motorrad-1-1989-test-suzuki-gsx-r-1100-test-suzuki-gsx-750-f-test-yamaha-xt-600-z-tenere-test-honda-vt-600-c-shadow\/"},"modified":"2025-12-19T12:18:28","modified_gmt":"2025-12-19T11:18:28","slug":"motorrad-1-1989-test-suzuki-gsx-r-1100-test-suzuki-gsx-750-f-test-yamaha-xt-600-z-tenere-test-honda-vt-600-c-shadow","status":"publish","type":"product","link":"https:\/\/motorrad-erinnerungen.de\/shop\/produkt\/motorrad-1-1989-test-suzuki-gsx-r-1100-test-suzuki-gsx-750-f-test-yamaha-xt-600-z-tenere-test-honda-vt-600-c-shadow\/","title":{"rendered":"MOTORRAD 1\/1989 \u2013 Test Suzuki GSX-R 1100; Suzuki GSX 750 F; Yamaha XT 600 Z T\u00e9n\u00e9r\u00e9"},"content":{"rendered":"<p>Hier k\u00f6nnen Sie die <strong>Motorrad\u2011Zeitschrift &#8222;MOTORRAD 1\/1989&#8220;<\/strong> erwerben:<\/p>\n<h2>\ud83d\udcccInhalt dieser Ausgabe (u.a.):<\/h2>\n<ul>\n<li><strong>Suzuki GSX-R 1100<\/strong> mit 74 kW (100 PS) im Test \u2013 im Blickpunkt hier: Suzuki GSX-R 1100 und GSX 750 F, Fahrberichte in Wort und Bild auf 5 Seiten<\/li>\n<li><strong>Suzuki GSX 750 F<\/strong> mit 74 kW (100 PS) im Test \u2013 im Blickpunkt hier: Suzuki GSX-R 1100 und GSX 750 F, Fahrberichte in Wort und Bild auf 5 Seiten<\/li>\n<li><strong>Yamaha XT 600 Z T\u00e9n\u00e9r\u00e9<\/strong> mit 34 kW (46 PS) nach dem Langstrecken-Test \u2013 Abschluss-Bilanz nach 40000 Test-km in Wort und Bild auf 7 Seiten<\/li>\n<li><strong>Honda VT 600 C Shadow<\/strong> mit 20 kW (27 PS) Test &amp; Technik \u2013 Testbericht in Wort und Bild auf 4 Seiten<\/li>\n<\/ul>\n<h2>\ud83c\udf0d Zustand der Zeitschrift<\/h2>\n<p><strong>Gebraucht, weil gelesen, durchgebl\u00e4ttert oder gestapelt \ud83d\ude09<\/strong> dem Alter angemessen gut bis sehr gut erhalten. Alles original, Klebespuren von abgel\u00f6sten Abo-Versandaufklebern k\u00f6nnen vorhanden sein.<\/p>\n<h2>\ud83d\udce6 Versand &amp; Service<\/h2>\n<ul>\n<li>\u2713 Kostenloser Versand innerhalb Deutschlands<\/li>\n<li>\u2713 Versand auch ins Ausland m\u00f6glich<\/li>\n<li>\u2713 Sicher verpackt \u2013 wir wissen, wie wertvoll diese Sch\u00e4tze sind!<\/li>\n<\/ul>\n","protected":false},"excerpt":{"rendered":"<p>Originalausgabe, wie es sie damals im Zeitschriftenkiosk zu kaufen gab \u2013 f\u00fcrs Wiederfinden der eigenen Motorrad\u2011Erinnerungen beim Bl\u00e4ttern.<\/p>\n","protected":false},"featured_media":1528,"template":"","meta":{"iawp_total_views":1},"product_brand":[],"product_cat":[23],"product_tag":[1445,1634,1641,1676],"class_list":{"0":"post-1529","1":"product","2":"type-product","3":"status-publish","4":"has-post-thumbnail","6":"product_cat-motorrad","7":"product_tag-suzuki-gsx-r-1100","8":"product_tag-honda-vt-600-c-shadow","9":"product_tag-yamaha-xt-600-z-tenere","10":"product_tag-suzuki-gsx-750-f","12":"first","13":"instock","14":"shipping-taxable","15":"purchasable","16":"product-type-simple"},"_links":{"self":[{"href":"https:\/\/motorrad-erinnerungen.de\/shop\/wp-json\/wp\/v2\/product\/1529","targetHints":{"allow":["GET"]}}],"collection":[{"href":"https:\/\/motorrad-erinnerungen.de\/shop\/wp-json\/wp\/v2\/product"}],"about":[{"href":"https:\/\/motorrad-erinnerungen.de\/shop\/wp-json\/wp\/v2\/types\/product"}],"wp:featuredmedia":[{"embeddable":true,"href":"https:\/\/motorrad-erinnerungen.de\/shop\/wp-json\/wp\/v2\/media\/1528"}],"wp:attachment":[{"href":"https:\/\/motorrad-erinnerungen.de\/shop\/wp-json\/wp\/v2\/media?parent=1529"}],"wp:term":[{"taxonomy":"product_brand","embeddable":true,"href":"https:\/\/motorrad-erinnerungen.de\/shop\/wp-json\/wp\/v2\/product_brand?post=1529"},{"taxonomy":"product_cat","embeddable":true,"href":"https:\/\/motorrad-erinnerungen.de\/shop\/wp-json\/wp\/v2\/product_cat?post=1529"},{"taxonomy":"product_tag","embeddable":true,"href":"https:\/\/motorrad-erinnerungen.de\/shop\/wp-json\/wp\/v2\/product_tag?post=1529"}],"curies":[{"name":"wp","href":"https:\/\/api.w.org\/{rel}","templated":true}]}}