{"id":1902,"date":"2025-09-05T22:33:28","date_gmt":"2025-09-05T20:33:28","guid":{"rendered":"https:\/\/motorrad-erinnerungen.de\/2026\/produkt\/motorrad-3-1996-test-triumph-trophy-1200-kawasaki-klr-650-suzuki-dr-650-se-yamaha-xt-600-e\/"},"modified":"2025-12-19T16:42:45","modified_gmt":"2025-12-19T15:42:45","slug":"motorrad-3-1996-test-triumph-trophy-1200-kawasaki-klr-650-suzuki-dr-650-se-yamaha-xt-600-e","status":"publish","type":"product","link":"https:\/\/motorrad-erinnerungen.de\/shop\/produkt\/motorrad-3-1996-test-triumph-trophy-1200-kawasaki-klr-650-suzuki-dr-650-se-yamaha-xt-600-e\/","title":{"rendered":"MOTORRAD 3\/1996 \u2013 Test Triumph Trophy 1200; Test Laverda 668"},"content":{"rendered":"<p>Hier k\u00f6nnen Sie die <strong>Motorrad\u2011Zeitschrift &#8222;MOTORRAD 3\/1996&#8220;<\/strong> erwerben:<\/p>\n<h2>\ud83d\udcccInhalt dieser Ausgabe (u.a.):<\/h2>\n<ul>\n<li><strong>Triumph Trophy 1200<\/strong> mit 72 kW (98 PS) Test &amp; Technik \u2013 Testbericht auf 5 Seiten<\/li>\n<li><strong>Kawasaki KLR 650 vs. Suzuki DR 650 SE vs. Yamaha XT 600 E <\/strong>\u2013 Enduro-Vergleich, Testbericht auf 8 Seiten<\/li>\n<li><strong>HONDA CBR 900 RR Fireblade<\/strong> mit 94 kW (128 PS) Test &amp; Technik \u2013 Testbericht auf 5 Seiten<\/li>\n<li><strong>Suzuki GSF 1200 Bandit<\/strong> mit 72 kW (98 PS) Test &amp; Technik \u2013 Testbericht auf 3 Seiten<\/li>\n<li><strong>Laverda 668<\/strong> mit 52 kW (70 PS) Test &amp; Technik \u2013 Testbericht auf 5 Seiten<\/li>\n<li><strong>Yamaha TDM 850, ab Modell 1991, gebraucht kaufen<\/strong> \u2013 Gebrauchtkauf-Tipps auf 7 Seiten<\/li>\n<\/ul>\n<h2>\ud83c\udf0d Zustand der Zeitschrift<\/h2>\n<p><strong>Gebraucht, weil gelesen, durchgebl\u00e4ttert oder gestapelt \ud83d\ude09<\/strong> dem Alter angemessen gut bis sehr gut erhalten.<br \/>\nAlles original, Klebespuren von abgel\u00f6sten Abo-Versandaufklebern k\u00f6nnen vorhanden sein.<\/p>\n<h2>\ud83d\udce6 Versand &amp; Service<\/h2>\n<ul>\n<li>\u2713 Kostenloser Versand innerhalb Deutschlands<\/li>\n<li>\u2713 Versand auch ins Ausland m\u00f6glich<\/li>\n<li>\u2713 Sicher verpackt \u2013 wir wissen, wie wertvoll diese Sch\u00e4tze sind!<\/li>\n<\/ul>\n","protected":false},"excerpt":{"rendered":"<p>Eine Motorrad\u2011Zeitschrift, in der sich die Erinnerungen an fr\u00fchere Tr\u00e4ume, Lieblingsmaschinen und legend\u00e4re Strecken wiederfinden.<\/p>\n","protected":false},"featured_media":1901,"template":"","meta":{"iawp_total_views":0},"product_brand":[],"product_cat":[23],"product_tag":[2047,2054,1515,1764,1787,1796,1825,2027],"class_list":{"0":"post-1902","1":"product","2":"type-product","3":"status-publish","4":"has-post-thumbnail","6":"product_cat-motorrad","7":"product_tag-suzuki-dr-650-se","8":"product_tag-laverda-668","9":"product_tag-kawasaki-klr-650","10":"product_tag-yamaha-xt-600-e","11":"product_tag-yamaha-tdm-850","12":"product_tag-triumph-trophy-1200","13":"product_tag-honda-cbr-900-rr-fireblade","14":"product_tag-suzuki-gsf-1200-bandit","16":"first","17":"instock","18":"shipping-taxable","19":"purchasable","20":"product-type-simple"},"_links":{"self":[{"href":"https:\/\/motorrad-erinnerungen.de\/shop\/wp-json\/wp\/v2\/product\/1902","targetHints":{"allow":["GET"]}}],"collection":[{"href":"https:\/\/motorrad-erinnerungen.de\/shop\/wp-json\/wp\/v2\/product"}],"about":[{"href":"https:\/\/motorrad-erinnerungen.de\/shop\/wp-json\/wp\/v2\/types\/product"}],"wp:featuredmedia":[{"embeddable":true,"href":"https:\/\/motorrad-erinnerungen.de\/shop\/wp-json\/wp\/v2\/media\/1901"}],"wp:attachment":[{"href":"https:\/\/motorrad-erinnerungen.de\/shop\/wp-json\/wp\/v2\/media?parent=1902"}],"wp:term":[{"taxonomy":"product_brand","embeddable":true,"href":"https:\/\/motorrad-erinnerungen.de\/shop\/wp-json\/wp\/v2\/product_brand?post=1902"},{"taxonomy":"product_cat","embeddable":true,"href":"https:\/\/motorrad-erinnerungen.de\/shop\/wp-json\/wp\/v2\/product_cat?post=1902"},{"taxonomy":"product_tag","embeddable":true,"href":"https:\/\/motorrad-erinnerungen.de\/shop\/wp-json\/wp\/v2\/product_tag?post=1902"}],"curies":[{"name":"wp","href":"https:\/\/api.w.org\/{rel}","templated":true}]}}