{"id":1938,"date":"2025-09-05T22:33:38","date_gmt":"2025-09-05T20:33:38","guid":{"rendered":"https:\/\/motorrad-erinnerungen.de\/2026\/produkt\/motorrad-21-1996-suzuki-tl-1000-s-test-kawasaki-er-5-vorstellung-triumph-daytona-t-595-vorstellung-triumph-speed-triple-t-509\/"},"modified":"2025-12-19T16:52:49","modified_gmt":"2025-12-19T15:52:49","slug":"motorrad-21-1996-suzuki-tl-1000-s-test-kawasaki-er-5-vorstellung-triumph-daytona-t-595-vorstellung-triumph-speed-triple-t-509","status":"publish","type":"product","link":"https:\/\/motorrad-erinnerungen.de\/shop\/produkt\/motorrad-21-1996-suzuki-tl-1000-s-test-kawasaki-er-5-vorstellung-triumph-daytona-t-595-vorstellung-triumph-speed-triple-t-509\/","title":{"rendered":"MOTORRAD 21\/1996 \u2013 Vorstellung Suzuki TL 1000 S; Triumph Daytona T 595"},"content":{"rendered":"<p>Hier k\u00f6nnen Sie die <strong>Motorrad\u2011Zeitschrift &#8222;MOTORRAD 21\/1996&#8220;<\/strong> erwerben:<\/p>\n<h2>\ud83d\udcccInhalt dieser Ausgabe (u.a.):<\/h2>\n<ul>\n<li><strong>Suzuki TL 1000 S<\/strong> mit 91 kW (125 PS) als Neuheit f\u00fcr 1997 \u2013 Vorstellung in Wort und Bild auf 3 Seiten<\/li>\n<li><strong>Kawasaki ER-5<\/strong> mit 37 kW (50 PS) Test &amp; Technik \u2013 Testbericht in Wort und Bild auf 6 Seiten<\/li>\n<li><strong>Triumph Daytona T 595<\/strong> mit 96 kW (130 PS) Vorstellung \u2013 Doppel-Fahrbericht Triumph Daytona + Speed Triple in Wort und Bild auf 6 Seiten<\/li>\n<li><strong>Triumph Speed Triple T 509<\/strong> mit 79,5 kW (108 PS) Vorstellung \u2013 Doppel-Fahrbericht Triumph Daytona + Speed Triple in Wort und Bild auf 6 Seiten<\/li>\n<li><strong>Titan Gecko<\/strong> mit 79,4 kW (108 PS) Test &amp; Technik \u2013 Fahrbericht in Wort und Bild auf 2 Seiten<\/li>\n<li><strong>Simson Star 50<\/strong> mit 2,8 kW ( 3,8 PS) Testt &amp; Technik \u2013 Fahrbericht in Wort und Bild auf 1 Seite<\/li>\n<li><strong>Honda SLR 650<\/strong> mit 29 kW (39 PS) Test &amp; Technik \u2013 Fahrbericht in Wort und Bild auf 4 Seiten<\/li>\n<li><strong>MV Agusta 500 GP-Rennmaschine<\/strong> auf der N\u00fcrburgring-Nordschleife \u2013 Fahrbericht in Wort und Bild auf 5 Seiten<\/li>\n<li><strong>Kawasaki ZRX 1100<\/strong> mit 72 kW (98 PS) als Neuheit f\u00fcr 1997 \u2013 Vorstellung in Wort und Bild auf 2 Seiten<\/li>\n<li><strong>Laverda 650 Ghost<\/strong> mit 47 kW (64 PS) Test &amp; Technik \u2013 Testbericht in Wort und Bild auf 5 Seiten<\/li>\n<li><strong>BMW R 80, ab Modell 1984, gebraucht kaufen<\/strong> \u2013 Gebrauchtkauf-Beratung in Wort und Bild auf 7 Seiten<\/li>\n<\/ul>\n<h2>\ud83c\udf0d Zustand der Zeitschrift<\/h2>\n<p><strong>Gebraucht, weil gelesen, durchgebl\u00e4ttert oder gestapelt \ud83d\ude09<\/strong> dem Alter angemessen gut bis sehr gut erhalten.<br \/>\nAlles original, Klebespuren von abgel\u00f6sten Abo-Versandaufklebern k\u00f6nnen vorhanden sein.<\/p>\n<h2>\ud83d\udce6 Versand &amp; Service<\/h2>\n<ul>\n<li>\u2713 Kostenloser Versand innerhalb Deutschlands<\/li>\n<li>\u2713 Versand auch ins Ausland m\u00f6glich<\/li>\n<li>\u2713 Sicher verpackt \u2013 wir wissen, wie wertvoll diese Sch\u00e4tze sind!<\/li>\n<\/ul>\n","protected":false},"excerpt":{"rendered":"<p>Eine Motorrad\u2011Zeitschrift, in der sich die Erinnerungen an fr\u00fchere Tr\u00e4ume, Lieblingsmaschinen und legend\u00e4re Strecken wiederfinden.<\/p>\n","protected":false},"featured_media":1937,"template":"","meta":{"iawp_total_views":0},"product_brand":[],"product_cat":[23],"product_tag":[2122,2123,2135,907,2136,2113,2115,2116,2117,2118,2119,2121],"class_list":{"0":"post-1938","1":"product","2":"type-product","3":"status-publish","4":"has-post-thumbnail","6":"product_cat-motorrad","7":"product_tag-laverda-650-ghost","8":"product_tag-triumph-daytona","9":"product_tag-titan-gecko","10":"product_tag-bmw-r-80","11":"product_tag-mv-agusta-500-gp-rennmaschine","12":"product_tag-kawasaki-er-5","13":"product_tag-suzuki-tl-1000-s","14":"product_tag-triumph-daytona-t-595","15":"product_tag-triumph-speed-triple-t-509","16":"product_tag-simson-star-50","17":"product_tag-honda-slr-650","18":"product_tag-kawasaki-zrx-1100","20":"first","21":"instock","22":"shipping-taxable","23":"purchasable","24":"product-type-simple"},"_links":{"self":[{"href":"https:\/\/motorrad-erinnerungen.de\/shop\/wp-json\/wp\/v2\/product\/1938","targetHints":{"allow":["GET"]}}],"collection":[{"href":"https:\/\/motorrad-erinnerungen.de\/shop\/wp-json\/wp\/v2\/product"}],"about":[{"href":"https:\/\/motorrad-erinnerungen.de\/shop\/wp-json\/wp\/v2\/types\/product"}],"wp:featuredmedia":[{"embeddable":true,"href":"https:\/\/motorrad-erinnerungen.de\/shop\/wp-json\/wp\/v2\/media\/1937"}],"wp:attachment":[{"href":"https:\/\/motorrad-erinnerungen.de\/shop\/wp-json\/wp\/v2\/media?parent=1938"}],"wp:term":[{"taxonomy":"product_brand","embeddable":true,"href":"https:\/\/motorrad-erinnerungen.de\/shop\/wp-json\/wp\/v2\/product_brand?post=1938"},{"taxonomy":"product_cat","embeddable":true,"href":"https:\/\/motorrad-erinnerungen.de\/shop\/wp-json\/wp\/v2\/product_cat?post=1938"},{"taxonomy":"product_tag","embeddable":true,"href":"https:\/\/motorrad-erinnerungen.de\/shop\/wp-json\/wp\/v2\/product_tag?post=1938"}],"curies":[{"name":"wp","href":"https:\/\/api.w.org\/{rel}","templated":true}]}}