{"id":1957,"date":"2025-09-05T23:03:08","date_gmt":"2025-09-05T21:03:08","guid":{"rendered":"https:\/\/motorrad-erinnerungen.de\/2026\/produkt\/motorrad-4-1997-test-triumph-daytona-t-595-test-suzuki-xf-650-freewind-test-ducati-monster-900-test-ktm-lc4-620-lse\/"},"modified":"2025-12-19T19:40:27","modified_gmt":"2025-12-19T18:40:27","slug":"motorrad-4-1997-test-triumph-daytona-t-595-test-suzuki-xf-650-freewind-test-ducati-monster-900-test-ktm-lc4-620-lse","status":"publish","type":"product","link":"https:\/\/motorrad-erinnerungen.de\/shop\/produkt\/motorrad-4-1997-test-triumph-daytona-t-595-test-suzuki-xf-650-freewind-test-ducati-monster-900-test-ktm-lc4-620-lse\/","title":{"rendered":"MOTORRAD 4\/1997 \u2013 Test Triumph Daytona T 595; Dauertest Suzuki GSF 600 Bandit"},"content":{"rendered":"<p>Hier k\u00f6nnen Sie die <strong>Motorrad\u2011Zeitschrift &#8222;MOTORRAD 4\/1997&#8220;<\/strong> erwerben:<\/p>\n<h2>\ud83d\udcccInhalt dieser Ausgabe (u.a.):<\/h2>\n<ul>\n<li><strong>Triumph Daytona T 595<\/strong> mit 96 kW (130 PS) Test &amp; Technik \u2013 Testbericht in Wort und Bild auf insgesamt 7 Seiten<\/li>\n<li><strong>Suzuki XF 650 Freewind<\/strong> mit 35 kW (48 PS) Test &amp; Technik \u2013 Fahrbericht in Wort und Bild auf insgesamt 4 Seiten<\/li>\n<li><strong>Ducati Monster 900<\/strong> mit 49 kW (67 PS) Test &amp; Technik \u2013 Testbericht in Wort und Bild auf insgesamt 2 Seiten<\/li>\n<li><strong>KTM LC4 620 LSE<\/strong> mit 37 kW (50 PS) Test &amp; Technik \u2013 Testbericht in Wort und Bild auf insgesamt 4 Seiten<\/li>\n<li><strong>Yamaha XV 125 Virago<\/strong> mit 7,6 kW (10,3 PS) Test &amp; Technik \u2013 Testbericht in Wort und Bild auf insgesamt 2 Seiten<\/li>\n<li><strong>Suzuki GSF 600 Bandit<\/strong> mit 57 kW (78 PS) nach dem Langstrecken-Test \u2013 50.000 Test-km, Abschluss-Bilanz in Wort und Bild auf insgesamt 9 Seiten<\/li>\n<li><strong>Kawasaki EN 500, ab Modell 1990, gebraucht kaufen<\/strong> \u2013 Gebrauchtkauf-Tipps in Wort und Bild auf insgesamt 6 Seiten<\/li>\n<\/ul>\n<h2>\ud83c\udf0d Zustand der Zeitschrift<\/h2>\n<p><strong>Gebraucht, weil gelesen, durchgebl\u00e4ttert oder gestapelt \ud83d\ude09<\/strong> dem Alter angemessen gut bis sehr gut erhalten.<br \/>\nAlles original, Klebespuren von abgel\u00f6sten Abo-Versandaufklebern k\u00f6nnen vorhanden sein.<\/p>\n<h2>\ud83d\udce6 Versand &amp; Service<\/h2>\n<ul>\n<li>\u2713 Kostenloser Versand innerhalb Deutschlands<\/li>\n<li>\u2713 Versand auch ins Ausland m\u00f6glich<\/li>\n<li>\u2713 Sicher verpackt \u2013 wir wissen, wie wertvoll diese Sch\u00e4tze sind!<\/li>\n<\/ul>\n","protected":false},"excerpt":{"rendered":"<p>Eine Motorrad\u2011Zeitschrift, in der sich die Erinnerungen an fr\u00fchere Tr\u00e4ume, Lieblingsmaschinen und legend\u00e4re Strecken wiederfinden.<\/p>\n","protected":false},"featured_media":1956,"template":"","meta":{"iawp_total_views":0},"product_brand":[],"product_cat":[23],"product_tag":[2116,2153,2154,2155,1763,1899,2009],"class_list":{"0":"post-1957","1":"product","2":"type-product","3":"status-publish","4":"has-post-thumbnail","6":"product_cat-motorrad","7":"product_tag-triumph-daytona-t-595","8":"product_tag-suzuki-xf-650-freewind","9":"product_tag-ktm-lc4-620-lse","10":"product_tag-yamaha-xv-125-virago","11":"product_tag-kawasaki-en-500","12":"product_tag-ducati-monster-900","13":"product_tag-suzuki-gsf-600-bandit","15":"first","16":"instock","17":"shipping-taxable","18":"purchasable","19":"product-type-simple"},"_links":{"self":[{"href":"https:\/\/motorrad-erinnerungen.de\/shop\/wp-json\/wp\/v2\/product\/1957","targetHints":{"allow":["GET"]}}],"collection":[{"href":"https:\/\/motorrad-erinnerungen.de\/shop\/wp-json\/wp\/v2\/product"}],"about":[{"href":"https:\/\/motorrad-erinnerungen.de\/shop\/wp-json\/wp\/v2\/types\/product"}],"wp:featuredmedia":[{"embeddable":true,"href":"https:\/\/motorrad-erinnerungen.de\/shop\/wp-json\/wp\/v2\/media\/1956"}],"wp:attachment":[{"href":"https:\/\/motorrad-erinnerungen.de\/shop\/wp-json\/wp\/v2\/media?parent=1957"}],"wp:term":[{"taxonomy":"product_brand","embeddable":true,"href":"https:\/\/motorrad-erinnerungen.de\/shop\/wp-json\/wp\/v2\/product_brand?post=1957"},{"taxonomy":"product_cat","embeddable":true,"href":"https:\/\/motorrad-erinnerungen.de\/shop\/wp-json\/wp\/v2\/product_cat?post=1957"},{"taxonomy":"product_tag","embeddable":true,"href":"https:\/\/motorrad-erinnerungen.de\/shop\/wp-json\/wp\/v2\/product_tag?post=1957"}],"curies":[{"name":"wp","href":"https:\/\/api.w.org\/{rel}","templated":true}]}}