{"id":1967,"date":"2025-09-05T23:03:09","date_gmt":"2025-09-05T21:03:09","guid":{"rendered":"https:\/\/motorrad-erinnerungen.de\/2026\/produkt\/motorrad-9-1997-bmw-k-1200-rs-honda-cbr-1100-xx-test-ducati-st2-husaberg-fe-600\/"},"modified":"2025-12-19T19:48:52","modified_gmt":"2025-12-19T18:48:52","slug":"motorrad-9-1997-bmw-k-1200-rs-honda-cbr-1100-xx-test-ducati-st2-husaberg-fe-600","status":"publish","type":"product","link":"https:\/\/motorrad-erinnerungen.de\/shop\/produkt\/motorrad-9-1997-bmw-k-1200-rs-honda-cbr-1100-xx-test-ducati-st2-husaberg-fe-600\/","title":{"rendered":"MOTORRAD 9\/1997 \u2013 Vergleich BMW K 1200 RS vs. Honda CBR 1100 XX"},"content":{"rendered":"<p>Hier k\u00f6nnen Sie die <strong>Motorrad\u2011Zeitschrift &#8222;MOTORRAD 9\/1997&#8220;<\/strong> erwerben:<\/p>\n<h2>\ud83d\udcccInhalt dieser Ausgabe (u.a.):<\/h2>\n<ul>\n<li><strong>BMW K 1200 RS vs. HONDA CBR 1100 XX <\/strong>\u2013 Reise-Boliden im Vergleich, Testbericht in Wort und Bild auf insgesamt 8 Seiten<\/li>\n<li><strong>Ducati ST2<\/strong> mit 61 kW (83 PS) Test &amp; Technik \u2013 Fahrbericht in Wort und Bild auf insgesamt 4 Seiten<\/li>\n<li><strong>Husaberg FE 600 vs. Husqvarna TE 610 vs. KTM LC4 620 SXC <\/strong>\u2013 600er Sport-Enduros im Vergleich, Testbericht in Wort und Bild auf insgesamt 12 Seiten<\/li>\n<li><strong>BMW R 1100 R vs. Moto Guzzi California 1100 i vs. Yamaha TDM 850 <\/strong>\u2013 Zweizylinder-Bikes im Tourer-Vergleich, Testbericht in Wort und Bild auf insgesamt 9 Seiten<\/li>\n<li><strong>Honda VT 750 C2 Shadow<\/strong> mit 33 kW (45 PS) Test &amp; Technik \u2013 Testbericht in Wort und Bild auf insgesamt 5 Seiten<\/li>\n<li><strong>Honda VT 600 C Shadow, ab Modell 1988, gebraucht kaufen<\/strong> \u2013 Gebrauchtkauf-Tipps in Wort und Bild auf insgesamt 7 Seiten<\/li>\n<\/ul>\n<h2>\ud83c\udf0d Zustand der Zeitschrift<\/h2>\n<p><strong>Gebraucht, weil gelesen, durchgebl\u00e4ttert oder gestapelt \ud83d\ude09<\/strong> dem Alter angemessen gut bis sehr gut erhalten.<br \/>\nAlles original, Klebespuren von abgel\u00f6sten Abo-Versandaufklebern k\u00f6nnen vorhanden sein.<\/p>\n<h2>\ud83d\udce6 Versand &amp; Service<\/h2>\n<ul>\n<li>\u2713 Kostenloser Versand innerhalb Deutschlands<\/li>\n<li>\u2713 Versand auch ins Ausland m\u00f6glich<\/li>\n<li>\u2713 Sicher verpackt \u2013 wir wissen, wie wertvoll diese Sch\u00e4tze sind!<\/li>\n<\/ul>\n","protected":false},"excerpt":{"rendered":"<p>Eine Motorrad\u2011Zeitschrift, in der sich die Erinnerungen an fr\u00fchere Tr\u00e4ume, Lieblingsmaschinen und legend\u00e4re Strecken wiederfinden.<\/p>\n","protected":false},"featured_media":1966,"template":"","meta":{"iawp_total_views":0},"product_brand":[],"product_cat":[23],"product_tag":[2176,2177,1634,2178,1787,2179,1905,1951,1993,2099,2124,2174,2175],"class_list":{"0":"post-1967","1":"product","2":"type-product","3":"status-publish","4":"has-post-thumbnail","6":"product_cat-motorrad","7":"product_tag-ktm-620-sxc","8":"product_tag-honda-vt-750-c2-shadow","9":"product_tag-honda-vt-600-c-shadow","10":"product_tag-bmw-k1200rs","11":"product_tag-yamaha-tdm-850","12":"product_tag-bmw-r1100r","13":"product_tag-husqvarna-te-610","14":"product_tag-moto-guzzi-california-1100-i","15":"product_tag-bmw-r-1100-r","16":"product_tag-honda-cbr-1100-xx","17":"product_tag-bmw-k-1200-rs","18":"product_tag-ducati-st2","19":"product_tag-husaberg-fe-600","21":"first","22":"instock","23":"shipping-taxable","24":"purchasable","25":"product-type-simple"},"_links":{"self":[{"href":"https:\/\/motorrad-erinnerungen.de\/shop\/wp-json\/wp\/v2\/product\/1967","targetHints":{"allow":["GET"]}}],"collection":[{"href":"https:\/\/motorrad-erinnerungen.de\/shop\/wp-json\/wp\/v2\/product"}],"about":[{"href":"https:\/\/motorrad-erinnerungen.de\/shop\/wp-json\/wp\/v2\/types\/product"}],"wp:featuredmedia":[{"embeddable":true,"href":"https:\/\/motorrad-erinnerungen.de\/shop\/wp-json\/wp\/v2\/media\/1966"}],"wp:attachment":[{"href":"https:\/\/motorrad-erinnerungen.de\/shop\/wp-json\/wp\/v2\/media?parent=1967"}],"wp:term":[{"taxonomy":"product_brand","embeddable":true,"href":"https:\/\/motorrad-erinnerungen.de\/shop\/wp-json\/wp\/v2\/product_brand?post=1967"},{"taxonomy":"product_cat","embeddable":true,"href":"https:\/\/motorrad-erinnerungen.de\/shop\/wp-json\/wp\/v2\/product_cat?post=1967"},{"taxonomy":"product_tag","embeddable":true,"href":"https:\/\/motorrad-erinnerungen.de\/shop\/wp-json\/wp\/v2\/product_tag?post=1967"}],"curies":[{"name":"wp","href":"https:\/\/api.w.org\/{rel}","templated":true}]}}