{"id":1987,"date":"2025-09-05T23:03:13","date_gmt":"2025-09-05T21:03:13","guid":{"rendered":"https:\/\/motorrad-erinnerungen.de\/2026\/produkt\/motorrad-19-1997-bmw-r-1100-rs-test-honda-ca-125-rebel-test-kawasaki-el-125-eliminator-test-husqvarna-te-610-e\/"},"modified":"2025-12-19T20:04:37","modified_gmt":"2025-12-19T19:04:37","slug":"motorrad-19-1997-bmw-r-1100-rs-test-honda-ca-125-rebel-test-kawasaki-el-125-eliminator-test-husqvarna-te-610-e","status":"publish","type":"product","link":"https:\/\/motorrad-erinnerungen.de\/shop\/produkt\/motorrad-19-1997-bmw-r-1100-rs-test-honda-ca-125-rebel-test-kawasaki-el-125-eliminator-test-husqvarna-te-610-e\/","title":{"rendered":"MOTORRAD 19\/1997 \u2013 Vergleich Honda CA 125 Rebel vs. Kawasaki EL 125 Eliminator"},"content":{"rendered":"<p>Hier k\u00f6nnen Sie die <strong>Motorrad\u2011Zeitschrift &#8222;MOTORRAD 19\/1997&#8220;<\/strong> erwerben:<\/p>\n<h2>\ud83d\udcccInhalt dieser Ausgabe (u.a.):<\/h2>\n<ul>\n<li><strong>BMW R 1100 RS<\/strong> mit 66 kW (90 PS) im Vergleichstest \u2013 Tuning vs. Serie, Bakker-Bomber vs. BMW R 1100 RS, Testbericht in Wort und Bild auf insgesamt 6 Seiten<\/li>\n<li><strong>Honda CA 125 Rebel + Kawasaki EL 125 Eliminator <\/strong>\u2013 125er Doppeltest, Testbericht in Wort und Bild auf insgesamt 3 Seiten<\/li>\n<li><strong>Husqvarna TE 610 E<\/strong> mit 37 kW (50 PS) Test &amp; Technik \u2013 Testbericht in Wort und Bild auf insgesamt 4 Seiten<\/li>\n<li><strong>Triumph Daytona T 595<\/strong> mit 96 kW (130 PS) Test &amp; Technik \u2013 Testbericht in Wort und Bild auf insgesamt 2 Seiten<\/li>\n<li><strong>Ural Voyager<\/strong> mit 30 kW (41 PS) Test &amp; Technik \u2013 Fahrbericht in Wort und Bild auf insgesamt 2 Seiten<\/li>\n<li><strong>Moto Guzzi Mille GT, ab Modell 1987, gebraucht kaufen<\/strong> \u2013 Gebrauchtkauf-Tipps in Wort und Bild auf insgesamt 6 Seiten<\/li>\n<\/ul>\n<h2>\ud83c\udf0d Zustand der Zeitschrift<\/h2>\n<p><strong>Gebraucht, weil gelesen, durchgebl\u00e4ttert oder gestapelt \ud83d\ude09<\/strong> dem Alter angemessen gut bis sehr gut erhalten.<br \/>\nAlles original, Klebespuren von abgel\u00f6sten Abo-Versandaufklebern k\u00f6nnen vorhanden sein.<\/p>\n<h2>\ud83d\udce6 Versand &amp; Service<\/h2>\n<ul>\n<li>\u2713 Kostenloser Versand innerhalb Deutschlands<\/li>\n<li>\u2713 Versand auch ins Ausland m\u00f6glich<\/li>\n<li>\u2713 Sicher verpackt \u2013 wir wissen, wie wertvoll diese Sch\u00e4tze sind!<\/li>\n<\/ul>\n","protected":false},"excerpt":{"rendered":"<p>Eine Motorrad\u2011Zeitschrift, in der sich die Erinnerungen an fr\u00fchere Tr\u00e4ume, Lieblingsmaschinen und legend\u00e4re Strecken wiederfinden.<\/p>\n","protected":false},"featured_media":1986,"template":"","meta":{"iawp_total_views":0},"product_brand":[],"product_cat":[23],"product_tag":[1887,2032,2116,2209,2210,2376,2377],"class_list":{"0":"post-1987","1":"product","2":"type-product","3":"status-publish","4":"has-post-thumbnail","6":"product_cat-motorrad","7":"product_tag-bmw-r-1100-rs","8":"product_tag-honda-ca-125-rebel","9":"product_tag-triumph-daytona-t-595","10":"product_tag-kawasaki-el-125-eliminator","11":"product_tag-husqvarna-te-610-e","12":"product_tag-ural-voyager","13":"product_tag-moto-guzzi-mille-gt","15":"first","16":"instock","17":"shipping-taxable","18":"purchasable","19":"product-type-simple"},"_links":{"self":[{"href":"https:\/\/motorrad-erinnerungen.de\/shop\/wp-json\/wp\/v2\/product\/1987","targetHints":{"allow":["GET"]}}],"collection":[{"href":"https:\/\/motorrad-erinnerungen.de\/shop\/wp-json\/wp\/v2\/product"}],"about":[{"href":"https:\/\/motorrad-erinnerungen.de\/shop\/wp-json\/wp\/v2\/types\/product"}],"wp:featuredmedia":[{"embeddable":true,"href":"https:\/\/motorrad-erinnerungen.de\/shop\/wp-json\/wp\/v2\/media\/1986"}],"wp:attachment":[{"href":"https:\/\/motorrad-erinnerungen.de\/shop\/wp-json\/wp\/v2\/media?parent=1987"}],"wp:term":[{"taxonomy":"product_brand","embeddable":true,"href":"https:\/\/motorrad-erinnerungen.de\/shop\/wp-json\/wp\/v2\/product_brand?post=1987"},{"taxonomy":"product_cat","embeddable":true,"href":"https:\/\/motorrad-erinnerungen.de\/shop\/wp-json\/wp\/v2\/product_cat?post=1987"},{"taxonomy":"product_tag","embeddable":true,"href":"https:\/\/motorrad-erinnerungen.de\/shop\/wp-json\/wp\/v2\/product_tag?post=1987"}],"curies":[{"name":"wp","href":"https:\/\/api.w.org\/{rel}","templated":true}]}}