{"id":1995,"date":"2025-09-05T23:03:14","date_gmt":"2025-09-05T21:03:14","guid":{"rendered":"https:\/\/motorrad-erinnerungen.de\/2026\/produkt\/motorrad-23-1997-kawasaki-zx-9r-ninja-honda-xr-600-r-yamaha-tt-600-r-yamaha-gts-1000-ab-modell-1993-gebraucht-kaufen\/"},"modified":"2025-12-19T20:06:36","modified_gmt":"2025-12-19T19:06:36","slug":"motorrad-23-1997-kawasaki-zx-9r-ninja-honda-xr-600-r-yamaha-tt-600-r-yamaha-gts-1000-ab-modell-1993-gebraucht-kaufen","status":"publish","type":"product","link":"https:\/\/motorrad-erinnerungen.de\/shop\/produkt\/motorrad-23-1997-kawasaki-zx-9r-ninja-honda-xr-600-r-yamaha-tt-600-r-yamaha-gts-1000-ab-modell-1993-gebraucht-kaufen\/","title":{"rendered":"MOTORRAD 23\/1997 \u2013 Kawasaki ZX-9R Ninja; Vergleich Honda XR 600 R vs. Yamaha TT 600 R"},"content":{"rendered":"<p>Hier k\u00f6nnen Sie die <strong>Motorrad\u2011Zeitschrift &#8222;MOTORRAD 23\/1997&#8220;<\/strong> erwerben:<\/p>\n<h2>\ud83d\udcccInhalt dieser Ausgabe (u.a.):<\/h2>\n<ul>\n<li><strong>Kawasaki ZX-9R Ninja<\/strong> mit 105 kW (143 PS) als Neuheit f\u00fcr 1998 \u2013 Vorstellung in Wort und Bild auf insgesamt 4 Seiten<\/li>\n<li><strong>Honda XR 600 R vs. Yamaha TT 600 R <\/strong>\u2013 Einzylinder-Enduros im Vergleich, Testbericht in Wort und Bild auf insgesamt 6 Seiten<\/li>\n<li><strong>Yamaha GTS 1000, ab Modell 1993, gebraucht kaufen<\/strong> \u2013 Gebrauchtkauf-Tipps in Wort und Bild auf insgesamt 6 Seiten<\/li>\n<\/ul>\n<h2>\ud83c\udf0d Zustand der Zeitschrift<\/h2>\n<p><strong>Gebraucht, weil gelesen, durchgebl\u00e4ttert oder gestapelt \ud83d\ude09<\/strong> dem Alter angemessen gut bis sehr gut erhalten.<br \/>\nAlles original, Klebespuren von abgel\u00f6sten Abo-Versandaufklebern k\u00f6nnen vorhanden sein.<\/p>\n<h2>\ud83d\udce6 Versand &amp; Service<\/h2>\n<ul>\n<li>\u2713 Kostenloser Versand innerhalb Deutschlands<\/li>\n<li>\u2713 Versand auch ins Ausland m\u00f6glich<\/li>\n<li>\u2713 Sicher verpackt \u2013 wir wissen, wie wertvoll diese Sch\u00e4tze sind!<\/li>\n<\/ul>\n","protected":false},"excerpt":{"rendered":"<p>Eine Motorrad\u2011Zeitschrift, in der sich die Erinnerungen an fr\u00fchere Tr\u00e4ume, Lieblingsmaschinen und legend\u00e4re Strecken wiederfinden.<\/p>\n","protected":false},"featured_media":1994,"template":"","meta":{"iawp_total_views":1},"product_brand":[],"product_cat":[23],"product_tag":[1590,1868,1921,2203],"class_list":{"0":"post-1995","1":"product","2":"type-product","3":"status-publish","4":"has-post-thumbnail","6":"product_cat-motorrad","7":"product_tag-honda-xr-600-r","8":"product_tag-yamaha-gts-1000","9":"product_tag-kawasaki-zx-9r-ninja","10":"product_tag-yamaha-tt-600-r","12":"first","13":"instock","14":"shipping-taxable","15":"purchasable","16":"product-type-simple"},"_links":{"self":[{"href":"https:\/\/motorrad-erinnerungen.de\/shop\/wp-json\/wp\/v2\/product\/1995","targetHints":{"allow":["GET"]}}],"collection":[{"href":"https:\/\/motorrad-erinnerungen.de\/shop\/wp-json\/wp\/v2\/product"}],"about":[{"href":"https:\/\/motorrad-erinnerungen.de\/shop\/wp-json\/wp\/v2\/types\/product"}],"wp:featuredmedia":[{"embeddable":true,"href":"https:\/\/motorrad-erinnerungen.de\/shop\/wp-json\/wp\/v2\/media\/1994"}],"wp:attachment":[{"href":"https:\/\/motorrad-erinnerungen.de\/shop\/wp-json\/wp\/v2\/media?parent=1995"}],"wp:term":[{"taxonomy":"product_brand","embeddable":true,"href":"https:\/\/motorrad-erinnerungen.de\/shop\/wp-json\/wp\/v2\/product_brand?post=1995"},{"taxonomy":"product_cat","embeddable":true,"href":"https:\/\/motorrad-erinnerungen.de\/shop\/wp-json\/wp\/v2\/product_cat?post=1995"},{"taxonomy":"product_tag","embeddable":true,"href":"https:\/\/motorrad-erinnerungen.de\/shop\/wp-json\/wp\/v2\/product_tag?post=1995"}],"curies":[{"name":"wp","href":"https:\/\/api.w.org\/{rel}","templated":true}]}}