{"id":2001,"date":"2025-09-05T23:03:16","date_gmt":"2025-09-05T21:03:16","guid":{"rendered":"https:\/\/motorrad-erinnerungen.de\/2026\/produkt\/motorrad-26-1997-boss-hoss-v8-mega-machines-test-yamaha-xj-600-s-diversion\/"},"modified":"2026-03-24T16:47:47","modified_gmt":"2026-03-24T15:47:47","slug":"motorrad-26-1997-boss-hoss-v8-mega-machines-test-yamaha-xj-600-s-diversion","status":"publish","type":"product","link":"https:\/\/motorrad-erinnerungen.de\/shop\/produkt\/motorrad-26-1997-boss-hoss-v8-mega-machines-test-yamaha-xj-600-s-diversion\/","title":{"rendered":"MOTORRAD 26\/1997 \u2013 Boss Hoss V8 vs. Mega Machines; Test Yamaha XJ 600 S Diversion"},"content":{"rendered":"<p>Hier k\u00f6nnen Sie die <strong>Motorrad\u2011Zeitschrift &#8222;MOTORRAD 26\/1997&#8220;<\/strong> erwerben:<\/p>\n<h2>\ud83d\udcccInhalt dieser Ausgabe (u.a.):<\/h2>\n<ul>\n<li><strong>Boss Hoss vs. Mega Machines <\/strong>\u2013 Vergleich, Testbericht in Wort und Bild auf insgesamt 6 Seiten<\/li>\n<li><strong>Yamaha XJ 600 S Diversion<\/strong> mit 37 kW (50 PS) Test &amp; Technik \u2013 Testbericht in Wort und Bild auf insgesamt 2 Seiten<\/li>\n<li><strong>Moto Guzzi California 1000 II, hier von Moto-Spezial getunt als bassa lunga<\/strong> \u2013 Vorstellung in Wort und Bild auf insgesamt 3 Seiten<\/li>\n<li><strong>Mercedes-Benz F 300 Life-Jet<\/strong> mit 75 kW (102 PS) Test &amp; TEchnik \u2013 Fahrbericht in Wort und Bild auf insgesamt 3 Seiten<\/li>\n<li><strong>Gas Gas Pampera 250<\/strong> mit 13 kW (17 PS) Test &amp; Technik \u2013 Testbericht in Wort und Bild auf insgesamt 4 Seiten<\/li>\n<li><strong>Suzuki DR Big 800 S, ab Modell 1991, gebraucht kaufen<\/strong> \u2013 Gebrauchtkauf-Tipps in Wort und Bild auf insgesamt 6 Seiten<\/li>\n<\/ul>\n<h2>\ud83c\udf0d Zustand der Zeitschrift<\/h2>\n<p><strong>Gebraucht, weil gelesen, durchgebl\u00e4ttert oder gestapelt \ud83d\ude09<\/strong> dem Alter angemessen gut bis sehr gut erhalten.<br \/>\nAlles original, Klebespuren von abgel\u00f6sten Abo-Versandaufklebern k\u00f6nnen vorhanden sein.<\/p>\n<h2>\ud83d\udce6 Versand &amp; Service<\/h2>\n<ul>\n<li>\u2713 Kostenloser Versand innerhalb Deutschlands<\/li>\n<li>\u2713 Versand auch ins Ausland m\u00f6glich<\/li>\n<li>\u2713 Sicher verpackt \u2013 wir wissen, wie wertvoll diese Sch\u00e4tze sind!<\/li>\n<\/ul>\n","protected":false},"excerpt":{"rendered":"<p>Eine Motorrad\u2011Zeitschrift, in der sich die Erinnerungen an fr\u00fchere Tr\u00e4ume, Lieblingsmaschinen und legend\u00e4re Strecken wiederfinden.<\/p>\n","protected":false},"featured_media":2000,"template":"","meta":{"iawp_total_views":1},"product_brand":[],"product_cat":[23],"product_tag":[1781,1813,14330,1122],"class_list":{"0":"post-2001","1":"product","2":"type-product","3":"status-publish","4":"has-post-thumbnail","6":"product_cat-motorrad","7":"product_tag-suzuki-dr-big-800-s","8":"product_tag-yamaha-xj-600-s-diversion","9":"product_tag-suzuki-dr-big","10":"product_tag-moto-guzzi-california-1000-ii","12":"first","13":"instock","14":"shipping-taxable","15":"purchasable","16":"product-type-simple"},"_links":{"self":[{"href":"https:\/\/motorrad-erinnerungen.de\/shop\/wp-json\/wp\/v2\/product\/2001","targetHints":{"allow":["GET"]}}],"collection":[{"href":"https:\/\/motorrad-erinnerungen.de\/shop\/wp-json\/wp\/v2\/product"}],"about":[{"href":"https:\/\/motorrad-erinnerungen.de\/shop\/wp-json\/wp\/v2\/types\/product"}],"wp:featuredmedia":[{"embeddable":true,"href":"https:\/\/motorrad-erinnerungen.de\/shop\/wp-json\/wp\/v2\/media\/2000"}],"wp:attachment":[{"href":"https:\/\/motorrad-erinnerungen.de\/shop\/wp-json\/wp\/v2\/media?parent=2001"}],"wp:term":[{"taxonomy":"product_brand","embeddable":true,"href":"https:\/\/motorrad-erinnerungen.de\/shop\/wp-json\/wp\/v2\/product_brand?post=2001"},{"taxonomy":"product_cat","embeddable":true,"href":"https:\/\/motorrad-erinnerungen.de\/shop\/wp-json\/wp\/v2\/product_cat?post=2001"},{"taxonomy":"product_tag","embeddable":true,"href":"https:\/\/motorrad-erinnerungen.de\/shop\/wp-json\/wp\/v2\/product_tag?post=2001"}],"curies":[{"name":"wp","href":"https:\/\/api.w.org\/{rel}","templated":true}]}}