{"id":2009,"date":"2025-09-05T23:03:17","date_gmt":"2025-09-05T21:03:17","guid":{"rendered":"https:\/\/motorrad-erinnerungen.de\/2026\/produkt\/motorrad-4-1998-test-kawasaki-zx-6r-ninja-test-suzuki-vl-1500-lc-intruder-honda-vtr-1000-f-firestorm-zubehoer-suzuki-gsx-r-750\/"},"modified":"2025-12-19T20:12:37","modified_gmt":"2025-12-19T19:12:37","slug":"motorrad-4-1998-test-kawasaki-zx-6r-ninja-test-suzuki-vl-1500-lc-intruder-honda-vtr-1000-f-firestorm-zubehoer-suzuki-gsx-r-750","status":"publish","type":"product","link":"https:\/\/motorrad-erinnerungen.de\/shop\/produkt\/motorrad-4-1998-test-kawasaki-zx-6r-ninja-test-suzuki-vl-1500-lc-intruder-honda-vtr-1000-f-firestorm-zubehoer-suzuki-gsx-r-750\/","title":{"rendered":"MOTORRAD 4\/1998 \u2013 Honda VTR 1000 F Firestorm, Zubeh\u00f6r; Dauertest Suzuki GSX-R 750"},"content":{"rendered":"<p>Hier k\u00f6nnen Sie die <strong>Motorrad\u2011Zeitschrift &#8222;MOTORRAD 4\/1998&#8220;<\/strong> erwerben:<\/p>\n<h2>\ud83d\udcccInhalt dieser Ausgabe (u.a.):<\/h2>\n<ul>\n<li><strong>Kawasaki ZX-6R Ninja<\/strong> mit 72 kW (98 PS) Test &amp; Technik \u2013 Fahrbericht in Wort und Bild auf insgesamt 4 Seiten<\/li>\n<li><strong>Suzuki VL 1500 LC Intruder<\/strong> mit 50 kW (68 PS) Test &amp; Technik \u2013 Testbericht in Wort und Bild auf insgesamt 4 Seiten<\/li>\n<li><strong>Honda VTR 1000 F Firestorm, <\/strong>Zubeh\u00f6r und Tuning-Bikes \u2013 Vorstellung in Wort und Bild auf insgesamt 4 Seiten<\/li>\n<li><strong>Suzuki GSX-R 750<\/strong> mit 99 kW (135 PS) nach dem Langstreckentest \u2013 50.000 Test-km, Abschluss-Bilanz in Wort und Bild auf insgesamt 8 Seiten<\/li>\n<li><strong>Yamaha WR 400 F<\/strong> mit 33 kW (45 PS) Test &amp; Technik \u2013 Fahrbericht in Wort und Bild auf insgesamt 3 Seiten<\/li>\n<li><strong>BMW K 1100 RS, ab Modell 1993, gebraucht kaufen<\/strong> \u2013 Gebrauchtkauf-Beratung in Wort und Bild auf insgesamt 6 Seiten<\/li>\n<\/ul>\n<h2>\ud83c\udf0d Zustand der Zeitschrift<\/h2>\n<p><strong>Gebraucht, weil gelesen, durchgebl\u00e4ttert oder gestapelt \ud83d\ude09<\/strong> dem Alter angemessen gut bis sehr gut erhalten.<br \/>\nAlles original, Klebespuren von abgel\u00f6sten Abo-Versandaufklebern k\u00f6nnen vorhanden sein.<\/p>\n<h2>\ud83d\udce6 Versand &amp; Service<\/h2>\n<ul>\n<li>\u2713 Kostenloser Versand innerhalb Deutschlands<\/li>\n<li>\u2713 Versand auch ins Ausland m\u00f6glich<\/li>\n<li>\u2713 Sicher verpackt \u2013 wir wissen, wie wertvoll diese Sch\u00e4tze sind!<\/li>\n<\/ul>\n","protected":false},"excerpt":{"rendered":"<p>Eine Motorrad\u2011Zeitschrift, in der sich die Erinnerungen an fr\u00fchere Tr\u00e4ume, Lieblingsmaschinen und legend\u00e4re Strecken wiederfinden.<\/p>\n","protected":false},"featured_media":2008,"template":"","meta":{"iawp_total_views":2},"product_brand":[],"product_cat":[23],"product_tag":[1387,1874,2001,2111,2222,2226],"class_list":{"0":"post-2009","1":"product","2":"type-product","3":"status-publish","4":"has-post-thumbnail","6":"product_cat-motorrad","7":"product_tag-suzuki-gsx-r-750","8":"product_tag-bmw-k-1100-rs","9":"product_tag-kawasaki-zx-6r-ninja","10":"product_tag-honda-vtr-1000-f-firestorm","11":"product_tag-suzuki-vl-1500-lc-intruder","12":"product_tag-yamaha-wr-400-f","14":"first","15":"instock","16":"shipping-taxable","17":"purchasable","18":"product-type-simple"},"_links":{"self":[{"href":"https:\/\/motorrad-erinnerungen.de\/shop\/wp-json\/wp\/v2\/product\/2009","targetHints":{"allow":["GET"]}}],"collection":[{"href":"https:\/\/motorrad-erinnerungen.de\/shop\/wp-json\/wp\/v2\/product"}],"about":[{"href":"https:\/\/motorrad-erinnerungen.de\/shop\/wp-json\/wp\/v2\/types\/product"}],"wp:featuredmedia":[{"embeddable":true,"href":"https:\/\/motorrad-erinnerungen.de\/shop\/wp-json\/wp\/v2\/media\/2008"}],"wp:attachment":[{"href":"https:\/\/motorrad-erinnerungen.de\/shop\/wp-json\/wp\/v2\/media?parent=2009"}],"wp:term":[{"taxonomy":"product_brand","embeddable":true,"href":"https:\/\/motorrad-erinnerungen.de\/shop\/wp-json\/wp\/v2\/product_brand?post=2009"},{"taxonomy":"product_cat","embeddable":true,"href":"https:\/\/motorrad-erinnerungen.de\/shop\/wp-json\/wp\/v2\/product_cat?post=2009"},{"taxonomy":"product_tag","embeddable":true,"href":"https:\/\/motorrad-erinnerungen.de\/shop\/wp-json\/wp\/v2\/product_tag?post=2009"}],"curies":[{"name":"wp","href":"https:\/\/api.w.org\/{rel}","templated":true}]}}