{"id":202,"date":"2025-09-02T13:34:24","date_gmt":"2025-09-02T11:34:24","guid":{"rendered":"https:\/\/motorrad-erinnerungen.de\/2026\/produkt\/das-motorrad-9-1960-pfaelzische-zuverlaessigkeitsfahrt-deutsche-gelaendemeisterschaft-1960-bianchi-racing-twin-250-ccm-nsu-fox-98-ccm-bauarbeiten-am-motor\/"},"modified":"2025-12-08T15:49:21","modified_gmt":"2025-12-08T14:49:21","slug":"das-motorrad-9-1960-pfaelzische-zuverlaessigkeitsfahrt-deutsche-gelaendemeisterschaft-1960-bianchi-racing-twin-250-ccm-nsu-fox-98-ccm-bauarbeiten-am-motor","status":"publish","type":"product","link":"https:\/\/motorrad-erinnerungen.de\/shop\/produkt\/das-motorrad-9-1960-pfaelzische-zuverlaessigkeitsfahrt-deutsche-gelaendemeisterschaft-1960-bianchi-racing-twin-250-ccm-nsu-fox-98-ccm-bauarbeiten-am-motor\/","title":{"rendered":"das MOTORRAD 9\/1960 \u2013 Bianchi Racing Twin, 250 ccm; NSU Fox, 98 ccm, Bauarbeiten am Motor"},"content":{"rendered":"<p>zum Kauf angeboten wird die Zeitschrift &#8222;das MOTORRAD 9\/1960&#8220;.<\/p>\n<h2>\ud83d\udcccInhalt dieser Ausgabe (u.a.):<\/h2>\n<ul>\n<li><strong>Pf\u00e4lzische Zuverl\u00e4ssigkeitsfahrt: Deutsche Gel\u00e4ndemeisterschaft 1960<\/strong> \u2013 Reportage in Text und Bild auf 3 Seiten<\/li>\n<li><strong>Bianchi Racing Twin, 250 ccm<\/strong> \u2013 Vorstellung in Text und Bild auf 1 Seite<\/li>\n<li><strong>NSU Fox, 98 ccm, Bauarbeiten am Motor<\/strong> \u2013 technische Information, Teil III, in Wort und Bild auf 2 Seiten<\/li>\n<\/ul>\n<h2>\ud83c\udf0d Zustand der Zeitschrift<\/h2>\n<p><strong>Gebraucht, weil gelesen, durchgebl\u00e4ttert oder gestapelt \ud83d\ude09<\/strong> dem Alter angemessen gut bis sehr gut erhalten. Alles original, Klebespuren von abgel\u00f6sten Abo-Versandaufklebern k\u00f6nnen vorhanden sein.<\/p>\n<h2>\ud83d\udce6 Versand &amp; Service<\/h2>\n<ul>\n<li>\u2713 Kostenloser Versand innerhalb Deutschlands<\/li>\n<li>\u2713 Versand auch ins Ausland m\u00f6glich<\/li>\n<li>\u2713 Sicher verpackt \u2013 wir wissen, wie wertvoll diese Sch\u00e4tze sind!<\/li>\n<\/ul>\n","protected":false},"excerpt":{"rendered":"<p><strong>Pf\u00e4lzische Zuverl\u00e4ssigkeitsfahrt: Deutsche Gel\u00e4ndemeisterschaft 1960<\/strong> \u2013 Reportage in Text und Bild auf 3 Seiten dieser \u00fcber 50 Jahre alten, kompletten Motorrad-Zeitung<\/p>\n","protected":false},"featured_media":201,"template":"","meta":{"iawp_total_views":1},"product_brand":[],"product_cat":[23],"product_tag":[136,208,209],"class_list":{"0":"post-202","1":"product","2":"type-product","3":"status-publish","4":"has-post-thumbnail","6":"product_cat-motorrad","7":"product_tag-nsu-fox","8":"product_tag-pfaelzische-zuverlaessigkeitsfahrt","9":"product_tag-bianchi-racing-twin","11":"first","12":"instock","13":"shipping-taxable","14":"purchasable","15":"product-type-simple"},"_links":{"self":[{"href":"https:\/\/motorrad-erinnerungen.de\/shop\/wp-json\/wp\/v2\/product\/202","targetHints":{"allow":["GET"]}}],"collection":[{"href":"https:\/\/motorrad-erinnerungen.de\/shop\/wp-json\/wp\/v2\/product"}],"about":[{"href":"https:\/\/motorrad-erinnerungen.de\/shop\/wp-json\/wp\/v2\/types\/product"}],"wp:featuredmedia":[{"embeddable":true,"href":"https:\/\/motorrad-erinnerungen.de\/shop\/wp-json\/wp\/v2\/media\/201"}],"wp:attachment":[{"href":"https:\/\/motorrad-erinnerungen.de\/shop\/wp-json\/wp\/v2\/media?parent=202"}],"wp:term":[{"taxonomy":"product_brand","embeddable":true,"href":"https:\/\/motorrad-erinnerungen.de\/shop\/wp-json\/wp\/v2\/product_brand?post=202"},{"taxonomy":"product_cat","embeddable":true,"href":"https:\/\/motorrad-erinnerungen.de\/shop\/wp-json\/wp\/v2\/product_cat?post=202"},{"taxonomy":"product_tag","embeddable":true,"href":"https:\/\/motorrad-erinnerungen.de\/shop\/wp-json\/wp\/v2\/product_tag?post=202"}],"curies":[{"name":"wp","href":"https:\/\/api.w.org\/{rel}","templated":true}]}}