{"id":2029,"date":"2025-09-05T23:03:24","date_gmt":"2025-09-05T21:03:24","guid":{"rendered":"https:\/\/motorrad-erinnerungen.de\/2026\/produkt\/motorrad-14-1998-honda-cbr-1100-xx-kawasaki-zrx-1100-yamaha-yzf-r1-bmw-r-1200-c-hier-als-kalich-gespann\/"},"modified":"2025-12-19T20:26:04","modified_gmt":"2025-12-19T19:26:04","slug":"motorrad-14-1998-honda-cbr-1100-xx-kawasaki-zrx-1100-yamaha-yzf-r1-bmw-r-1200-c-hier-als-kalich-gespann","status":"publish","type":"product","link":"https:\/\/motorrad-erinnerungen.de\/shop\/produkt\/motorrad-14-1998-honda-cbr-1100-xx-kawasaki-zrx-1100-yamaha-yzf-r1-bmw-r-1200-c-hier-als-kalich-gespann\/","title":{"rendered":"MOTORRAD 14\/1998 \u2013 Honda CBR 1100 XX vs. Kawasaki ZRX 1100 vs. Yamaha YZF-R1"},"content":{"rendered":"<p>Hier k\u00f6nnen Sie die <strong>Motorrad\u2011Zeitschrift &#8222;MOTORRAD 14\/1998&#8220;<\/strong> erwerben:<\/p>\n<h2>\ud83d\udcccInhalt dieser Ausgabe (u.a.):<\/h2>\n<ul>\n<li><strong>Honda CBR1100XX, Kawasaki ZRX1100 und Yamaha YZF-R1 <\/strong>\u2013 Big Bikes auf gro\u00dfer Tour, 2700 km, Testbericht in Wort und Bild auf insgesamt 10 Seiten<\/li>\n<li><strong>BMW R 1200 C, hier als Kalich-Gespann<\/strong> mit Swing-Beiboot \u2013 Fahrbericht in Wort und Bild auf insgesamt 3 Seiten<\/li>\n<li><strong>Triumph Legend TT<\/strong> mit 51 kW (69 PS) Test &amp; Technik \u2013 Testbericht in Wort und Bild auf insgesamt 5 Seiten<\/li>\n<li><strong>KTM 640 LC 4 vs. Yamaha TT 600 R <\/strong>\u2013 2 Hard-Enduros im Alpenschotter-Vergleich, Testbericht in Wort und Bild auf insgesamt 8 Seiten<\/li>\n<li><strong>BMW C1<\/strong> mit 11 kW (15 PS) Test &amp; Technik \u2013 Fahrbericht in Wort und Bild auf insgesamt 2 Seiten<\/li>\n<\/ul>\n<h2>\ud83c\udf0d Zustand der Zeitschrift<\/h2>\n<p><strong>Gebraucht, weil gelesen, durchgebl\u00e4ttert oder gestapelt \ud83d\ude09<\/strong> dem Alter angemessen gut bis sehr gut erhalten.<br \/>\nAlles original, Klebespuren von abgel\u00f6sten Abo-Versandaufklebern k\u00f6nnen vorhanden sein.<\/p>\n<h2>\ud83d\udce6 Versand &amp; Service<\/h2>\n<ul>\n<li>\u2713 Kostenloser Versand innerhalb Deutschlands<\/li>\n<li>\u2713 Versand auch ins Ausland m\u00f6glich<\/li>\n<li>\u2713 Sicher verpackt \u2013 wir wissen, wie wertvoll diese Sch\u00e4tze sind!<\/li>\n<\/ul>\n","protected":false},"excerpt":{"rendered":"<p>Eine Motorrad\u2011Zeitschrift, in der sich die Erinnerungen an fr\u00fchere Tr\u00e4ume, Lieblingsmaschinen und legend\u00e4re Strecken wiederfinden.<\/p>\n","protected":false},"featured_media":2028,"template":"","meta":{"iawp_total_views":1},"product_brand":[],"product_cat":[23],"product_tag":[2218,2266,2267,2268,2269,2270,2374,2099,2121,2203],"class_list":{"0":"post-2029","1":"product","2":"type-product","3":"status-publish","4":"has-post-thumbnail","6":"product_cat-motorrad","7":"product_tag-yamaha-yzf-r1","8":"product_tag-ktm-lc4-640-enduro","9":"product_tag-bmw-c1","10":"product_tag-honda-cbr1100xx","11":"product_tag-kawasaki-zrx1100-und-yamaha-yzf-r1","12":"product_tag-ktm-640-lc-4","13":"product_tag-bmw-r-1200-c-als-kalich-gespann","14":"product_tag-honda-cbr-1100-xx","15":"product_tag-kawasaki-zrx-1100","16":"product_tag-yamaha-tt-600-r","18":"first","19":"instock","20":"shipping-taxable","21":"purchasable","22":"product-type-simple"},"_links":{"self":[{"href":"https:\/\/motorrad-erinnerungen.de\/shop\/wp-json\/wp\/v2\/product\/2029","targetHints":{"allow":["GET"]}}],"collection":[{"href":"https:\/\/motorrad-erinnerungen.de\/shop\/wp-json\/wp\/v2\/product"}],"about":[{"href":"https:\/\/motorrad-erinnerungen.de\/shop\/wp-json\/wp\/v2\/types\/product"}],"wp:featuredmedia":[{"embeddable":true,"href":"https:\/\/motorrad-erinnerungen.de\/shop\/wp-json\/wp\/v2\/media\/2028"}],"wp:attachment":[{"href":"https:\/\/motorrad-erinnerungen.de\/shop\/wp-json\/wp\/v2\/media?parent=2029"}],"wp:term":[{"taxonomy":"product_brand","embeddable":true,"href":"https:\/\/motorrad-erinnerungen.de\/shop\/wp-json\/wp\/v2\/product_brand?post=2029"},{"taxonomy":"product_cat","embeddable":true,"href":"https:\/\/motorrad-erinnerungen.de\/shop\/wp-json\/wp\/v2\/product_cat?post=2029"},{"taxonomy":"product_tag","embeddable":true,"href":"https:\/\/motorrad-erinnerungen.de\/shop\/wp-json\/wp\/v2\/product_tag?post=2029"}],"curies":[{"name":"wp","href":"https:\/\/api.w.org\/{rel}","templated":true}]}}