{"id":2033,"date":"2025-09-05T23:03:25","date_gmt":"2025-09-05T21:03:25","guid":{"rendered":"https:\/\/motorrad-erinnerungen.de\/2026\/produkt\/motorrad-16-1998-test-aprilia-rsv-mille-test-suzuki-gsx-1200-inazuma-husqvarna-te-610-e-kawasaki-zx-6r-ninja\/"},"modified":"2025-12-19T20:28:02","modified_gmt":"2025-12-19T19:28:02","slug":"motorrad-16-1998-test-aprilia-rsv-mille-test-suzuki-gsx-1200-inazuma-husqvarna-te-610-e-kawasaki-zx-6r-ninja","status":"publish","type":"product","link":"https:\/\/motorrad-erinnerungen.de\/shop\/produkt\/motorrad-16-1998-test-aprilia-rsv-mille-test-suzuki-gsx-1200-inazuma-husqvarna-te-610-e-kawasaki-zx-6r-ninja\/","title":{"rendered":"MOTORRAD 16\/1998 \u2013 Test Aprilia RSV Mille; Test Suzuki GSX 1200 Inazuma"},"content":{"rendered":"<p>Hier k\u00f6nnen Sie die <strong>Motorrad\u2011Zeitschrift &#8222;MOTORRAD 16\/1998&#8220;<\/strong> erwerben:<\/p>\n<h2>\ud83d\udcccInhalt dieser Ausgabe (u.a.):<\/h2>\n<ul>\n<li><strong>Aprilia RSV Mille<\/strong> mit 94 kW (128 PS) Test &amp; Technik \u2013 Fahrbericht in Wort und Bild auf insgesamt 6 Seiten<\/li>\n<li><strong>Suzuki GSX 1200 Inazuma<\/strong> mit 74 kW (100 PS) Test &amp; Technik \u2013 Testbericht in Wort und Bild auf insgesamt 4 Seiten<\/li>\n<li><strong>Husqvarna TE 610 E vs. Kawasaki ZX-6R vs. Yamaha FZS 600 Fazer <\/strong>\u2013 Handling-Vergleich, Testbericht in Wort und Bild auf insgesamt 10 Seiten<\/li>\n<li><strong>BMW R 1100 S<\/strong> mit 72 kW (98 PS) die Technik \u2013 Vorstellung in Wort und Bild auf insgesamt 4 Seiten<\/li>\n<li><strong>Yamaha YZF 750 R, ab Modell 1993, gebraucht kaufen<\/strong> \u2013 Gebrauchtkauf-Tipps in Wort und Bild auf insgesamt 8 Seiten<\/li>\n<li><strong>BMW R 1100 R, Zubeh\u00f6r<\/strong> im Vergleichstest \u2013 Vergleich von 5 Cockpit-Verkleidungen, Testbericht in Wort und Bild auf insgesamt 4 Seiten<\/li>\n<\/ul>\n<h2>\ud83c\udf0d Zustand der Zeitschrift<\/h2>\n<p><strong>Gebraucht, weil gelesen, durchgebl\u00e4ttert oder gestapelt \ud83d\ude09<\/strong> dem Alter angemessen gut bis sehr gut erhalten. Alles original, Klebespuren von abgel\u00f6sten Abo-Versandaufklebern k\u00f6nnen vorhanden sein.<\/p>\n<h2>\ud83d\udce6 Versand &amp; Service<\/h2>\n<ul>\n<li>\u2713 Kostenloser Versand innerhalb Deutschlands<\/li>\n<li>\u2713 Versand auch ins Ausland m\u00f6glich<\/li>\n<li>\u2713 Sicher verpackt \u2013 wir wissen, wie wertvoll diese Sch\u00e4tze sind!<\/li>\n<\/ul>\n","protected":false},"excerpt":{"rendered":"<p>Eine Motorrad\u2011Zeitschrift, in der sich die Erinnerungen an fr\u00fchere Tr\u00e4ume, Lieblingsmaschinen und legend\u00e4re Strecken wiederfinden.<\/p>\n","protected":false},"featured_media":2032,"template":"","meta":{"iawp_total_views":0},"product_brand":[],"product_cat":[23],"product_tag":[2274,2275,2373,1870,2001,2210,2219,2271],"class_list":{"0":"post-2033","1":"product","2":"type-product","3":"status-publish","4":"has-post-thumbnail","6":"product_cat-motorrad","7":"product_tag-aprilia-rsv-mille","8":"product_tag-suzuki-gsx-1200-inazuma","9":"product_tag-bmw-r-1100-r-zubehoer","10":"product_tag-yamaha-yzf-750-r","11":"product_tag-kawasaki-zx-6r-ninja","12":"product_tag-husqvarna-te-610-e","13":"product_tag-yamaha-fzs-600-fazer","14":"product_tag-bmw-r-1100-s","16":"first","17":"instock","18":"shipping-taxable","19":"purchasable","20":"product-type-simple"},"_links":{"self":[{"href":"https:\/\/motorrad-erinnerungen.de\/shop\/wp-json\/wp\/v2\/product\/2033","targetHints":{"allow":["GET"]}}],"collection":[{"href":"https:\/\/motorrad-erinnerungen.de\/shop\/wp-json\/wp\/v2\/product"}],"about":[{"href":"https:\/\/motorrad-erinnerungen.de\/shop\/wp-json\/wp\/v2\/types\/product"}],"wp:featuredmedia":[{"embeddable":true,"href":"https:\/\/motorrad-erinnerungen.de\/shop\/wp-json\/wp\/v2\/media\/2032"}],"wp:attachment":[{"href":"https:\/\/motorrad-erinnerungen.de\/shop\/wp-json\/wp\/v2\/media?parent=2033"}],"wp:term":[{"taxonomy":"product_brand","embeddable":true,"href":"https:\/\/motorrad-erinnerungen.de\/shop\/wp-json\/wp\/v2\/product_brand?post=2033"},{"taxonomy":"product_cat","embeddable":true,"href":"https:\/\/motorrad-erinnerungen.de\/shop\/wp-json\/wp\/v2\/product_cat?post=2033"},{"taxonomy":"product_tag","embeddable":true,"href":"https:\/\/motorrad-erinnerungen.de\/shop\/wp-json\/wp\/v2\/product_tag?post=2033"}],"curies":[{"name":"wp","href":"https:\/\/api.w.org\/{rel}","templated":true}]}}